{"id":2804,"date":"2016-05-20T15:29:47","date_gmt":"2016-05-20T15:29:47","guid":{"rendered":"https:\/\/www.cargo-montreal.ca\/?page_id=2804"},"modified":"2016-05-20T16:22:51","modified_gmt":"2016-05-20T16:22:51","slug":"2804-2","status":"publish","type":"page","link":"https:\/\/www.cargo-montreal.ca\/en\/2804-2\/","title":{"rendered":"ANNUAL GENERAL MEETING"},"content":{"rendered":"<div style=\"text-align: center;\"><\/div>\r\n<p style=\"text-align: center;\">Chers Membres, Partenaires et Professionnels de CargoM,<\/p>\r\n<p style=\"text-align: center;\">Au nom du conseil d&#8217;administration et de Mme Sylvie Vachon, Pr\u00e9sidente-directrice g\u00e9n\u00e9rale de l&#8217;Administration Portuaire de Montr\u00e9al et pr\u00e9sidente de la Grappe m\u00e9tropolitaine de la logistique et du transport de Montr\u00e9al,<\/p>\r\n<p style=\"text-align: center;\">Nous avons le plaisir de vous inviter \u00e0 notre <strong>Assembl\u00e9e Annuelle des Membres<\/strong> qui se tiendra le :<\/p>\r\n<p style=\"text-align: center;\"><strong>Jeudi 2 juin 2016 \u00e0 15 h 30<\/strong><\/p>\r\n<p style=\"text-align: center;\"><strong>Lieu : Administration Portuaire de Montr\u00e9al<\/strong><\/p>\r\n<p style=\"text-align: center;\"><strong>Salle Dominic Taddeo<\/strong><\/p>\r\n<p style=\"text-align: center;\">2100 avenue Pierre-Dupuy, Aile 1<\/p>\r\n<p style=\"text-align: center;\">Montr\u00e9al, QC H3C 3R5<\/p>\r\n<p style=\"text-align: center;\"><strong>Un cocktail sera servi de 16 h 30 \u00e0 18 h 00<\/strong> pour vous permettre de rencontrer les professionnels de notre communaut\u00e9<\/p>\r\n<p style=\"text-align: center;\">Lors de cette rencontre, nous pr\u00e9senterons un bilan de nos activit\u00e9s de la derni\u00e8re ann\u00e9e, les r\u00e9sultats financiers v\u00e9rifi\u00e9s de 2015,<\/p>\r\n<p style=\"text-align: center;\">ainsi que les r\u00e9sultats de sondage de satisfaction des membres et nos orientations strat\u00e9giques pour la p\u00e9riode de 2017-2019.<\/p>\r\n<p style=\"text-align: center;\">De plus, nous proc\u00e9derons \u00e0 l&#8217;\u00e9lection de nos administrateurs pour 2016-2017.<\/p>\r\n<p style=\"text-align: center;\">Merci de bien vouloir confirmer votre pr\u00e9sence <strong>avant le mardi 24 mai 2016<\/strong>, \u00e0 l&#8217;adresse courriel suivante :<\/p>\r\n<p style=\"text-align: center;\"><strong>kdudognon@cargo-montreal.ca<\/strong><\/p>\r\n\r\n<div style=\"text-align: center;\">\r\n\r\nN&#8217;h\u00e9sitez pas \u00e0 nous contacter pour toute information ou question.\r\n\r\n<\/div>\r\n<div style=\"text-align: center;\">\r\n\r\n<strong>Mathieu Charbonneau, MBA\u00a0<\/strong>\r\nDirecteur g\u00e9n\u00e9ral,\u00a0<strong>CargoM<\/strong>\r\n2100, avenue Pierre-Dupuy, aile 2, bureau 2100\r\nMontr\u00e9al (Qu\u00e9bec) H3C 3R5\r\n<p style=\"text-align: center;\">T\u00a0<a href=\"tel:%28514%29%20508-2609\" target=\"_blank\">(514) 508-2609<\/a>\u00a0poste 222\r\n<a href=\"https:\/\/cargo-montreal.ca\/\" target=\"_blank\">cargo-montreal.ca<\/a><\/p>\r\n\r\n<\/div>","protected":false},"excerpt":{"rendered":"Chers Membres, Partenaires et Professionnels de CargoM, Au nom du conseil d&#8217;administration et de Mme Sylvie Vachon, Pr\u00e9sidente-directrice g\u00e9n\u00e9rale de l&#8217;Administration Portuaire de Montr\u00e9al et pr\u00e9sidente de la Grappe m\u00e9tropolitaine de la logistique et du transport de Montr\u00e9al, Nous avons le plaisir de vous inviter \u00e0 notre Assembl\u00e9e Annuelle des Membres qui se tiendra le [&hellip;]","protected":false},"author":1,"featured_media":0,"parent":0,"menu_order":0,"comment_status":"closed","ping_status":"closed","template":"","meta":{"_acf_changed":false,"footnotes":""},"class_list":["post-2804","page","type-page","status-publish","hentry"],"acf":[],"yoast_head":"<!-- This site is optimized with the Yoast SEO plugin v27.3 - https:\/\/yoast.com\/product\/yoast-seo-wordpress\/ -->\n<title>ANNUAL GENERAL MEETING - CargoM<\/title>\n<meta name=\"robots\" content=\"index, follow, max-snippet:-1, max-image-preview:large, max-video-preview:-1\" \/>\n<link rel=\"canonical\" href=\"https:\/\/www.cargo-montreal.ca\/en\/2804-2\/\" \/>\n<meta property=\"og:locale\" content=\"en_US\" \/>\n<meta property=\"og:type\" content=\"article\" \/>\n<meta property=\"og:title\" content=\"ANNUAL GENERAL MEETING - CargoM\" \/>\n<meta property=\"og:description\" content=\"Chers Membres, Partenaires et Professionnels de CargoM, Au nom du conseil d&#8217;administration et de Mme Sylvie Vachon, Pr\u00e9sidente-directrice g\u00e9n\u00e9rale de l&#8217;Administration Portuaire de Montr\u00e9al et pr\u00e9sidente de la Grappe m\u00e9tropolitaine de la logistique et du transport de Montr\u00e9al, Nous avons le plaisir de vous inviter \u00e0 notre Assembl\u00e9e Annuelle des Membres qui se tiendra le [&hellip;]\" \/>\n<meta property=\"og:url\" content=\"https:\/\/www.cargo-montreal.ca\/en\/2804-2\/\" \/>\n<meta property=\"og:site_name\" content=\"CargoM\" \/>\n<meta property=\"article:modified_time\" content=\"2016-05-20T16:22:51+00:00\" \/>\n<meta name=\"twitter:card\" content=\"summary_large_image\" \/>\n<meta name=\"twitter:label1\" content=\"Est. reading time\" \/>\n\t<meta name=\"twitter:data1\" content=\"1 minute\" \/>\n<script type=\"application\/ld+json\" class=\"yoast-schema-graph\">{\"@context\":\"https:\\\/\\\/schema.org\",\"@graph\":[{\"@type\":\"WebPage\",\"@id\":\"https:\\\/\\\/www.cargo-montreal.ca\\\/en\\\/2804-2\\\/\",\"url\":\"https:\\\/\\\/www.cargo-montreal.ca\\\/en\\\/2804-2\\\/\",\"name\":\"ANNUAL GENERAL MEETING - CargoM\",\"isPartOf\":{\"@id\":\"https:\\\/\\\/www.cargo-montreal.ca\\\/en\\\/#website\"},\"datePublished\":\"2016-05-20T15:29:47+00:00\",\"dateModified\":\"2016-05-20T16:22:51+00:00\",\"breadcrumb\":{\"@id\":\"https:\\\/\\\/www.cargo-montreal.ca\\\/en\\\/2804-2\\\/#breadcrumb\"},\"inLanguage\":\"en-US\",\"potentialAction\":[{\"@type\":\"ReadAction\",\"target\":[\"https:\\\/\\\/www.cargo-montreal.ca\\\/en\\\/2804-2\\\/\"]}]},{\"@type\":\"BreadcrumbList\",\"@id\":\"https:\\\/\\\/www.cargo-montreal.ca\\\/en\\\/2804-2\\\/#breadcrumb\",\"itemListElement\":[{\"@type\":\"ListItem\",\"position\":1,\"name\":\"Home\",\"item\":\"https:\\\/\\\/www.cargo-montreal.ca\\\/en\\\/\"},{\"@type\":\"ListItem\",\"position\":2,\"name\":\"ANNUAL GENERAL MEETING\"}]},{\"@type\":\"WebSite\",\"@id\":\"https:\\\/\\\/www.cargo-montreal.ca\\\/en\\\/#website\",\"url\":\"https:\\\/\\\/www.cargo-montreal.ca\\\/en\\\/\",\"name\":\"CargoM\",\"description\":\"La mission de CargoM: Rassembler les acteurs de la logistique &amp; du transport de marchandises du Grand Montr\u00e9al autour d&#039;objectifs communs, d&#039;actions concert\u00e9es\",\"potentialAction\":[{\"@type\":\"SearchAction\",\"target\":{\"@type\":\"EntryPoint\",\"urlTemplate\":\"https:\\\/\\\/www.cargo-montreal.ca\\\/en\\\/?s={search_term_string}\"},\"query-input\":{\"@type\":\"PropertyValueSpecification\",\"valueRequired\":true,\"valueName\":\"search_term_string\"}}],\"inLanguage\":\"en-US\"}]}<\/script>\n<!-- \/ Yoast SEO plugin. -->","yoast_head_json":{"title":"ANNUAL GENERAL MEETING - CargoM","robots":{"index":"index","follow":"follow","max-snippet":"max-snippet:-1","max-image-preview":"max-image-preview:large","max-video-preview":"max-video-preview:-1"},"canonical":"https:\/\/www.cargo-montreal.ca\/en\/2804-2\/","og_locale":"en_US","og_type":"article","og_title":"ANNUAL GENERAL MEETING - CargoM","og_description":"Chers Membres, Partenaires et Professionnels de CargoM, Au nom du conseil d&#8217;administration et de Mme Sylvie Vachon, Pr\u00e9sidente-directrice g\u00e9n\u00e9rale de l&#8217;Administration Portuaire de Montr\u00e9al et pr\u00e9sidente de la Grappe m\u00e9tropolitaine de la logistique et du transport de Montr\u00e9al, Nous avons le plaisir de vous inviter \u00e0 notre Assembl\u00e9e Annuelle des Membres qui se tiendra le [&hellip;]","og_url":"https:\/\/www.cargo-montreal.ca\/en\/2804-2\/","og_site_name":"CargoM","article_modified_time":"2016-05-20T16:22:51+00:00","twitter_card":"summary_large_image","twitter_misc":{"Est. reading time":"1 minute"},"schema":{"@context":"https:\/\/schema.org","@graph":[{"@type":"WebPage","@id":"https:\/\/www.cargo-montreal.ca\/en\/2804-2\/","url":"https:\/\/www.cargo-montreal.ca\/en\/2804-2\/","name":"ANNUAL GENERAL MEETING - CargoM","isPartOf":{"@id":"https:\/\/www.cargo-montreal.ca\/en\/#website"},"datePublished":"2016-05-20T15:29:47+00:00","dateModified":"2016-05-20T16:22:51+00:00","breadcrumb":{"@id":"https:\/\/www.cargo-montreal.ca\/en\/2804-2\/#breadcrumb"},"inLanguage":"en-US","potentialAction":[{"@type":"ReadAction","target":["https:\/\/www.cargo-montreal.ca\/en\/2804-2\/"]}]},{"@type":"BreadcrumbList","@id":"https:\/\/www.cargo-montreal.ca\/en\/2804-2\/#breadcrumb","itemListElement":[{"@type":"ListItem","position":1,"name":"Home","item":"https:\/\/www.cargo-montreal.ca\/en\/"},{"@type":"ListItem","position":2,"name":"ANNUAL GENERAL MEETING"}]},{"@type":"WebSite","@id":"https:\/\/www.cargo-montreal.ca\/en\/#website","url":"https:\/\/www.cargo-montreal.ca\/en\/","name":"CargoM","description":"La mission de CargoM: Rassembler les acteurs de la logistique &amp; du transport de marchandises du Grand Montr\u00e9al autour d&#039;objectifs communs, d&#039;actions concert\u00e9es","potentialAction":[{"@type":"SearchAction","target":{"@type":"EntryPoint","urlTemplate":"https:\/\/www.cargo-montreal.ca\/en\/?s={search_term_string}"},"query-input":{"@type":"PropertyValueSpecification","valueRequired":true,"valueName":"search_term_string"}}],"inLanguage":"en-US"}]}},"_links":{"self":[{"href":"https:\/\/www.cargo-montreal.ca\/en\/wp-json\/wp\/v2\/pages\/2804","targetHints":{"allow":["GET"]}}],"collection":[{"href":"https:\/\/www.cargo-montreal.ca\/en\/wp-json\/wp\/v2\/pages"}],"about":[{"href":"https:\/\/www.cargo-montreal.ca\/en\/wp-json\/wp\/v2\/types\/page"}],"author":[{"embeddable":true,"href":"https:\/\/www.cargo-montreal.ca\/en\/wp-json\/wp\/v2\/users\/1"}],"replies":[{"embeddable":true,"href":"https:\/\/www.cargo-montreal.ca\/en\/wp-json\/wp\/v2\/comments?post=2804"}],"version-history":[{"count":31,"href":"https:\/\/www.cargo-montreal.ca\/en\/wp-json\/wp\/v2\/pages\/2804\/revisions"}],"predecessor-version":[{"id":2842,"href":"https:\/\/www.cargo-montreal.ca\/en\/wp-json\/wp\/v2\/pages\/2804\/revisions\/2842"}],"wp:attachment":[{"href":"https:\/\/www.cargo-montreal.ca\/en\/wp-json\/wp\/v2\/media?parent=2804"}],"curies":[{"name":"wp","href":"https:\/\/api.w.org\/{rel}","templated":true}]}}