{"id":346,"date":"2014-12-18T17:55:41","date_gmt":"2014-12-18T17:55:41","guid":{"rendered":"http:\/\/cargo.local\/about-us\/board-of-directors\/"},"modified":"2026-04-13T17:30:43","modified_gmt":"2026-04-13T21:30:43","slug":"board-of-directors","status":"publish","type":"page","link":"https:\/\/www.cargo-montreal.ca\/en\/about-us\/board-of-directors\/","title":{"rendered":"BOARD OF DIRECTORS"},"content":{"rendered":"<div class=\"pageTitleContainer\"><span class=\"pageTitle\">Conseil d&#8217;administration<\/span><\/div>\r\n<div class=\"columnLeft\">\r\n<div class=\"columnEl\">\r\n<div class=\"columnElName\">Daniel B\u00e9lisle<\/div>\r\n<div class=\"columnElTitle\" style=\"margin-bottom: 6px;\">Premier vice-pr\u00e9sident<\/div>\r\n<div class=\"columnElCo\">Oceanex<\/div>\r\n<\/div>\r\n<div class=\"columnEl\">\r\n<div class=\"columnElName\">Marc Cadieux<\/div>\r\n<div class=\"columnElTitle\" style=\"margin-bottom: 6px;\">Pr\u00e9sident-Directeur G\u00e9n\u00e9ral<\/div>\r\n<div class=\"columnElCo\">Association du camionnage du Qu\u00e9bec<\/div>\r\n<\/div>\r\n<div class=\"columnEl\">\r\n<div class=\"columnElName\">Roger Carr\u00e9<\/div>\r\n<div class=\"columnElTitle\" style=\"margin-bottom: 6px;\">Directeur g\u00e9n\u00e9ral<\/div>\r\n<div class=\"columnElCo\">Termont Montr\u00e9al inc.<\/div>\r\n<\/div>\r\n<div class=\"columnEl\">\r\n<div class=\"columnElName\">Nathalie Drouin<\/div>\r\n<div class=\"columnElTitle\" style=\"margin-bottom: 6px;\">Vice-doyenne \u00e0 la recherche<\/div>\r\n<div class=\"columnElCo\">ESG, UQAM<\/div>\r\n<\/div>\r\n<div class=\"columnEl\">\r\n<div class=\"columnElName\">Mathieu Faure<\/div>\r\n<div class=\"columnElTitle\" style=\"margin-bottom: 6px;\">AVP Intermodal<\/div>\r\n<div class=\"columnElCo\">Canadien Pacifique<\/div>\r\n<\/div>\r\n<div class=\"columnEl\">\r\n<div class=\"columnElName\">Michael Fratianni<\/div>\r\n<div class=\"columnElTitle\" style=\"margin-bottom: 6px;\">Contr\u00f4leur Financier<\/div>\r\n<div class=\"columnElCo\">Soci\u00e9t\u00e9 Terminaux Montr\u00e9al Gateway<\/div>\r\n<\/div>\r\n<div class=\"columnEl\">\r\n<div class=\"columnElName\">Marc Gagnon<\/div>\r\n<div class=\"columnElTitle\" style=\"margin-bottom: 6px;\">Directeur, Affaires gouvernementales et conformit\u00e9 r\u00e9glementaire<\/div>\r\n<div class=\"columnElCo\">Groupe Fednav<\/div>\r\n<\/div>\r\n<div class=\"columnEl\">\r\n<div class=\"columnElName\">Bernard Gendron<\/div>\r\n<div class=\"columnElTitle\" style=\"margin-bottom: 6px;\">Directeur<\/div>\r\n<div class=\"columnElCo\">CIRRELT, Universit\u00e9 de Montr\u00e9al<\/div>\r\n<\/div>\r\n<div class=\"columnEl\">\r\n<div class=\"columnElName\">Fran\u00e7ois H\u00e9bert<\/div>\r\n<div class=\"columnElTitle\" style=\"margin-bottom: 6px;\">Vice-Pr\u00e9sident, Strat\u00e9gie r\u00e9seau<\/div>\r\n<div class=\"columnElCo\">Canadien National<\/div>\r\n<\/div>\r\n<\/div>\r\n<div class=\"columnRight\">\r\n<div class=\"columnEl\">\r\n<div class=\"columnElName\">Madeleine Paquin<\/div>\r\n<div class=\"columnElTitle\" style=\"margin-bottom: 6px;\">Pr\u00e9sidente et Chef de la Direction<\/div>\r\n<div class=\"columnElCo\">Logistec Corporation<\/div>\r\n<\/div>\r\n<div class=\"columnEl\">\r\n<div class=\"columnElName\">Charles Raymond<\/div>\r\n<div class=\"columnElTitle\" style=\"margin-bottom: 6px;\">Directeur G\u00e9n\u00e9ral<\/div>\r\n<div class=\"columnElCo\">Ray-Mont Logistics<\/div>\r\n<\/div>\r\n<div class=\"columnEl\">\r\n<div class=\"columnElName\">Laurent Tourigny<\/div>\r\n<div class=\"columnElTitle\" style=\"margin-bottom: 6px;\">Pr\u00e9sident<\/div>\r\n<div class=\"columnElCo\">Services de Transport Trac-World inc.<\/div>\r\n<\/div>\r\n<div class=\"columnEl\">\r\n<div class=\"columnElName\">Nicole Tr\u00e9panier<\/div>\r\n<div class=\"columnElTitle\" style=\"margin-bottom: 6px;\">Pr\u00e9sidente et Chef de la Direction<\/div>\r\n<div class=\"columnElCo\">SODES<\/div>\r\n<\/div>\r\n<div class=\"columnEl\">\r\n<div class=\"columnElName\">Sylvie Vachon<\/div>\r\n<div class=\"columnElTitle\" style=\"margin-bottom: 6px;\">Pr\u00e9sidente-directrice g\u00e9n\u00e9rale<\/div>\r\n<div class=\"columnElCo\">Administration portuaire de Montr\u00e9al<\/div>\r\n<\/div>\r\n<div class=\"columnEl\">\r\n<div class=\"columnElName\">Val\u00e9rie Wells<\/div>\r\n<div class=\"columnElTitle\" style=\"margin-bottom: 6px;\">Directrice affaires juridiques<\/div>\r\n<div class=\"columnElCo\">Administration portuaire de Montr\u00e9al<\/div>\r\n<\/div>\r\n<div class=\"columnEl\">\r\n<div class=\"columnElName\">JEAN-ROBERT LESSARD<\/div>\r\n<div class=\"columnElTitle\" style=\"margin-bottom: 6px;\">Vice-pr\u00e9sident, affaires de l&#8217;entreprise<\/div>\r\n<div class=\"columnElCo\">Robert Transport<\/div>\r\n<\/div>\r\n<div class=\"columnEl\">\r\n<div class=\"columnElName\">LUCE BUREAU<\/div>\r\n<div class=\"columnElTitle\" style=\"margin-bottom: 6px;\">Directrice, d\u00e9veloppement a\u00e9rien<\/div>\r\n<div class=\"columnElCo\">A\u00e9roports de Montr\u00e9al<\/div>\r\n<\/div>\r\n<\/div>\r\n<div style=\"clear: both;\">\u00a0<\/div>\r\n<div class=\"pageTitleContainer\"><span class=\"pageTitle\" style=\"font-size: 30px;\">Observateurs<\/span><\/div>\r\n<div class=\"columnLeft smaller\">\r\n<div class=\"columnEl\">\r\n<div class=\"columnElName\">Daniel Mathieu<\/div>\r\n<div class=\"columnElTitle\" style=\"margin-bottom: 6px;\">Conseiller en Recherche, D\u00e9veloppement \u00c9conomique M\u00e9tropolitain<\/div>\r\n<div class=\"columnElCo\">CMM<\/div>\r\n<\/div>\r\n<div class=\"columnEl\">\r\n<div class=\"columnElName\">Rose-Marie Tasseroul<\/div>\r\n<div class=\"columnElTitle\" style=\"margin-bottom: 6px;\">Charg\u00e9e de Mission<\/div>\r\n<div class=\"columnElCo\">Secr\u00e9tariat \u00e0 la r\u00e9gion m\u00e9tropolitaine<\/div>\r\n<\/div>\r\n<\/div>\r\n<div class=\"columnRight smaller\">\r\n<div class=\"columnEl\">\r\n<div class=\"columnElName\">Bernard Lauzon<\/div>\r\n<div class=\"columnElTitle\" style=\"margin-bottom: 6px;\">Directeur g\u00e9n\u00e9ral du d\u00e9veloppement des industries au minist\u00e8re de l\u2019\u00c9conomie, de l\u2019Innovation et des Exportations.<\/div>\r\n<div class=\"columnElCo\">Minist\u00e8re des Finances et de l&#8217;\u00c9conomie<\/div>\r\n<\/div>\r\n<\/div>\r\n<div style=\"clear: both;\">\u00a0<\/div>","protected":false},"excerpt":{"rendered":"Conseil d&#8217;administration Daniel B\u00e9lisle Premier vice-pr\u00e9sident Oceanex Marc Cadieux Pr\u00e9sident-Directeur G\u00e9n\u00e9ral Association du camionnage du Qu\u00e9bec Roger Carr\u00e9 Directeur g\u00e9n\u00e9ral Termont Montr\u00e9al inc. Nathalie Drouin Vice-doyenne \u00e0 la recherche ESG, UQAM Mathieu Faure AVP Intermodal Canadien Pacifique Michael Fratianni Contr\u00f4leur Financier Soci\u00e9t\u00e9 Terminaux Montr\u00e9al Gateway Marc Gagnon Directeur, Affaires gouvernementales et conformit\u00e9 r\u00e9glementaire Groupe Fednav [&hellip;]","protected":false},"author":1,"featured_media":0,"parent":2592,"menu_order":3,"comment_status":"open","ping_status":"open","template":"page-templates\/BoardOfDirectors.php","meta":{"_acf_changed":false,"footnotes":""},"class_list":["post-346","page","type-page","status-publish","hentry"],"acf":[],"yoast_head":"<!-- This site is optimized with the Yoast SEO plugin v27.3 - https:\/\/yoast.com\/product\/yoast-seo-wordpress\/ -->\n<title>BOARD OF DIRECTORS - CargoM<\/title>\n<meta name=\"robots\" content=\"index, follow, max-snippet:-1, max-image-preview:large, max-video-preview:-1\" \/>\n<link rel=\"canonical\" href=\"https:\/\/www.cargo-montreal.ca\/en\/about-us\/board-of-directors\/\" \/>\n<meta property=\"og:locale\" content=\"en_US\" \/>\n<meta property=\"og:type\" content=\"article\" \/>\n<meta property=\"og:title\" content=\"BOARD OF DIRECTORS - CargoM\" \/>\n<meta property=\"og:description\" content=\"Conseil d&#8217;administration Daniel B\u00e9lisle Premier vice-pr\u00e9sident Oceanex Marc Cadieux Pr\u00e9sident-Directeur G\u00e9n\u00e9ral Association du camionnage du Qu\u00e9bec Roger Carr\u00e9 Directeur g\u00e9n\u00e9ral Termont Montr\u00e9al inc. Nathalie Drouin Vice-doyenne \u00e0 la recherche ESG, UQAM Mathieu Faure AVP Intermodal Canadien Pacifique Michael Fratianni Contr\u00f4leur Financier Soci\u00e9t\u00e9 Terminaux Montr\u00e9al Gateway Marc Gagnon Directeur, Affaires gouvernementales et conformit\u00e9 r\u00e9glementaire Groupe Fednav [&hellip;]\" \/>\n<meta property=\"og:url\" content=\"https:\/\/www.cargo-montreal.ca\/en\/about-us\/board-of-directors\/\" \/>\n<meta property=\"og:site_name\" content=\"CargoM\" \/>\n<meta property=\"article:modified_time\" content=\"2026-04-13T21:30:43+00:00\" \/>\n<meta name=\"twitter:card\" content=\"summary_large_image\" \/>\n<meta name=\"twitter:label1\" content=\"Est. reading time\" \/>\n\t<meta name=\"twitter:data1\" content=\"1 minute\" \/>\n<script type=\"application\/ld+json\" class=\"yoast-schema-graph\">{\"@context\":\"https:\\\/\\\/schema.org\",\"@graph\":[{\"@type\":\"WebPage\",\"@id\":\"https:\\\/\\\/www.cargo-montreal.ca\\\/en\\\/about-us\\\/board-of-directors\\\/\",\"url\":\"https:\\\/\\\/www.cargo-montreal.ca\\\/en\\\/about-us\\\/board-of-directors\\\/\",\"name\":\"BOARD OF DIRECTORS - CargoM\",\"isPartOf\":{\"@id\":\"https:\\\/\\\/www.cargo-montreal.ca\\\/en\\\/#website\"},\"datePublished\":\"2014-12-18T17:55:41+00:00\",\"dateModified\":\"2026-04-13T21:30:43+00:00\",\"breadcrumb\":{\"@id\":\"https:\\\/\\\/www.cargo-montreal.ca\\\/en\\\/about-us\\\/board-of-directors\\\/#breadcrumb\"},\"inLanguage\":\"en-US\",\"potentialAction\":[{\"@type\":\"ReadAction\",\"target\":[\"https:\\\/\\\/www.cargo-montreal.ca\\\/en\\\/about-us\\\/board-of-directors\\\/\"]}]},{\"@type\":\"BreadcrumbList\",\"@id\":\"https:\\\/\\\/www.cargo-montreal.ca\\\/en\\\/about-us\\\/board-of-directors\\\/#breadcrumb\",\"itemListElement\":[{\"@type\":\"ListItem\",\"position\":1,\"name\":\"Home\",\"item\":\"https:\\\/\\\/www.cargo-montreal.ca\\\/en\\\/\"},{\"@type\":\"ListItem\",\"position\":2,\"name\":\"About us\",\"item\":\"https:\\\/\\\/www.cargo-montreal.ca\\\/en\\\/about-us\\\/\"},{\"@type\":\"ListItem\",\"position\":3,\"name\":\"BOARD OF DIRECTORS\"}]},{\"@type\":\"WebSite\",\"@id\":\"https:\\\/\\\/www.cargo-montreal.ca\\\/en\\\/#website\",\"url\":\"https:\\\/\\\/www.cargo-montreal.ca\\\/en\\\/\",\"name\":\"CargoM\",\"description\":\"La mission de CargoM: Rassembler les acteurs de la logistique &amp; du transport de marchandises du Grand Montr\u00e9al autour d&#039;objectifs communs, d&#039;actions concert\u00e9es\",\"potentialAction\":[{\"@type\":\"SearchAction\",\"target\":{\"@type\":\"EntryPoint\",\"urlTemplate\":\"https:\\\/\\\/www.cargo-montreal.ca\\\/en\\\/?s={search_term_string}\"},\"query-input\":{\"@type\":\"PropertyValueSpecification\",\"valueRequired\":true,\"valueName\":\"search_term_string\"}}],\"inLanguage\":\"en-US\"}]}<\/script>\n<!-- \/ Yoast SEO plugin. -->","yoast_head_json":{"title":"BOARD OF DIRECTORS - CargoM","robots":{"index":"index","follow":"follow","max-snippet":"max-snippet:-1","max-image-preview":"max-image-preview:large","max-video-preview":"max-video-preview:-1"},"canonical":"https:\/\/www.cargo-montreal.ca\/en\/about-us\/board-of-directors\/","og_locale":"en_US","og_type":"article","og_title":"BOARD OF DIRECTORS - CargoM","og_description":"Conseil d&#8217;administration Daniel B\u00e9lisle Premier vice-pr\u00e9sident Oceanex Marc Cadieux Pr\u00e9sident-Directeur G\u00e9n\u00e9ral Association du camionnage du Qu\u00e9bec Roger Carr\u00e9 Directeur g\u00e9n\u00e9ral Termont Montr\u00e9al inc. Nathalie Drouin Vice-doyenne \u00e0 la recherche ESG, UQAM Mathieu Faure AVP Intermodal Canadien Pacifique Michael Fratianni Contr\u00f4leur Financier Soci\u00e9t\u00e9 Terminaux Montr\u00e9al Gateway Marc Gagnon Directeur, Affaires gouvernementales et conformit\u00e9 r\u00e9glementaire Groupe Fednav [&hellip;]","og_url":"https:\/\/www.cargo-montreal.ca\/en\/about-us\/board-of-directors\/","og_site_name":"CargoM","article_modified_time":"2026-04-13T21:30:43+00:00","twitter_card":"summary_large_image","twitter_misc":{"Est. reading time":"1 minute"},"schema":{"@context":"https:\/\/schema.org","@graph":[{"@type":"WebPage","@id":"https:\/\/www.cargo-montreal.ca\/en\/about-us\/board-of-directors\/","url":"https:\/\/www.cargo-montreal.ca\/en\/about-us\/board-of-directors\/","name":"BOARD OF DIRECTORS - CargoM","isPartOf":{"@id":"https:\/\/www.cargo-montreal.ca\/en\/#website"},"datePublished":"2014-12-18T17:55:41+00:00","dateModified":"2026-04-13T21:30:43+00:00","breadcrumb":{"@id":"https:\/\/www.cargo-montreal.ca\/en\/about-us\/board-of-directors\/#breadcrumb"},"inLanguage":"en-US","potentialAction":[{"@type":"ReadAction","target":["https:\/\/www.cargo-montreal.ca\/en\/about-us\/board-of-directors\/"]}]},{"@type":"BreadcrumbList","@id":"https:\/\/www.cargo-montreal.ca\/en\/about-us\/board-of-directors\/#breadcrumb","itemListElement":[{"@type":"ListItem","position":1,"name":"Home","item":"https:\/\/www.cargo-montreal.ca\/en\/"},{"@type":"ListItem","position":2,"name":"About us","item":"https:\/\/www.cargo-montreal.ca\/en\/about-us\/"},{"@type":"ListItem","position":3,"name":"BOARD OF DIRECTORS"}]},{"@type":"WebSite","@id":"https:\/\/www.cargo-montreal.ca\/en\/#website","url":"https:\/\/www.cargo-montreal.ca\/en\/","name":"CargoM","description":"La mission de CargoM: Rassembler les acteurs de la logistique &amp; du transport de marchandises du Grand Montr\u00e9al autour d&#039;objectifs communs, d&#039;actions concert\u00e9es","potentialAction":[{"@type":"SearchAction","target":{"@type":"EntryPoint","urlTemplate":"https:\/\/www.cargo-montreal.ca\/en\/?s={search_term_string}"},"query-input":{"@type":"PropertyValueSpecification","valueRequired":true,"valueName":"search_term_string"}}],"inLanguage":"en-US"}]}},"_links":{"self":[{"href":"https:\/\/www.cargo-montreal.ca\/en\/wp-json\/wp\/v2\/pages\/346","targetHints":{"allow":["GET"]}}],"collection":[{"href":"https:\/\/www.cargo-montreal.ca\/en\/wp-json\/wp\/v2\/pages"}],"about":[{"href":"https:\/\/www.cargo-montreal.ca\/en\/wp-json\/wp\/v2\/types\/page"}],"author":[{"embeddable":true,"href":"https:\/\/www.cargo-montreal.ca\/en\/wp-json\/wp\/v2\/users\/1"}],"replies":[{"embeddable":true,"href":"https:\/\/www.cargo-montreal.ca\/en\/wp-json\/wp\/v2\/comments?post=346"}],"version-history":[{"count":199,"href":"https:\/\/www.cargo-montreal.ca\/en\/wp-json\/wp\/v2\/pages\/346\/revisions"}],"predecessor-version":[{"id":20378,"href":"https:\/\/www.cargo-montreal.ca\/en\/wp-json\/wp\/v2\/pages\/346\/revisions\/20378"}],"up":[{"embeddable":true,"href":"https:\/\/www.cargo-montreal.ca\/en\/wp-json\/wp\/v2\/pages\/2592"}],"wp:attachment":[{"href":"https:\/\/www.cargo-montreal.ca\/en\/wp-json\/wp\/v2\/media?parent=346"}],"curies":[{"name":"wp","href":"https:\/\/api.w.org\/{rel}","templated":true}]}}