{"id":13591,"date":"2022-08-31T08:51:39","date_gmt":"2022-08-31T08:51:39","guid":{"rendered":"https:\/\/www.cargo-montreal.ca\/?page_id=13591"},"modified":"2024-11-20T15:36:06","modified_gmt":"2024-11-20T15:36:06","slug":"formulaire-espace-entreposage","status":"publish","type":"page","link":"https:\/\/www.cargo-montreal.ca\/fr\/formulaire-espace-entreposage\/","title":{"rendered":"Formulaire Espace d&rsquo;Entreposage"},"content":{"rendered":"<h2>Mise en contexte<\/h2>\r\n<p style=\"text-align: justify;\">Au d\u00e9but de la pand\u00e9mie de la COVID-19, ainsi qu\u2019aux moments forts de la crise sanitaire, les besoins en entreposage \u00e9taient consid\u00e9rables. La fermeture des commerces et des entreprises a engendr\u00e9 des probl\u00e9matiques d\u2019entreposage de marchandises. Afin d\u2019aider nos membres ainsi que notre secteur, CargoM a alors mis sur pied un registre d\u2019espaces libres d\u2019entreposage int\u00e9rieur et ext\u00e9rieur.<\/p>\r\n<p style=\"text-align: justify;\">Tout d\u2019abord d\u00e9velopp\u00e9 pour le Grand Montr\u00e9al, le registre recense aussi des espaces ailleurs au Qu\u00e9bec et dans le reste du Canada.\u00a0 Nous sommes confiants que cet outil aura des r\u00e9percussions positives sur notre cha\u00eene logistique et contribuera \u00e0 rendre notre cha\u00eene logistique plus performante.<\/p>\r\n<h2>Espace d\u2019entreposage<\/h2>\r\n<p align=\"justify\">Si vous \u00eates \u00e0 la recherche d\u2019espaces d\u2019entreposage (int\u00e9rieur ou ext\u00e9rieur) ou si vous avez de l\u2019espace exc\u00e9dentaire (int\u00e9rieur ou ext\u00e9rieur), veuillez remplir le formulaire ci-dessous:<\/p>\r\n<h2>Avis de confidentialit\u00e9 et de non-responsabilit\u00e9<\/h2>\r\n<p><small><em>CargoM se d\u00e9charge de toute responsabilit\u00e9 relativement \u00e0 l&rsquo;exactitude de l&rsquo;information affich\u00e9e sur l&rsquo;outil d&rsquo;espace d&rsquo;entreposage (l&rsquo;Outil) et notamment la disponibilit\u00e9 des espaces d&rsquo;entreposage affich\u00e9s sur l&rsquo;Outil. L&rsquo;information affich\u00e9e sur l&rsquo;Outil vous est rendue disponible par CargoM \u00e0 titre informatif uniquement.<\/em><\/small><\/p>\r\n<p><small><em> En remplissant le formulaire ci-dessous, vous autorisez CargoM \u00e0 publier l\u2019int\u00e9gralit\u00e9 des informations, fournies dans le formulaire, sur l\u2019interface Web des tableaux de bord de l\u2019Outil. Les r\u00e8gles pr\u00e9sent\u00e9es dans le formulaire peuvent \u00eatre adapt\u00e9es \u00e0 tout moment \u00e0 de nouvelles exigences, notamment l\u00e9gales. Les formulaires et les tableaux de bord de l\u2019Outil peuvent contenir des marques ou des logos prot\u00e9g\u00e9s qui ne peuvent \u00eatre reproduits par des tiers sans l&rsquo;autorisation du d\u00e9tenteur de ces droits.<\/em><\/small><\/p>\r\n<p><small><em> Vous aurez droit, en tout temps, de demander \u00e0 ce que ces renseignements soient retir\u00e9s des banques de donn\u00e9es de CargoM en envoyant un avis \u00e0 cet effet par courriel \u00e0 l\u2019adresse suivante :\u00a0info@cargo-montreal.ca. <\/em><\/small><\/p>\r\n<p><small><em>Pour plus d&rsquo;information, veuillez vous r\u00e9f\u00e9rer aux conditions d&rsquo;utilisation dont le lien est disponible <a href=\"https:\/\/www.cargo-montreal.ca\/fr\/conditions-dutilisation-outil-espace-dentreposage\/\">ici<\/a>.<\/em><\/small><\/p>\r\n<hr \/>\r\n<p>&nbsp;<\/p>\r\n<a name=\"form4427954306shortCode\" id=\"formAnchor4427954306shortCode\"><\/a>\n<script src=\"https:\/\/fs12.formsite.com\/include\/form\/embedManager.js?4427954306shortCode\"><\/script>\n<script>\nEmbedManager.embed({\nkey: \"https:\/\/fs12.formsite.com\/res\/showFormEmbed?EParam=B6fiTn-RcO7UCGxgmiqWMt-QzMm5HwRu&4427954306shortCode\",\nwidth: \"100%\"\n});\n<\/script>\n\r\n<p><strong>\u00c0 propos de CargoM<\/strong><\/p>\r\n<p align=\"justify\">La mission de CargoM est de rassembler tous les acteurs de la logistique et du transport de marchandises du Grand Montr\u00e9al, dont les activit\u00e9s favorisent la plaque tournante de Montr\u00e9al, autour d&rsquo;objectifs communs et d&rsquo;actions concert\u00e9es, en vue d&rsquo;accro\u00eetre sa coh\u00e9sion, sa comp\u00e9titivit\u00e9, sa croissance et son rayonnement.<\/p>\r\n<p>Merci de votre pr\u00e9cieuse collaboration.<br \/>\r\nL\u2019\u00e9quipe de CargoM.<\/p>","protected":false},"excerpt":{"rendered":"Mise en contexte Au d\u00e9but de la pand\u00e9mie de la COVID-19, ainsi qu\u2019aux moments forts de la crise sanitaire, les besoins en entreposage \u00e9taient consid\u00e9rables. La fermeture des commerces et des entreprises a engendr\u00e9 des probl\u00e9matiques d\u2019entreposage de marchandises. Afin d\u2019aider nos membres ainsi que notre secteur, CargoM a alors mis sur pied un registre [&hellip;]","protected":false},"author":284,"featured_media":0,"parent":0,"menu_order":64,"comment_status":"closed","ping_status":"closed","template":"page-templates\/AboutUs.php","meta":{"_acf_changed":false,"footnotes":""},"class_list":["post-13591","page","type-page","status-publish","hentry"],"acf":[],"yoast_head":"<!-- This site is optimized with the Yoast SEO plugin v27.3 - https:\/\/yoast.com\/product\/yoast-seo-wordpress\/ -->\n<title>Formulaire Espace d&#039;Entreposage - CargoM<\/title>\n<meta name=\"robots\" content=\"index, follow, max-snippet:-1, max-image-preview:large, max-video-preview:-1\" \/>\n<link rel=\"canonical\" href=\"https:\/\/www.cargo-montreal.ca\/fr\/formulaire-espace-entreposage\/\" \/>\n<meta property=\"og:locale\" content=\"fr_FR\" \/>\n<meta property=\"og:type\" content=\"article\" \/>\n<meta property=\"og:title\" content=\"Formulaire Espace d&#039;Entreposage - CargoM\" \/>\n<meta property=\"og:description\" content=\"Mise en contexte Au d\u00e9but de la pand\u00e9mie de la COVID-19, ainsi qu\u2019aux moments forts de la crise sanitaire, les besoins en entreposage \u00e9taient consid\u00e9rables. La fermeture des commerces et des entreprises a engendr\u00e9 des probl\u00e9matiques d\u2019entreposage de marchandises. Afin d\u2019aider nos membres ainsi que notre secteur, CargoM a alors mis sur pied un registre [&hellip;]\" \/>\n<meta property=\"og:url\" content=\"https:\/\/www.cargo-montreal.ca\/fr\/formulaire-espace-entreposage\/\" \/>\n<meta property=\"og:site_name\" content=\"CargoM\" \/>\n<meta property=\"article:modified_time\" content=\"2024-11-20T15:36:06+00:00\" \/>\n<meta name=\"twitter:card\" content=\"summary_large_image\" \/>\n<meta name=\"twitter:label1\" content=\"Dur\u00e9e de lecture estim\u00e9e\" \/>\n\t<meta name=\"twitter:data1\" content=\"2 minutes\" \/>\n<script type=\"application\/ld+json\" class=\"yoast-schema-graph\">{\"@context\":\"https:\\\/\\\/schema.org\",\"@graph\":[{\"@type\":\"WebPage\",\"@id\":\"https:\\\/\\\/www.cargo-montreal.ca\\\/fr\\\/formulaire-espace-entreposage\\\/\",\"url\":\"https:\\\/\\\/www.cargo-montreal.ca\\\/fr\\\/formulaire-espace-entreposage\\\/\",\"name\":\"Formulaire Espace d'Entreposage - CargoM\",\"isPartOf\":{\"@id\":\"https:\\\/\\\/www.cargo-montreal.ca\\\/fr\\\/#website\"},\"datePublished\":\"2022-08-31T08:51:39+00:00\",\"dateModified\":\"2024-11-20T15:36:06+00:00\",\"breadcrumb\":{\"@id\":\"https:\\\/\\\/www.cargo-montreal.ca\\\/fr\\\/formulaire-espace-entreposage\\\/#breadcrumb\"},\"inLanguage\":\"fr-FR\",\"potentialAction\":[{\"@type\":\"ReadAction\",\"target\":[\"https:\\\/\\\/www.cargo-montreal.ca\\\/fr\\\/formulaire-espace-entreposage\\\/\"]}]},{\"@type\":\"BreadcrumbList\",\"@id\":\"https:\\\/\\\/www.cargo-montreal.ca\\\/fr\\\/formulaire-espace-entreposage\\\/#breadcrumb\",\"itemListElement\":[{\"@type\":\"ListItem\",\"position\":1,\"name\":\"Home\",\"item\":\"https:\\\/\\\/www.cargo-montreal.ca\\\/fr\\\/\"},{\"@type\":\"ListItem\",\"position\":2,\"name\":\"Formulaire Espace d&#8217;Entreposage\"}]},{\"@type\":\"WebSite\",\"@id\":\"https:\\\/\\\/www.cargo-montreal.ca\\\/fr\\\/#website\",\"url\":\"https:\\\/\\\/www.cargo-montreal.ca\\\/fr\\\/\",\"name\":\"CargoM\",\"description\":\"La mission de CargoM: Rassembler les acteurs de la logistique &amp; du transport de marchandises du Grand Montr\u00e9al autour d&#039;objectifs communs, d&#039;actions concert\u00e9es\",\"potentialAction\":[{\"@type\":\"SearchAction\",\"target\":{\"@type\":\"EntryPoint\",\"urlTemplate\":\"https:\\\/\\\/www.cargo-montreal.ca\\\/fr\\\/?s={search_term_string}\"},\"query-input\":{\"@type\":\"PropertyValueSpecification\",\"valueRequired\":true,\"valueName\":\"search_term_string\"}}],\"inLanguage\":\"fr-FR\"}]}<\/script>\n<!-- \/ Yoast SEO plugin. -->","yoast_head_json":{"title":"Formulaire Espace d'Entreposage - CargoM","robots":{"index":"index","follow":"follow","max-snippet":"max-snippet:-1","max-image-preview":"max-image-preview:large","max-video-preview":"max-video-preview:-1"},"canonical":"https:\/\/www.cargo-montreal.ca\/fr\/formulaire-espace-entreposage\/","og_locale":"fr_FR","og_type":"article","og_title":"Formulaire Espace d'Entreposage - CargoM","og_description":"Mise en contexte Au d\u00e9but de la pand\u00e9mie de la COVID-19, ainsi qu\u2019aux moments forts de la crise sanitaire, les besoins en entreposage \u00e9taient consid\u00e9rables. La fermeture des commerces et des entreprises a engendr\u00e9 des probl\u00e9matiques d\u2019entreposage de marchandises. Afin d\u2019aider nos membres ainsi que notre secteur, CargoM a alors mis sur pied un registre [&hellip;]","og_url":"https:\/\/www.cargo-montreal.ca\/fr\/formulaire-espace-entreposage\/","og_site_name":"CargoM","article_modified_time":"2024-11-20T15:36:06+00:00","twitter_card":"summary_large_image","twitter_misc":{"Dur\u00e9e de lecture estim\u00e9e":"2 minutes"},"schema":{"@context":"https:\/\/schema.org","@graph":[{"@type":"WebPage","@id":"https:\/\/www.cargo-montreal.ca\/fr\/formulaire-espace-entreposage\/","url":"https:\/\/www.cargo-montreal.ca\/fr\/formulaire-espace-entreposage\/","name":"Formulaire Espace d'Entreposage - CargoM","isPartOf":{"@id":"https:\/\/www.cargo-montreal.ca\/fr\/#website"},"datePublished":"2022-08-31T08:51:39+00:00","dateModified":"2024-11-20T15:36:06+00:00","breadcrumb":{"@id":"https:\/\/www.cargo-montreal.ca\/fr\/formulaire-espace-entreposage\/#breadcrumb"},"inLanguage":"fr-FR","potentialAction":[{"@type":"ReadAction","target":["https:\/\/www.cargo-montreal.ca\/fr\/formulaire-espace-entreposage\/"]}]},{"@type":"BreadcrumbList","@id":"https:\/\/www.cargo-montreal.ca\/fr\/formulaire-espace-entreposage\/#breadcrumb","itemListElement":[{"@type":"ListItem","position":1,"name":"Home","item":"https:\/\/www.cargo-montreal.ca\/fr\/"},{"@type":"ListItem","position":2,"name":"Formulaire Espace d&#8217;Entreposage"}]},{"@type":"WebSite","@id":"https:\/\/www.cargo-montreal.ca\/fr\/#website","url":"https:\/\/www.cargo-montreal.ca\/fr\/","name":"CargoM","description":"La mission de CargoM: Rassembler les acteurs de la logistique &amp; du transport de marchandises du Grand Montr\u00e9al autour d&#039;objectifs communs, d&#039;actions concert\u00e9es","potentialAction":[{"@type":"SearchAction","target":{"@type":"EntryPoint","urlTemplate":"https:\/\/www.cargo-montreal.ca\/fr\/?s={search_term_string}"},"query-input":{"@type":"PropertyValueSpecification","valueRequired":true,"valueName":"search_term_string"}}],"inLanguage":"fr-FR"}]}},"_links":{"self":[{"href":"https:\/\/www.cargo-montreal.ca\/fr\/wp-json\/wp\/v2\/pages\/13591","targetHints":{"allow":["GET"]}}],"collection":[{"href":"https:\/\/www.cargo-montreal.ca\/fr\/wp-json\/wp\/v2\/pages"}],"about":[{"href":"https:\/\/www.cargo-montreal.ca\/fr\/wp-json\/wp\/v2\/types\/page"}],"author":[{"embeddable":true,"href":"https:\/\/www.cargo-montreal.ca\/fr\/wp-json\/wp\/v2\/users\/284"}],"replies":[{"embeddable":true,"href":"https:\/\/www.cargo-montreal.ca\/fr\/wp-json\/wp\/v2\/comments?post=13591"}],"version-history":[{"count":63,"href":"https:\/\/www.cargo-montreal.ca\/fr\/wp-json\/wp\/v2\/pages\/13591\/revisions"}],"predecessor-version":[{"id":17587,"href":"https:\/\/www.cargo-montreal.ca\/fr\/wp-json\/wp\/v2\/pages\/13591\/revisions\/17587"}],"wp:attachment":[{"href":"https:\/\/www.cargo-montreal.ca\/fr\/wp-json\/wp\/v2\/media?parent=13591"}],"curies":[{"name":"wp","href":"https:\/\/api.w.org\/{rel}","templated":true}]}}