{"id":16757,"date":"2024-03-28T19:21:51","date_gmt":"2024-03-28T19:21:51","guid":{"rendered":"https:\/\/www.cargo-montreal.ca\/?page_id=16757"},"modified":"2024-03-28T20:34:22","modified_gmt":"2024-03-28T20:34:22","slug":"formulaire-espace-dentreposage-mutualisation","status":"publish","type":"page","link":"https:\/\/www.cargo-montreal.ca\/fr\/formulaire-espace-dentreposage-mutualisation\/","title":{"rendered":"Formulaire Espace d&rsquo;Entreposage (Mutualisation)"},"content":{"rendered":"<h2>Mise en contexte<\/h2>\r\n<p>Dans de nombreux secteurs et industries, la gestion efficace de l&rsquo;entreposage est cruciale pour optimiser les op\u00e9rations et minimiser les co\u00fbts. Cependant, les petites entreprises ou les particuliers font souvent face \u00e0 des d\u00e9fis pour acc\u00e9der \u00e0 de grands entrep\u00f4ts ou des installations de stockage en raison de co\u00fbts \u00e9lev\u00e9s ou de ressources limit\u00e9es. Reconnaissant cette probl\u00e9matique, CargoM a d\u00e9velopp\u00e9 un outil sp\u00e9cialis\u00e9 visant \u00e0 relever ces d\u00e9fis pour leurs membres et les non-membres.<\/p>\r\n<p>L&rsquo;outil sert de plateforme o\u00f9 les utilisateurs peuvent soumettre des demandes pour regrouper leurs besoins en mati\u00e8re de stockage. Cette strat\u00e9gie de regroupement permet l&rsquo;agr\u00e9gation de multiples demandes pour former une demande collective plus grande en espace de stockage. En consolidant ces demandes, l&rsquo;outil vise \u00e0 atteindre des \u00e9conomies d&rsquo;\u00e9chelle, rendant ainsi plus faisable la s\u00e9curisation d&rsquo;un espace de stockage dans de grands entrep\u00f4ts ou des installations.<\/p>\r\n<p>Les utilisateurs de l&rsquo;outil peuvent inclure des petites entreprises, des travailleurs ind\u00e9pendants ou des particuliers ayant des besoins de stockage vari\u00e9s. Certains utilisateurs pourraient avoir besoin d&rsquo;un stockage temporaire pour des stocks exc\u00e9dentaires, tandis que d&rsquo;autres pourraient n\u00e9cessiter des solutions \u00e0 long terme pour stocker des \u00e9quipements ou des marchandises. Quel que soit le besoin sp\u00e9cifique, l&rsquo;outil offre une plateforme centralis\u00e9e pour que les utilisateurs collaborent et combinent efficacement leurs demandes de stockage.<\/p>\r\n<p>\u00c0 travers l&rsquo;interface de l&rsquo;outil, les utilisateurs peuvent saisir des d\u00e9tails tels que la quantit\u00e9 d&rsquo;espace de stockage n\u00e9cessaire, la dur\u00e9e du stockage, des exigences ou des pr\u00e9f\u00e9rences sp\u00e9cifiques, et toute autre information pertinente. L&rsquo;outil agr\u00e8ge ensuite ces demandes et les pr\u00e9sente comme une demande unifi\u00e9e aux fournisseurs potentiels d&rsquo;entrep\u00f4ts ou aux exploitants d&rsquo;installations de stockage.<\/p>\r\n<p>Pour les grands entrep\u00f4ts ou les propri\u00e9taires d&rsquo;installations de stockage, cet outil pr\u00e9sente une opportunit\u00e9 d&rsquo;optimiser l&rsquo;utilisation de leur espace et de maximiser les revenus. Au lieu de traiter de nombreuses demandes de petite envergure, ils peuvent r\u00e9pondre \u00e0 une demande consolid\u00e9e provenant de plusieurs utilisateurs, ce qui pourrait conduire \u00e0 une allocation d&rsquo;espace plus efficace et \u00e0 des taux d&rsquo;occupation plus \u00e9lev\u00e9s.<\/p>\r\n<h2>Espace d\u2019entreposage<\/h2>\r\n<p align=\"justify\">Si vous \u00eates \u00e0 la recherche d\u2019espaces d\u2019entreposage (int\u00e9rieur ou ext\u00e9rieur) ou si vous avez de l\u2019espace exc\u00e9dentaire (int\u00e9rieur ou ext\u00e9rieur), veuillez remplir le formulaire ci-dessous:<\/p>\r\n<h2>Avis de confidentialit\u00e9 et de non-responsabilit\u00e9<\/h2>\r\n<p><small><em>CargoM se d\u00e9charge de toute responsabilit\u00e9 relativement \u00e0 l&rsquo;exactitude de l&rsquo;information affich\u00e9e sur l&rsquo;outil d&rsquo;espace d&rsquo;entreposage (l&rsquo;Outil) et notamment la disponibilit\u00e9 des espaces d&rsquo;entreposage affich\u00e9s sur l&rsquo;Outil. L&rsquo;information affich\u00e9e sur l&rsquo;Outil vous est rendue disponible par CargoM \u00e0 titre informatif uniquement.<\/em><\/small><\/p>\r\n<p><small><em> En remplissant le formulaire ci-dessous, vous autorisez CargoM \u00e0 publier l\u2019int\u00e9gralit\u00e9 des informations, fournies dans le formulaire, sur l\u2019interface Web des tableaux de bord de l\u2019Outil. Les r\u00e8gles pr\u00e9sent\u00e9es dans le formulaire peuvent \u00eatre adapt\u00e9es \u00e0 tout moment \u00e0 de nouvelles exigences, notamment l\u00e9gales. Les formulaires et les tableaux de bord de l\u2019Outil peuvent contenir des marques ou des logos prot\u00e9g\u00e9s qui ne peuvent \u00eatre reproduits par des tiers sans l&rsquo;autorisation du d\u00e9tenteur de ces droits.<\/em><\/small><\/p>\r\n<p><small><em> Vous aurez droit, en tout temps, de demander \u00e0 ce que ces renseignements soient retir\u00e9s des banques de donn\u00e9es de CargoM en envoyant un avis \u00e0 cet effet par courriel \u00e0 l\u2019adresse suivante :\u00a0info@cargo-montreal.ca. <\/em><\/small><\/p>\r\n<p><small><em>Pour plus d&rsquo;information, veuillez vous r\u00e9f\u00e9rer aux confitions d&rsquo;utilisation dont le lien est disponible <a href=\"https:\/\/www.cargo-montreal.ca\/fr\/conditions-dutilisation-outil-espace-dentreposage\/\">ici<\/a>.<\/em><\/small><\/p>\r\n<hr \/>\r\n<p>&nbsp;<\/p>\r\n<a name=\"form3274795789shortCode\" id=\"formAnchor3274795789shortCode\"><\/a>\n<script src=\"https:\/\/fs12.formsite.com\/include\/form\/embedManager.js?3274795789shortCode\"><\/script>\n<script>\nEmbedManager.embed({\nkey: \"https:\/\/fs12.formsite.com\/res\/showFormEmbed?EParam=B6fiTn-RcO7UCGxgmiqWMogAwUXi0cBCFzpUCZwnDno&3274795789shortCode\",\nwidth: \"100%\"\n});\n<\/script>\n\r\n<p><strong>\u00c0 propos de CargoM<\/strong><\/p>\r\n<p align=\"justify\">La mission de CargoM est de rassembler tous les acteurs de la logistique et du transport de marchandises du Grand Montr\u00e9al, dont les activit\u00e9s favorisent la plaque tournante de Montr\u00e9al, autour d&rsquo;objectifs communs et d&rsquo;actions concert\u00e9es, en vue d&rsquo;accro\u00eetre sa coh\u00e9sion, sa comp\u00e9titivit\u00e9, sa croissance et son rayonnement.<\/p>\r\n<p>Merci de votre pr\u00e9cieuse collaboration.<br \/>\r\nL\u2019\u00e9quipe de CargoM.<\/p>","protected":false},"excerpt":{"rendered":"Mise en contexte Dans de nombreux secteurs et industries, la gestion efficace de l&rsquo;entreposage est cruciale pour optimiser les op\u00e9rations et minimiser les co\u00fbts. Cependant, les petites entreprises ou les particuliers font souvent face \u00e0 des d\u00e9fis pour acc\u00e9der \u00e0 de grands entrep\u00f4ts ou des installations de stockage en raison de co\u00fbts \u00e9lev\u00e9s ou de [&hellip;]","protected":false},"author":39,"featured_media":0,"parent":0,"menu_order":67,"comment_status":"closed","ping_status":"closed","template":"page-templates\/AboutUs.php","meta":{"_acf_changed":false,"footnotes":""},"class_list":["post-16757","page","type-page","status-publish","hentry"],"acf":[],"yoast_head":"<!-- This site is optimized with the Yoast SEO plugin v27.3 - https:\/\/yoast.com\/product\/yoast-seo-wordpress\/ -->\n<title>Formulaire Espace d&#039;Entreposage (Mutualisation) - CargoM<\/title>\n<meta name=\"robots\" content=\"index, follow, max-snippet:-1, max-image-preview:large, max-video-preview:-1\" \/>\n<link rel=\"canonical\" href=\"https:\/\/www.cargo-montreal.ca\/fr\/formulaire-espace-dentreposage-mutualisation\/\" \/>\n<meta property=\"og:locale\" content=\"fr_FR\" \/>\n<meta property=\"og:type\" content=\"article\" \/>\n<meta property=\"og:title\" content=\"Formulaire Espace d&#039;Entreposage (Mutualisation) - CargoM\" \/>\n<meta property=\"og:description\" content=\"Mise en contexte Dans de nombreux secteurs et industries, la gestion efficace de l&rsquo;entreposage est cruciale pour optimiser les op\u00e9rations et minimiser les co\u00fbts. Cependant, les petites entreprises ou les particuliers font souvent face \u00e0 des d\u00e9fis pour acc\u00e9der \u00e0 de grands entrep\u00f4ts ou des installations de stockage en raison de co\u00fbts \u00e9lev\u00e9s ou de [&hellip;]\" \/>\n<meta property=\"og:url\" content=\"https:\/\/www.cargo-montreal.ca\/fr\/formulaire-espace-dentreposage-mutualisation\/\" \/>\n<meta property=\"og:site_name\" content=\"CargoM\" \/>\n<meta property=\"article:modified_time\" content=\"2024-03-28T20:34:22+00:00\" \/>\n<meta name=\"twitter:card\" content=\"summary_large_image\" \/>\n<meta name=\"twitter:label1\" content=\"Dur\u00e9e de lecture estim\u00e9e\" \/>\n\t<meta name=\"twitter:data1\" content=\"3 minutes\" \/>\n<script type=\"application\/ld+json\" class=\"yoast-schema-graph\">{\"@context\":\"https:\\\/\\\/schema.org\",\"@graph\":[{\"@type\":\"WebPage\",\"@id\":\"https:\\\/\\\/www.cargo-montreal.ca\\\/fr\\\/formulaire-espace-dentreposage-mutualisation\\\/\",\"url\":\"https:\\\/\\\/www.cargo-montreal.ca\\\/fr\\\/formulaire-espace-dentreposage-mutualisation\\\/\",\"name\":\"Formulaire Espace d'Entreposage (Mutualisation) - CargoM\",\"isPartOf\":{\"@id\":\"https:\\\/\\\/www.cargo-montreal.ca\\\/fr\\\/#website\"},\"datePublished\":\"2024-03-28T19:21:51+00:00\",\"dateModified\":\"2024-03-28T20:34:22+00:00\",\"breadcrumb\":{\"@id\":\"https:\\\/\\\/www.cargo-montreal.ca\\\/fr\\\/formulaire-espace-dentreposage-mutualisation\\\/#breadcrumb\"},\"inLanguage\":\"fr-FR\",\"potentialAction\":[{\"@type\":\"ReadAction\",\"target\":[\"https:\\\/\\\/www.cargo-montreal.ca\\\/fr\\\/formulaire-espace-dentreposage-mutualisation\\\/\"]}]},{\"@type\":\"BreadcrumbList\",\"@id\":\"https:\\\/\\\/www.cargo-montreal.ca\\\/fr\\\/formulaire-espace-dentreposage-mutualisation\\\/#breadcrumb\",\"itemListElement\":[{\"@type\":\"ListItem\",\"position\":1,\"name\":\"Home\",\"item\":\"https:\\\/\\\/www.cargo-montreal.ca\\\/fr\\\/\"},{\"@type\":\"ListItem\",\"position\":2,\"name\":\"Formulaire Espace d&#8217;Entreposage (Mutualisation)\"}]},{\"@type\":\"WebSite\",\"@id\":\"https:\\\/\\\/www.cargo-montreal.ca\\\/fr\\\/#website\",\"url\":\"https:\\\/\\\/www.cargo-montreal.ca\\\/fr\\\/\",\"name\":\"CargoM\",\"description\":\"La mission de CargoM: Rassembler les acteurs de la logistique &amp; du transport de marchandises du Grand Montr\u00e9al autour d&#039;objectifs communs, d&#039;actions concert\u00e9es\",\"potentialAction\":[{\"@type\":\"SearchAction\",\"target\":{\"@type\":\"EntryPoint\",\"urlTemplate\":\"https:\\\/\\\/www.cargo-montreal.ca\\\/fr\\\/?s={search_term_string}\"},\"query-input\":{\"@type\":\"PropertyValueSpecification\",\"valueRequired\":true,\"valueName\":\"search_term_string\"}}],\"inLanguage\":\"fr-FR\"}]}<\/script>\n<!-- \/ Yoast SEO plugin. -->","yoast_head_json":{"title":"Formulaire Espace d'Entreposage (Mutualisation) - CargoM","robots":{"index":"index","follow":"follow","max-snippet":"max-snippet:-1","max-image-preview":"max-image-preview:large","max-video-preview":"max-video-preview:-1"},"canonical":"https:\/\/www.cargo-montreal.ca\/fr\/formulaire-espace-dentreposage-mutualisation\/","og_locale":"fr_FR","og_type":"article","og_title":"Formulaire Espace d'Entreposage (Mutualisation) - CargoM","og_description":"Mise en contexte Dans de nombreux secteurs et industries, la gestion efficace de l&rsquo;entreposage est cruciale pour optimiser les op\u00e9rations et minimiser les co\u00fbts. Cependant, les petites entreprises ou les particuliers font souvent face \u00e0 des d\u00e9fis pour acc\u00e9der \u00e0 de grands entrep\u00f4ts ou des installations de stockage en raison de co\u00fbts \u00e9lev\u00e9s ou de [&hellip;]","og_url":"https:\/\/www.cargo-montreal.ca\/fr\/formulaire-espace-dentreposage-mutualisation\/","og_site_name":"CargoM","article_modified_time":"2024-03-28T20:34:22+00:00","twitter_card":"summary_large_image","twitter_misc":{"Dur\u00e9e de lecture estim\u00e9e":"3 minutes"},"schema":{"@context":"https:\/\/schema.org","@graph":[{"@type":"WebPage","@id":"https:\/\/www.cargo-montreal.ca\/fr\/formulaire-espace-dentreposage-mutualisation\/","url":"https:\/\/www.cargo-montreal.ca\/fr\/formulaire-espace-dentreposage-mutualisation\/","name":"Formulaire Espace d'Entreposage (Mutualisation) - CargoM","isPartOf":{"@id":"https:\/\/www.cargo-montreal.ca\/fr\/#website"},"datePublished":"2024-03-28T19:21:51+00:00","dateModified":"2024-03-28T20:34:22+00:00","breadcrumb":{"@id":"https:\/\/www.cargo-montreal.ca\/fr\/formulaire-espace-dentreposage-mutualisation\/#breadcrumb"},"inLanguage":"fr-FR","potentialAction":[{"@type":"ReadAction","target":["https:\/\/www.cargo-montreal.ca\/fr\/formulaire-espace-dentreposage-mutualisation\/"]}]},{"@type":"BreadcrumbList","@id":"https:\/\/www.cargo-montreal.ca\/fr\/formulaire-espace-dentreposage-mutualisation\/#breadcrumb","itemListElement":[{"@type":"ListItem","position":1,"name":"Home","item":"https:\/\/www.cargo-montreal.ca\/fr\/"},{"@type":"ListItem","position":2,"name":"Formulaire Espace d&#8217;Entreposage (Mutualisation)"}]},{"@type":"WebSite","@id":"https:\/\/www.cargo-montreal.ca\/fr\/#website","url":"https:\/\/www.cargo-montreal.ca\/fr\/","name":"CargoM","description":"La mission de CargoM: Rassembler les acteurs de la logistique &amp; du transport de marchandises du Grand Montr\u00e9al autour d&#039;objectifs communs, d&#039;actions concert\u00e9es","potentialAction":[{"@type":"SearchAction","target":{"@type":"EntryPoint","urlTemplate":"https:\/\/www.cargo-montreal.ca\/fr\/?s={search_term_string}"},"query-input":{"@type":"PropertyValueSpecification","valueRequired":true,"valueName":"search_term_string"}}],"inLanguage":"fr-FR"}]}},"_links":{"self":[{"href":"https:\/\/www.cargo-montreal.ca\/fr\/wp-json\/wp\/v2\/pages\/16757","targetHints":{"allow":["GET"]}}],"collection":[{"href":"https:\/\/www.cargo-montreal.ca\/fr\/wp-json\/wp\/v2\/pages"}],"about":[{"href":"https:\/\/www.cargo-montreal.ca\/fr\/wp-json\/wp\/v2\/types\/page"}],"author":[{"embeddable":true,"href":"https:\/\/www.cargo-montreal.ca\/fr\/wp-json\/wp\/v2\/users\/39"}],"replies":[{"embeddable":true,"href":"https:\/\/www.cargo-montreal.ca\/fr\/wp-json\/wp\/v2\/comments?post=16757"}],"version-history":[{"count":4,"href":"https:\/\/www.cargo-montreal.ca\/fr\/wp-json\/wp\/v2\/pages\/16757\/revisions"}],"predecessor-version":[{"id":16769,"href":"https:\/\/www.cargo-montreal.ca\/fr\/wp-json\/wp\/v2\/pages\/16757\/revisions\/16769"}],"wp:attachment":[{"href":"https:\/\/www.cargo-montreal.ca\/fr\/wp-json\/wp\/v2\/media?parent=16757"}],"curies":[{"name":"wp","href":"https:\/\/api.w.org\/{rel}","templated":true}]}}