{"id":18049,"date":"2025-03-18T17:31:09","date_gmt":"2025-03-18T17:31:09","guid":{"rendered":"https:\/\/www.cargo-montreal.ca\/?page_id=18049"},"modified":"2025-04-04T14:35:23","modified_gmt":"2025-04-04T14:35:23","slug":"inventaire-des-espaces-dentreposage","status":"publish","type":"page","link":"https:\/\/www.cargo-montreal.ca\/fr\/actions\/inventaire-des-espaces-dentreposage\/","title":{"rendered":"Outil &#8211; Inventaire d&rsquo;espaces d\u2019entreposage"},"content":{"rendered":"<p>\r\n<style>\r\n        body {\r\n            font-family: Arial, sans-serif;\r\n            line-height: 1.6;\r\n            background-color: #f9f9f9;\r\n            color: #333;\r\n            margin: 0;\r\n            padding: 0;\r\n        }\r\n        h2 {\r\n            font-size: 2em;\r\n            color: #2c3e50;\r\n            margin-top: 30px;\r\n            border-bottom: 2px solid #9AC456; \/* Green color *\/\r\n            padding-bottom: 5px;\r\n        }\r\n        h5 {\r\n            font-size: 1.1em;\r\n            color: #7f8c8d;\r\n        }\r\n        p {\r\n            font-size: 1.1em;\r\n            margin-bottom: 20px;\r\n            text-align: justify;\r\n        }\r\n        ul {\r\n            margin-left: 20px;\r\n        }\r\n        ul li {\r\n            font-size: 1.1em;\r\n            margin-bottom: 10px;\r\n        }\r\n        .btn {\r\n            display: inline-block;\r\n            padding: 12px 20px;\r\n            margin: 10px 15px;\r\n            font-size: 1.1em;\r\n            color: white;\r\n            background-color: rgb(154, 196, 86); \/* Green color *\/\r\n            text-decoration: none;\r\n            border-radius: 5px;\r\n            transition: background-color 0.3s ease;\r\n        }\r\n        .btn:hover {\r\n            background-color: #88b93b; \/* Slightly darker green *\/\r\n        }\r\n        hr {\r\n            border: 1px solid #e0e0e0;\r\n            margin: 30px 0;\r\n        }\r\n        .announcement {\r\n            background-color: rgb(154, 196, 86); \/* Green background *\/\r\n            padding: 20px;\r\n            margin: 30px 0;\r\n            border-radius: 8px;\r\n            box-shadow: 0 4px 6px rgba(0, 0, 0, 0.1);\r\n        }\r\n        .announcement h2 {\r\n            color: white; \/* White text for the header *\/\r\n            font-size: 2.2em;\r\n            margin-bottom: 10px;\r\n        }\r\n        .announcement p {\r\n            font-size: 1.2em;\r\n            color: white; \/* White text for the body *\/\r\n        }\r\n        .announcement ul li {\r\n            font-size: 1.1em;\r\n            color: white; \/* White text for the list items *\/\r\n        }\r\n        .video-section {\r\n            text-align: center;\r\n            margin-top: 20px;\r\n        }\r\n        .video-container {\r\n            width: 100%;\r\n            max-width: 1200px;\r\n            margin: auto;\r\n        }\r\n        .buttons {\r\n            margin-top: 15px;\r\n        }\r\n        .buttons button {\r\n            margin: 5px;\r\n            padding: 10px 20px;\r\n            font-size: 16px;\r\n            cursor: pointer;\r\n        }\r\n<\/style>\r\n<\/p>\r\n<div class=\"container\">\r\n<p>Afin de faciliter la mise en relation entre les entreprises disposant d\u2019espaces d\u2019entreposage et celles en recherche d\u2019espace, CargoM a d\u00e9velopp\u00e9 un outil innovant. Cet inventaire permet d\u2019optimiser l\u2019utilisation des infrastructures existantes tout en contribuant \u00e0 la comp\u00e9titivit\u00e9 et \u00e0 la durabilit\u00e9 du secteur logistique.<\/p>\r\n<\/div>\r\n<ul>\r\n\t<li>Optimisez votre efficacit\u00e9, contribuez \u00e0 la durabilit\u00e9 et valorisez les ressources existantes.<\/li>\r\n<\/ul>\r\n<div class=\"container\" style=\"text-align: center;\"><a class=\"btn\" style=\"display: inline-block; font-size: 24px; padding: 20px 40px; border-radius: 10px; text-decoration: none;\" href=\"https:\/\/airtable.com\/invite\/l?inviteId=inv1t71aLaivIUxSz&amp;inviteToken=1d46881a6a6af5aed3c3f613f2e41f87c856e27229d65faa6a1044e33bcdaf0f&amp;utm_medium=email&amp;utm_source=product_team&amp;utm_content=transactional-alerts\" target=\"_blank\" rel=\"noopener\"> ACC\u00c9DEZ \u00c0 L&rsquo;OUTIL INVENTAIRE D&rsquo;ESPACES D&rsquo;ENTREPOSAGE<\/a><\/div>\r\n<hr \/>\r\n<div class=\"announcement\">\r\n<h2>GRANDE NOUVELLE!<\/h2>\r\n<p><strong>Version am\u00e9lior\u00e9e<\/strong> de notre outil <strong>Inventaire des espaces d\u2019entreposage<\/strong> est d\u00e9sormais accessible <strong>! \ud83d\ude80 <\/strong><\/p>\r\n<p><strong>\ud83d\udca1Nouveaut\u00e9s \u00e0 d\u00e9couvrir :<\/strong><\/p>\r\n<p><strong>\u2714 Exp\u00e9rience utilisateur optimis\u00e9e<\/strong> \u2013 Une navigation plus fluide et intuitive<\/p>\r\n<p><strong>\u2714 Interface modernis\u00e9e<\/strong> \u2013 Un design repens\u00e9 pour plus de simplicit\u00e9<\/p>\r\n<p><strong>\u2714 Flexibilit\u00e9 accrue<\/strong> \u2013 Mettez \u00e0 jour vos renseignements directement sur la plateforme<\/p>\r\n<p>&nbsp;<\/p>\r\n<p>\ud83d\udccc <strong>Nouveau : <\/strong>Un compte <strong>gratuit<\/strong> sera d\u00e9sormais requis !<\/p>\r\n<p>Votre compte vous permettra de :<\/p>\r\n<p><strong>\u2714 D&rsquo;inscrire<\/strong> ou <strong>consulter<\/strong> les espaces disponibles<\/p>\r\n<p><strong>\u2714 De mettre \u00e0 jour vos informations<\/strong> \u00e0 tout moment<\/p>\r\n<\/div>\r\n<hr \/>\r\n<div>\r\n<h2>Vid\u00e9os explicatives<\/h2>\r\n<ul>\r\n\t<li>D\u00e9couvrez nos vid\u00e9os pour une prise en main facile et rapide de la nouvelle version de l&rsquo;outil sur la plateforme Airtable.<\/li>\r\n<\/ul>\r\n<div class=\"video-section\">\r\n<div style=\"text-align: center;\">\r\n<div class=\"video-container\">\u00a0<\/div>\r\n<\/div>\r\n<div class=\"video-section\" style=\"display: flex; justify-content: center; align-items: center; padding: 20px;\">\r\n<div class=\"video-container\" style=\"max-width: 1200px; width: 100%; aspect-ratio: 16 \/ 9;\"><iframe id=\"videoFrame\" style=\"width: 100%; height: 100%; border: none;\" title=\"Video\" src=\"https:\/\/player.vimeo.com\/video\/1068263193?h=5bea5b70b9&amp;title=0&amp;byline=0&amp;portrait=0&amp;badge=0&amp;autopause=0&amp;player_id=0&amp;app_id=58479\" allowfullscreen=\"allowfullscreen\">\r\n    <\/iframe><\/div>\r\n<\/div>\r\n<div class=\"buttons\"><button>Cr\u00e9ation de profil avec Airtable<\/button> <a href=\"https:\/\/vimeo.com\/1068959613\/a5ed5ce7f7\" target=\"_blank\" rel=\"noopener\"><button>Utilisation de la plateforme<\/button><\/a> <a href=\"https:\/\/vimeo.com\/1068973329\/118ffe51cf\" target=\"_blank\" rel=\"noopener\"><button>Mise en contact<\/button><\/a><\/div>\r\n<\/div>\r\n<script>\r\n    function changeVideo(url) {\r\n        document.getElemen<span data-mce-type=\"bookmark\" style=\"display: inline-block; width: 0px; overflow: hidden; line-height: 0;\" class=\"mce_SELRES_start\"><\/span>tById('videoFrame').src = url;\r\n    }\r\n<\/script>\r\n<h2>Mise en contexte \u2013 Inventaire des espaces d\u2019entreposage<\/h2>\r\n<p>L&rsquo;outil de gestion des espaces d&rsquo;entreposage, d\u00e9ploy\u00e9 par CargoM dans sa nouvelle version, r\u00e9pertorie les espaces disponibles et les espaces recherch\u00e9s au Qu\u00e9bec et au Canada. Con\u00e7u pour soutenir la croissance \u00e9conomique et la comp\u00e9titivit\u00e9 du secteur logistique, il vise \u00e9galement \u00e0 r\u00e9duire les co\u00fbts d&rsquo;exploitation, renforcer la durabilit\u00e9, diminuer l&#8217;empreinte carbone et aider les entreprises \u00e0 s&rsquo;adapter aux \u00e9volutions du march\u00e9.<\/p>\r\n<p>Initialement lanc\u00e9 au d\u00e9but de la pand\u00e9mie de COVID-19 pour le Grand Montr\u00e9al, cet outil couvre d\u00e9sormais un territoire \u00e9largi, incluant l&rsquo;ensemble du Qu\u00e9bec et d&rsquo;autres provinces canadiennes.<\/p>\r\n<p>&nbsp;<\/p>\r\n<p>Si vous avez des questions, contactez Amy Lombard, charg\u00e9e de projets, \u00e0 l\u2019adresse suivante : <a href=\"mailto:alombard@cargo-montreal.ca\">alombard@cargo-montreal.ca<\/a>.<\/p>\r\n<p>La mise \u00e0 jour de l\u2019outil a \u00e9t\u00e9 r\u00e9alis\u00e9e gr\u00e2ce \u00e0 la contribution financi\u00e8re de <a href=\"https:\/\/tc.canada.ca\/fr\/programmes\/programmes-financement\/fonds-national-corridors-commerciaux\" target=\"_blank\" rel=\"noopener\">Transports Canada dans le cadre du Fonds national des corridors commerciaux (FNCC)<\/a>.<\/p>\r\n<hr \/>\r\n<p>Termes et conditions:<\/p>\r\n<p><em><small>CargoM se d\u00e9charge de toute responsabilit\u00e9 relativement \u00e0 l\u2019exactitude de l\u2019information affich\u00e9e sur l\u2019outil d\u2019entreposage (l\u2019\u00ab Outil \u00bb) et notamment la disponibilit\u00e9 des espaces d\u2019entreposage affich\u00e9s sur l\u2019Outil. L\u2019information affich\u00e9e sur l\u2019Outil vous est rendue disponible par CargoM \u00e0 titre informatif uniquement.<\/small><\/em> <em><small>Pour plus d\u2019information, veuillez vous r\u00e9f\u00e9rer aux conditions d\u2019utilisation dont le lien est disponible <a href=\"https:\/\/www.cargo-montreal.ca\/fr\/conditions-dutilisation-outil-espace-dentreposage\/\">ici<\/a><\/small><\/em><\/p>\r\n<div class=\"container\">\r\n<hr \/><\/div>\r\n<\/div>","protected":false},"excerpt":{"rendered":"Afin de faciliter la mise en relation entre les entreprises disposant d\u2019espaces d\u2019entreposage et celles en recherche d\u2019espace, CargoM a d\u00e9velopp\u00e9 un outil innovant. Cet inventaire permet d\u2019optimiser l\u2019utilisation des infrastructures existantes tout en contribuant \u00e0 la comp\u00e9titivit\u00e9 et \u00e0 la durabilit\u00e9 du secteur logistique. Optimisez votre efficacit\u00e9, contribuez \u00e0 la durabilit\u00e9 et valorisez les [&hellip;]","protected":false},"author":39,"featured_media":0,"parent":1756,"menu_order":4,"comment_status":"closed","ping_status":"closed","template":"","meta":{"_acf_changed":false,"footnotes":""},"class_list":["post-18049","page","type-page","status-publish","hentry"],"acf":[],"yoast_head":"<!-- This site is optimized with the Yoast SEO plugin v27.3 - https:\/\/yoast.com\/product\/yoast-seo-wordpress\/ -->\n<title>Outil - Inventaire d&#039;espaces d\u2019entreposage - CargoM<\/title>\n<meta name=\"robots\" content=\"index, follow, max-snippet:-1, max-image-preview:large, max-video-preview:-1\" \/>\n<link rel=\"canonical\" href=\"https:\/\/www.cargo-montreal.ca\/fr\/actions\/inventaire-des-espaces-dentreposage\/\" \/>\n<meta property=\"og:locale\" content=\"fr_FR\" \/>\n<meta property=\"og:type\" content=\"article\" \/>\n<meta property=\"og:title\" content=\"Outil - Inventaire d&#039;espaces d\u2019entreposage - CargoM\" \/>\n<meta property=\"og:description\" content=\"Afin de faciliter la mise en relation entre les entreprises disposant d\u2019espaces d\u2019entreposage et celles en recherche d\u2019espace, CargoM a d\u00e9velopp\u00e9 un outil innovant. Cet inventaire permet d\u2019optimiser l\u2019utilisation des infrastructures existantes tout en contribuant \u00e0 la comp\u00e9titivit\u00e9 et \u00e0 la durabilit\u00e9 du secteur logistique. Optimisez votre efficacit\u00e9, contribuez \u00e0 la durabilit\u00e9 et valorisez les [&hellip;]\" \/>\n<meta property=\"og:url\" content=\"https:\/\/www.cargo-montreal.ca\/fr\/actions\/inventaire-des-espaces-dentreposage\/\" \/>\n<meta property=\"og:site_name\" content=\"CargoM\" \/>\n<meta property=\"article:modified_time\" content=\"2025-04-04T14:35:23+00:00\" \/>\n<meta name=\"twitter:card\" content=\"summary_large_image\" \/>\n<meta name=\"twitter:label1\" content=\"Dur\u00e9e de lecture estim\u00e9e\" \/>\n\t<meta name=\"twitter:data1\" content=\"2 minutes\" \/>\n<script type=\"application\/ld+json\" class=\"yoast-schema-graph\">{\"@context\":\"https:\\\/\\\/schema.org\",\"@graph\":[{\"@type\":\"WebPage\",\"@id\":\"https:\\\/\\\/www.cargo-montreal.ca\\\/fr\\\/actions\\\/inventaire-des-espaces-dentreposage\\\/\",\"url\":\"https:\\\/\\\/www.cargo-montreal.ca\\\/fr\\\/actions\\\/inventaire-des-espaces-dentreposage\\\/\",\"name\":\"Outil - Inventaire d'espaces d\u2019entreposage - CargoM\",\"isPartOf\":{\"@id\":\"https:\\\/\\\/www.cargo-montreal.ca\\\/fr\\\/#website\"},\"datePublished\":\"2025-03-18T17:31:09+00:00\",\"dateModified\":\"2025-04-04T14:35:23+00:00\",\"breadcrumb\":{\"@id\":\"https:\\\/\\\/www.cargo-montreal.ca\\\/fr\\\/actions\\\/inventaire-des-espaces-dentreposage\\\/#breadcrumb\"},\"inLanguage\":\"fr-FR\",\"potentialAction\":[{\"@type\":\"ReadAction\",\"target\":[\"https:\\\/\\\/www.cargo-montreal.ca\\\/fr\\\/actions\\\/inventaire-des-espaces-dentreposage\\\/\"]}]},{\"@type\":\"BreadcrumbList\",\"@id\":\"https:\\\/\\\/www.cargo-montreal.ca\\\/fr\\\/actions\\\/inventaire-des-espaces-dentreposage\\\/#breadcrumb\",\"itemListElement\":[{\"@type\":\"ListItem\",\"position\":1,\"name\":\"Home\",\"item\":\"https:\\\/\\\/www.cargo-montreal.ca\\\/fr\\\/\"},{\"@type\":\"ListItem\",\"position\":2,\"name\":\"Actions\",\"item\":\"https:\\\/\\\/www.cargo-montreal.ca\\\/fr\\\/actions\\\/\"},{\"@type\":\"ListItem\",\"position\":3,\"name\":\"Outil &#8211; Inventaire d&#8217;espaces d\u2019entreposage\"}]},{\"@type\":\"WebSite\",\"@id\":\"https:\\\/\\\/www.cargo-montreal.ca\\\/fr\\\/#website\",\"url\":\"https:\\\/\\\/www.cargo-montreal.ca\\\/fr\\\/\",\"name\":\"CargoM\",\"description\":\"La mission de CargoM: Rassembler les acteurs de la logistique &amp; du transport de marchandises du Grand Montr\u00e9al autour d&#039;objectifs communs, d&#039;actions concert\u00e9es\",\"potentialAction\":[{\"@type\":\"SearchAction\",\"target\":{\"@type\":\"EntryPoint\",\"urlTemplate\":\"https:\\\/\\\/www.cargo-montreal.ca\\\/fr\\\/?s={search_term_string}\"},\"query-input\":{\"@type\":\"PropertyValueSpecification\",\"valueRequired\":true,\"valueName\":\"search_term_string\"}}],\"inLanguage\":\"fr-FR\"}]}<\/script>\n<!-- \/ Yoast SEO plugin. -->","yoast_head_json":{"title":"Outil - Inventaire d'espaces d\u2019entreposage - CargoM","robots":{"index":"index","follow":"follow","max-snippet":"max-snippet:-1","max-image-preview":"max-image-preview:large","max-video-preview":"max-video-preview:-1"},"canonical":"https:\/\/www.cargo-montreal.ca\/fr\/actions\/inventaire-des-espaces-dentreposage\/","og_locale":"fr_FR","og_type":"article","og_title":"Outil - Inventaire d'espaces d\u2019entreposage - CargoM","og_description":"Afin de faciliter la mise en relation entre les entreprises disposant d\u2019espaces d\u2019entreposage et celles en recherche d\u2019espace, CargoM a d\u00e9velopp\u00e9 un outil innovant. Cet inventaire permet d\u2019optimiser l\u2019utilisation des infrastructures existantes tout en contribuant \u00e0 la comp\u00e9titivit\u00e9 et \u00e0 la durabilit\u00e9 du secteur logistique. Optimisez votre efficacit\u00e9, contribuez \u00e0 la durabilit\u00e9 et valorisez les [&hellip;]","og_url":"https:\/\/www.cargo-montreal.ca\/fr\/actions\/inventaire-des-espaces-dentreposage\/","og_site_name":"CargoM","article_modified_time":"2025-04-04T14:35:23+00:00","twitter_card":"summary_large_image","twitter_misc":{"Dur\u00e9e de lecture estim\u00e9e":"2 minutes"},"schema":{"@context":"https:\/\/schema.org","@graph":[{"@type":"WebPage","@id":"https:\/\/www.cargo-montreal.ca\/fr\/actions\/inventaire-des-espaces-dentreposage\/","url":"https:\/\/www.cargo-montreal.ca\/fr\/actions\/inventaire-des-espaces-dentreposage\/","name":"Outil - Inventaire d'espaces d\u2019entreposage - CargoM","isPartOf":{"@id":"https:\/\/www.cargo-montreal.ca\/fr\/#website"},"datePublished":"2025-03-18T17:31:09+00:00","dateModified":"2025-04-04T14:35:23+00:00","breadcrumb":{"@id":"https:\/\/www.cargo-montreal.ca\/fr\/actions\/inventaire-des-espaces-dentreposage\/#breadcrumb"},"inLanguage":"fr-FR","potentialAction":[{"@type":"ReadAction","target":["https:\/\/www.cargo-montreal.ca\/fr\/actions\/inventaire-des-espaces-dentreposage\/"]}]},{"@type":"BreadcrumbList","@id":"https:\/\/www.cargo-montreal.ca\/fr\/actions\/inventaire-des-espaces-dentreposage\/#breadcrumb","itemListElement":[{"@type":"ListItem","position":1,"name":"Home","item":"https:\/\/www.cargo-montreal.ca\/fr\/"},{"@type":"ListItem","position":2,"name":"Actions","item":"https:\/\/www.cargo-montreal.ca\/fr\/actions\/"},{"@type":"ListItem","position":3,"name":"Outil &#8211; Inventaire d&#8217;espaces d\u2019entreposage"}]},{"@type":"WebSite","@id":"https:\/\/www.cargo-montreal.ca\/fr\/#website","url":"https:\/\/www.cargo-montreal.ca\/fr\/","name":"CargoM","description":"La mission de CargoM: Rassembler les acteurs de la logistique &amp; du transport de marchandises du Grand Montr\u00e9al autour d&#039;objectifs communs, d&#039;actions concert\u00e9es","potentialAction":[{"@type":"SearchAction","target":{"@type":"EntryPoint","urlTemplate":"https:\/\/www.cargo-montreal.ca\/fr\/?s={search_term_string}"},"query-input":{"@type":"PropertyValueSpecification","valueRequired":true,"valueName":"search_term_string"}}],"inLanguage":"fr-FR"}]}},"_links":{"self":[{"href":"https:\/\/www.cargo-montreal.ca\/fr\/wp-json\/wp\/v2\/pages\/18049","targetHints":{"allow":["GET"]}}],"collection":[{"href":"https:\/\/www.cargo-montreal.ca\/fr\/wp-json\/wp\/v2\/pages"}],"about":[{"href":"https:\/\/www.cargo-montreal.ca\/fr\/wp-json\/wp\/v2\/types\/page"}],"author":[{"embeddable":true,"href":"https:\/\/www.cargo-montreal.ca\/fr\/wp-json\/wp\/v2\/users\/39"}],"replies":[{"embeddable":true,"href":"https:\/\/www.cargo-montreal.ca\/fr\/wp-json\/wp\/v2\/comments?post=18049"}],"version-history":[{"count":42,"href":"https:\/\/www.cargo-montreal.ca\/fr\/wp-json\/wp\/v2\/pages\/18049\/revisions"}],"predecessor-version":[{"id":18237,"href":"https:\/\/www.cargo-montreal.ca\/fr\/wp-json\/wp\/v2\/pages\/18049\/revisions\/18237"}],"up":[{"embeddable":true,"href":"https:\/\/www.cargo-montreal.ca\/fr\/wp-json\/wp\/v2\/pages\/1756"}],"wp:attachment":[{"href":"https:\/\/www.cargo-montreal.ca\/fr\/wp-json\/wp\/v2\/media?parent=18049"}],"curies":[{"name":"wp","href":"https:\/\/api.w.org\/{rel}","templated":true}]}}