{"id":18537,"date":"2025-06-11T19:33:37","date_gmt":"2025-06-11T19:33:37","guid":{"rendered":"https:\/\/www.cargo-montreal.ca\/?page_id=18537"},"modified":"2025-06-11T20:02:25","modified_gmt":"2025-06-11T20:02:25","slug":"centre-zone-franche","status":"publish","type":"page","link":"https:\/\/www.cargo-montreal.ca\/fr\/centre-zone-franche\/","title":{"rendered":"Centre Zone Franche"},"content":{"rendered":"<p><a href=\"https:\/\/www.cargo-montreal.ca\/wp-content\/uploads\/2025\/06\/Image-conteneur-scaled.jpg\"><img loading=\"lazy\" decoding=\"async\" class=\"size-medium wp-image-18538 aligncenter\" src=\"https:\/\/www.cargo-montreal.ca\/wp-content\/uploads\/2025\/06\/Image-conteneur-300x266.jpg\" alt=\"\" width=\"300\" height=\"266\" srcset=\"https:\/\/www.cargo-montreal.ca\/wp-content\/uploads\/2025\/06\/Image-conteneur-300x266.jpg 300w, https:\/\/www.cargo-montreal.ca\/wp-content\/uploads\/2025\/06\/Image-conteneur-1024x909.jpg 1024w, https:\/\/www.cargo-montreal.ca\/wp-content\/uploads\/2025\/06\/Image-conteneur-768x682.jpg 768w, https:\/\/www.cargo-montreal.ca\/wp-content\/uploads\/2025\/06\/Image-conteneur-1536x1364.jpg 1536w, https:\/\/www.cargo-montreal.ca\/wp-content\/uploads\/2025\/06\/Image-conteneur-2048x1819.jpg 2048w\" sizes=\"auto, (max-width: 300px) 100vw, 300px\" \/><\/a><\/p>\r\n<p>Les entreprises peuvent b\u00e9n\u00e9ficier des incitatifs de type zone franche dans l&rsquo;ensemble du Canada. Le Canada d\u00e9signe donc des Centres zone franche pour aider et accompagner les entreprises qui souhaitent se pr\u00e9valoir des programmes.<\/p>\r\n<p>Les entreprises admissibles aux programmes sont tous les importateurs et exportateurs, dont ceux des secteurs suivants :<\/p>\r\n<ul>\r\n\t<li>Manufacturier &#8211; fabrication et transformation<\/li>\r\n\t<li>Vente en gros;<\/li>\r\n\t<li>Commerce \u00e9lectronique;<\/li>\r\n\t<li>Commerce de d\u00e9tails;<\/li>\r\n\t<li>Organisation d&rsquo;\u00e9v\u00e9nements;<\/li>\r\n\t<li>Fournisseurs de services logistiques (3PL)<\/li>\r\n<\/ul>\r\n<p>Les avantages concurrentiels du mod\u00e8le canadien sont :<\/p>\r\n<ul>\r\n\t<li>Grande flexibilit\u00e9 li\u00e9e \u00e0 l&#8217;emplacement physique<\/li>\r\n\t<li>All\u00e8gement du fardeau administratif<\/li>\r\n\t<li>Am\u00e9lioration des flux de tr\u00e9sorerie<\/li>\r\n\t<li>R\u00e9duction des frais d&rsquo;exploitation<\/li>\r\n\t<li>Accroissement de la capacit\u00e9 concurentielle \u00e0 l&rsquo;\u00e9chelle internationale<\/li>\r\n<\/ul>\r\n<p>Les programmes disponibles avec le Gouvernement du Canada sont :<\/p>\r\n<ul style=\"font-weight: 400;\">\r\n\t<li data-margin=\"900\" data-aria-posinset=\"5\" data-aria-level=\"1\"><a href=\"https:\/\/www.cbsa-asfc.gc.ca\/import\/ddr-red\/warehouse-entrepot-eng.html\"><span data-usefontface=\"true\" data-contrast=\"none\">Customs bonded warehouses<\/span><\/a>\u200b &#8211; <a href=\"https:\/\/www.cbsa-asfc.gc.ca\/import\/ddr-red\/warehouse-entrepot-fra.html\">Programme des entrep\u00f4ts de stockage des douanes<\/a><\/li>\r\n\t<li data-margin=\"900\" data-aria-posinset=\"5\" data-aria-level=\"1\"><span class=\"TextRun SCXP10426477 BCX0\" lang=\"EN-US\" xml:lang=\"EN-US\" data-usefontface=\"true\" data-contrast=\"none\"><span class=\"NormalTextRun SCXP10426477 BCX0\"><a href=\"https:\/\/www.cbsa-asfc.gc.ca\/import\/ddr-red\/relief-report-eng.html\">Duties Relief Program<\/a> \u2013 <a href=\"https:\/\/www.cbsa-asfc.gc.ca\/import\/ddr-red\/relief-report-fra.html\">Programme d&rsquo;e<\/a><\/span><\/span><a href=\"https:\/\/www.cbsa-asfc.gc.ca\/import\/ddr-red\/relief-report-fra.html\"><span class=\"TextRun SpellingErrorZoomed SCXP10426477 BCX0\" lang=\"EN-US\" xml:lang=\"EN-US\" data-usefontface=\"true\" data-contrast=\"none\"><span class=\"SCXP10426477 BCX0\">xon\u00e9ration<\/span><\/span><span class=\"TextRun SCXP10426477 BCX0\" lang=\"EN-US\" xml:lang=\"EN-US\" data-usefontface=\"true\" data-contrast=\"none\"><span class=\"NormalTextRun SCXP10426477 BCX0\"> des droits<\/span><\/span><\/a><\/li>\r\n\t<li data-margin=\"900\" data-aria-posinset=\"5\" data-aria-level=\"1\"><a href=\"https:\/\/www.canada.ca\/en\/revenue-agency\/services\/forms-publications\/publications\/b-088\/export-distribution-centre-program.html\"><span data-usefontface=\"true\" data-contrast=\"none\">Export Distribution Centre Program (EDCP)<\/span><\/a>\u200b &#8211; <a href=\"https:\/\/www.canada.ca\/fr\/ministere-finances\/programmes\/politiques-finances-echanges-internationaux\/zone-franche\/programme-centres-distribution-exportations-version-texte.html\">Centres<span data-usefontface=\"true\" data-contrast=\"none\"> de distribution des exportations (PCDE)<\/span><\/a><\/li>\r\n\t<li data-margin=\"900\" data-aria-posinset=\"5\" data-aria-level=\"1\"><a href=\"https:\/\/www.canada.ca\/en\/department-finance\/programs\/international-trade-finance-policy\/foreign-trade-zone\/exporters-processing-services-program-text-version.html\"><span data-usefontface=\"true\" data-contrast=\"none\">Exporters of Processing Services Program (EPSP)<\/span><\/a>\u200b &#8211; <a href=\"https:\/\/www.canada.ca\/fr\/ministere-finances\/programmes\/politiques-finances-echanges-internationaux\/zone-franche\/programme-exportateurs-services-traitement-version-texte.html\">Programme des exportateurs<span data-scheme-color=\"@333333,,\" data-usefontface=\"true\" data-contrast=\"none\"> de services de <\/span><span data-scheme-color=\"@333333,,\" data-usefontface=\"true\" data-contrast=\"none\">traitement<\/span><span data-scheme-color=\"@333333,,\" data-usefontface=\"true\" data-contrast=\"none\"> (PEST)<\/span><\/a>\u200b<\/li>\r\n<\/ul>\r\n<p>\u200bSi vous souhaitez obtenir les <strong>services d&rsquo;un consultant sp\u00e9cialis\u00e9 en Centre zone franche<\/strong> ou des <span class=\"TextRun SCXP23788530 BCX0\" lang=\"EN-US\" xml:lang=\"EN-US\" data-usefontface=\"true\" data-contrast=\"none\"><span class=\"NormalTextRun SCXP23788530 BCX0\">formations<\/span><\/span><span class=\"TextRun SCXP23788530 BCX0\" lang=\"FR-CA\" xml:lang=\"FR-CA\" data-usefontface=\"true\" data-contrast=\"none\"><span class=\"NormalTextRun SCXP23788530 BCX0\"> sur les aspects r\u00e8glementaires, <\/span><\/span><span class=\"TextRun SCXP23788530 BCX0\" lang=\"FR-CA\" xml:lang=\"FR-CA\" data-usefontface=\"true\" data-contrast=\"none\"><span class=\"NormalTextRun SCXP23788530 BCX0\">logistiques et douaniers du commerce international, Incoterms<\/span><\/span><span class=\"TextRun SCXP23788530 BCX0\" lang=\"EN-US\" xml:lang=\"EN-US\" data-usefontface=\"true\" data-contrast=\"none\"><span class=\"NormalTextRun SCXP23788530 BCX0\">\u00ae<\/span><\/span><span class=\"TextRun SCXP23788530 BCX0\" lang=\"FR-CA\" xml:lang=\"FR-CA\" data-usefontface=\"true\" data-contrast=\"none\"><span class=\"NormalTextRun SCXP23788530 BCX0\">, Lettres de Cr\u00e9dit, Accords <\/span><\/span><span class=\"TextRun SCXP23788530 BCX0\" lang=\"FR-CA\" xml:lang=\"FR-CA\" data-usefontface=\"true\" data-contrast=\"none\"><span class=\"NormalTextRun SCXP23788530 BCX0\">de <\/span><\/span><span class=\"TextRun SpellingErrorZoomed SCXP23788530 BCX0\" lang=\"FR-CA\" xml:lang=\"FR-CA\" data-usefontface=\"true\" data-contrast=\"none\"><span class=\"SCXP23788530 BCX0\">Libre-Echange<\/span><\/span><span class=\"TextRun SCXP23788530 BCX0\" lang=\"FR-CA\" xml:lang=\"FR-CA\" data-usefontface=\"true\" data-contrast=\"none\"><span class=\"NormalTextRun SCXP23788530 BCX0\">, Gestion de la Cha\u00eene d\u2019Approvisionnement et sujets reli\u00e9s. <strong>Vous pouvez contacter M. Christian Sivi\u00e8re, Solimpex pour une demande de soumission\u00a0<\/strong>: <\/span><\/span><a href=\"mailto:christian.siviere@videotron.ca\">christian.siviere@videotron.ca<\/a><\/p>\r\n<div class=\"x9jfA\">\r\n<div class=\"bz1XJ\" data-tabster=\"{&quot;mover&quot;:{&quot;cyclic&quot;:true,&quot;direction&quot;:2,&quot;memorizeCurrent&quot;:false}}\">\u00a0<\/div>\r\n<\/div>\r\n<div class=\"lT19A\" data-tabster=\"{&quot;mover&quot;:{&quot;cyclic&quot;:true,&quot;direction&quot;:2,&quot;memorizeCurrent&quot;:false}}\"><i tabindex=\"0\" data-tabster-dummy=\"\" aria-hidden=\"true\"><\/i>\r\n<div class=\"Jj1JU\">\r\n<div class=\"ms-OverflowSet root-362\" role=\"toolbar\" aria-label=\"Actions de message\">\r\n<div class=\"ms-OverflowSet-item item-178\" role=\"none\">\r\n<div class=\"fui-FluentProvider fui-FluentProviderr1a6 ___5n94it0 f19n0e5 f3rmtva fgusgyc fk6fouc fkhj508 figsok6 fytdu2e\" dir=\"ltr\">\u00a0<\/div>\r\n<\/div>\r\n<div class=\"ms-OverflowSet-item item-178\" role=\"none\">\r\n<div class=\"s82IJ body-157\">\r\n<div class=\"ms-TooltipHost root-169\" role=\"none\">\u00a0<\/div>\r\n<\/div>\r\n<\/div>\r\n<div class=\"ms-OverflowSet-item item-178\" role=\"none\">\r\n<div class=\"ms-TooltipHost root-363\" role=\"none\">\u00a0<\/div>\r\n<\/div>\r\n<\/div>\r\n<\/div>\r\n<\/div>\r\n<p>&nbsp;<\/p>\r\n<p><span class=\"EOP SCXP23788530 BCX0\">\u200b<\/span><\/p>\r\n<p>&nbsp;<\/p>\r\n<p>&nbsp;<\/p>\r\n<p>&nbsp;<\/p>\r\n<p>&nbsp;<\/p>\r\n<p>&nbsp;<\/p>\r\n<p>&nbsp;<\/p>\r\n<p>&nbsp;<\/p>\r\n<p>&nbsp;<\/p>","protected":false},"excerpt":{"rendered":"Les entreprises peuvent b\u00e9n\u00e9ficier des incitatifs de type zone franche dans l&rsquo;ensemble du Canada. Le Canada d\u00e9signe donc des Centres zone franche pour aider et accompagner les entreprises qui souhaitent se pr\u00e9valoir des programmes. Les entreprises admissibles aux programmes sont tous les importateurs et exportateurs, dont ceux des secteurs suivants : Manufacturier &#8211; fabrication et [&hellip;]","protected":false},"author":39,"featured_media":0,"parent":0,"menu_order":0,"comment_status":"closed","ping_status":"closed","template":"","meta":{"_acf_changed":false,"footnotes":""},"class_list":["post-18537","page","type-page","status-publish","hentry"],"acf":[],"yoast_head":"<!-- This site is optimized with the Yoast SEO plugin v27.3 - https:\/\/yoast.com\/product\/yoast-seo-wordpress\/ -->\n<title>Centre Zone Franche - CargoM<\/title>\n<meta name=\"robots\" content=\"index, follow, max-snippet:-1, max-image-preview:large, max-video-preview:-1\" \/>\n<link rel=\"canonical\" href=\"https:\/\/www.cargo-montreal.ca\/fr\/centre-zone-franche\/\" \/>\n<meta property=\"og:locale\" content=\"fr_FR\" \/>\n<meta property=\"og:type\" content=\"article\" \/>\n<meta property=\"og:title\" content=\"Centre Zone Franche - CargoM\" \/>\n<meta property=\"og:description\" content=\"Les entreprises peuvent b\u00e9n\u00e9ficier des incitatifs de type zone franche dans l&rsquo;ensemble du Canada. Le Canada d\u00e9signe donc des Centres zone franche pour aider et accompagner les entreprises qui souhaitent se pr\u00e9valoir des programmes. Les entreprises admissibles aux programmes sont tous les importateurs et exportateurs, dont ceux des secteurs suivants : Manufacturier &#8211; fabrication et [&hellip;]\" \/>\n<meta property=\"og:url\" content=\"https:\/\/www.cargo-montreal.ca\/fr\/centre-zone-franche\/\" \/>\n<meta property=\"og:site_name\" content=\"CargoM\" \/>\n<meta property=\"article:modified_time\" content=\"2025-06-11T20:02:25+00:00\" \/>\n<meta property=\"og:image\" content=\"https:\/\/www.cargo-montreal.ca\/wp-content\/uploads\/2025\/06\/Image-conteneur-scaled.jpg\" \/>\n\t<meta property=\"og:image:width\" content=\"2560\" \/>\n\t<meta property=\"og:image:height\" content=\"2273\" \/>\n\t<meta property=\"og:image:type\" content=\"image\/jpeg\" \/>\n<meta name=\"twitter:card\" content=\"summary_large_image\" \/>\n<meta name=\"twitter:label1\" content=\"Dur\u00e9e de lecture estim\u00e9e\" \/>\n\t<meta name=\"twitter:data1\" content=\"2 minutes\" \/>\n<script type=\"application\/ld+json\" class=\"yoast-schema-graph\">{\"@context\":\"https:\\\/\\\/schema.org\",\"@graph\":[{\"@type\":\"WebPage\",\"@id\":\"https:\\\/\\\/www.cargo-montreal.ca\\\/fr\\\/centre-zone-franche\\\/\",\"url\":\"https:\\\/\\\/www.cargo-montreal.ca\\\/fr\\\/centre-zone-franche\\\/\",\"name\":\"Centre Zone Franche - CargoM\",\"isPartOf\":{\"@id\":\"https:\\\/\\\/www.cargo-montreal.ca\\\/fr\\\/#website\"},\"primaryImageOfPage\":{\"@id\":\"https:\\\/\\\/www.cargo-montreal.ca\\\/fr\\\/centre-zone-franche\\\/#primaryimage\"},\"image\":{\"@id\":\"https:\\\/\\\/www.cargo-montreal.ca\\\/fr\\\/centre-zone-franche\\\/#primaryimage\"},\"thumbnailUrl\":\"https:\\\/\\\/www.cargo-montreal.ca\\\/wp-content\\\/uploads\\\/2025\\\/06\\\/Image-conteneur-300x266.jpg\",\"datePublished\":\"2025-06-11T19:33:37+00:00\",\"dateModified\":\"2025-06-11T20:02:25+00:00\",\"breadcrumb\":{\"@id\":\"https:\\\/\\\/www.cargo-montreal.ca\\\/fr\\\/centre-zone-franche\\\/#breadcrumb\"},\"inLanguage\":\"fr-FR\",\"potentialAction\":[{\"@type\":\"ReadAction\",\"target\":[\"https:\\\/\\\/www.cargo-montreal.ca\\\/fr\\\/centre-zone-franche\\\/\"]}]},{\"@type\":\"ImageObject\",\"inLanguage\":\"fr-FR\",\"@id\":\"https:\\\/\\\/www.cargo-montreal.ca\\\/fr\\\/centre-zone-franche\\\/#primaryimage\",\"url\":\"https:\\\/\\\/www.cargo-montreal.ca\\\/wp-content\\\/uploads\\\/2025\\\/06\\\/Image-conteneur-300x266.jpg\",\"contentUrl\":\"https:\\\/\\\/www.cargo-montreal.ca\\\/wp-content\\\/uploads\\\/2025\\\/06\\\/Image-conteneur-300x266.jpg\"},{\"@type\":\"BreadcrumbList\",\"@id\":\"https:\\\/\\\/www.cargo-montreal.ca\\\/fr\\\/centre-zone-franche\\\/#breadcrumb\",\"itemListElement\":[{\"@type\":\"ListItem\",\"position\":1,\"name\":\"Home\",\"item\":\"https:\\\/\\\/www.cargo-montreal.ca\\\/fr\\\/\"},{\"@type\":\"ListItem\",\"position\":2,\"name\":\"Centre Zone Franche\"}]},{\"@type\":\"WebSite\",\"@id\":\"https:\\\/\\\/www.cargo-montreal.ca\\\/fr\\\/#website\",\"url\":\"https:\\\/\\\/www.cargo-montreal.ca\\\/fr\\\/\",\"name\":\"CargoM\",\"description\":\"La mission de CargoM: Rassembler les acteurs de la logistique &amp; du transport de marchandises du Grand Montr\u00e9al autour d&#039;objectifs communs, d&#039;actions concert\u00e9es\",\"potentialAction\":[{\"@type\":\"SearchAction\",\"target\":{\"@type\":\"EntryPoint\",\"urlTemplate\":\"https:\\\/\\\/www.cargo-montreal.ca\\\/fr\\\/?s={search_term_string}\"},\"query-input\":{\"@type\":\"PropertyValueSpecification\",\"valueRequired\":true,\"valueName\":\"search_term_string\"}}],\"inLanguage\":\"fr-FR\"}]}<\/script>\n<!-- \/ Yoast SEO plugin. -->","yoast_head_json":{"title":"Centre Zone Franche - CargoM","robots":{"index":"index","follow":"follow","max-snippet":"max-snippet:-1","max-image-preview":"max-image-preview:large","max-video-preview":"max-video-preview:-1"},"canonical":"https:\/\/www.cargo-montreal.ca\/fr\/centre-zone-franche\/","og_locale":"fr_FR","og_type":"article","og_title":"Centre Zone Franche - CargoM","og_description":"Les entreprises peuvent b\u00e9n\u00e9ficier des incitatifs de type zone franche dans l&rsquo;ensemble du Canada. Le Canada d\u00e9signe donc des Centres zone franche pour aider et accompagner les entreprises qui souhaitent se pr\u00e9valoir des programmes. Les entreprises admissibles aux programmes sont tous les importateurs et exportateurs, dont ceux des secteurs suivants : Manufacturier &#8211; fabrication et [&hellip;]","og_url":"https:\/\/www.cargo-montreal.ca\/fr\/centre-zone-franche\/","og_site_name":"CargoM","article_modified_time":"2025-06-11T20:02:25+00:00","og_image":[{"width":2560,"height":2273,"url":"https:\/\/www.cargo-montreal.ca\/wp-content\/uploads\/2025\/06\/Image-conteneur-scaled.jpg","type":"image\/jpeg"}],"twitter_card":"summary_large_image","twitter_misc":{"Dur\u00e9e de lecture estim\u00e9e":"2 minutes"},"schema":{"@context":"https:\/\/schema.org","@graph":[{"@type":"WebPage","@id":"https:\/\/www.cargo-montreal.ca\/fr\/centre-zone-franche\/","url":"https:\/\/www.cargo-montreal.ca\/fr\/centre-zone-franche\/","name":"Centre Zone Franche - CargoM","isPartOf":{"@id":"https:\/\/www.cargo-montreal.ca\/fr\/#website"},"primaryImageOfPage":{"@id":"https:\/\/www.cargo-montreal.ca\/fr\/centre-zone-franche\/#primaryimage"},"image":{"@id":"https:\/\/www.cargo-montreal.ca\/fr\/centre-zone-franche\/#primaryimage"},"thumbnailUrl":"https:\/\/www.cargo-montreal.ca\/wp-content\/uploads\/2025\/06\/Image-conteneur-300x266.jpg","datePublished":"2025-06-11T19:33:37+00:00","dateModified":"2025-06-11T20:02:25+00:00","breadcrumb":{"@id":"https:\/\/www.cargo-montreal.ca\/fr\/centre-zone-franche\/#breadcrumb"},"inLanguage":"fr-FR","potentialAction":[{"@type":"ReadAction","target":["https:\/\/www.cargo-montreal.ca\/fr\/centre-zone-franche\/"]}]},{"@type":"ImageObject","inLanguage":"fr-FR","@id":"https:\/\/www.cargo-montreal.ca\/fr\/centre-zone-franche\/#primaryimage","url":"https:\/\/www.cargo-montreal.ca\/wp-content\/uploads\/2025\/06\/Image-conteneur-300x266.jpg","contentUrl":"https:\/\/www.cargo-montreal.ca\/wp-content\/uploads\/2025\/06\/Image-conteneur-300x266.jpg"},{"@type":"BreadcrumbList","@id":"https:\/\/www.cargo-montreal.ca\/fr\/centre-zone-franche\/#breadcrumb","itemListElement":[{"@type":"ListItem","position":1,"name":"Home","item":"https:\/\/www.cargo-montreal.ca\/fr\/"},{"@type":"ListItem","position":2,"name":"Centre Zone Franche"}]},{"@type":"WebSite","@id":"https:\/\/www.cargo-montreal.ca\/fr\/#website","url":"https:\/\/www.cargo-montreal.ca\/fr\/","name":"CargoM","description":"La mission de CargoM: Rassembler les acteurs de la logistique &amp; du transport de marchandises du Grand Montr\u00e9al autour d&#039;objectifs communs, d&#039;actions concert\u00e9es","potentialAction":[{"@type":"SearchAction","target":{"@type":"EntryPoint","urlTemplate":"https:\/\/www.cargo-montreal.ca\/fr\/?s={search_term_string}"},"query-input":{"@type":"PropertyValueSpecification","valueRequired":true,"valueName":"search_term_string"}}],"inLanguage":"fr-FR"}]}},"_links":{"self":[{"href":"https:\/\/www.cargo-montreal.ca\/fr\/wp-json\/wp\/v2\/pages\/18537","targetHints":{"allow":["GET"]}}],"collection":[{"href":"https:\/\/www.cargo-montreal.ca\/fr\/wp-json\/wp\/v2\/pages"}],"about":[{"href":"https:\/\/www.cargo-montreal.ca\/fr\/wp-json\/wp\/v2\/types\/page"}],"author":[{"embeddable":true,"href":"https:\/\/www.cargo-montreal.ca\/fr\/wp-json\/wp\/v2\/users\/39"}],"replies":[{"embeddable":true,"href":"https:\/\/www.cargo-montreal.ca\/fr\/wp-json\/wp\/v2\/comments?post=18537"}],"version-history":[{"count":7,"href":"https:\/\/www.cargo-montreal.ca\/fr\/wp-json\/wp\/v2\/pages\/18537\/revisions"}],"predecessor-version":[{"id":18546,"href":"https:\/\/www.cargo-montreal.ca\/fr\/wp-json\/wp\/v2\/pages\/18537\/revisions\/18546"}],"wp:attachment":[{"href":"https:\/\/www.cargo-montreal.ca\/fr\/wp-json\/wp\/v2\/media?parent=18537"}],"curies":[{"name":"wp","href":"https:\/\/api.w.org\/{rel}","templated":true}]}}