{"id":2004,"date":"2016-01-05T15:04:48","date_gmt":"2016-01-05T15:04:48","guid":{"rendered":"https:\/\/www.cargo-montreal.ca\/?page_id=2004"},"modified":"2020-07-08T14:49:58","modified_gmt":"2020-07-08T14:49:58","slug":"suis-le-conteneur","status":"publish","type":"page","link":"https:\/\/www.cargo-montreal.ca\/fr\/suis-le-conteneur\/","title":{"rendered":"Suis le Conteneur"},"content":{"rendered":"<p style=\"text-align: center;\">Le jeu <em>Suis le conteneur<\/em> est une activit\u00e9 p\u00e9dagogique visant \u00e0 informer et sensibiliser les jeunes \u00e9l\u00e8ves de niveau secondaire au secteur de la logistique et du transport des marchandises et ainsi valoriser les formations et les opportunit\u00e9s de carri\u00e8re qui s&rsquo;y rattachent.<\/p>\r\n&nbsp;\r\n\r\n<a href=\"https:\/\/www.cargo-montreal.ca\/wp-content\/uploads\/2020\/07\/suis-le-conteneur.jpg\"><img loading=\"lazy\" decoding=\"async\" class=\" wp-image-9906 aligncenter\" src=\"https:\/\/www.cargo-montreal.ca\/wp-content\/uploads\/2020\/07\/suis-le-conteneur-300x259.jpg\" alt=\"\" width=\"368\" height=\"318\" srcset=\"https:\/\/www.cargo-montreal.ca\/wp-content\/uploads\/2020\/07\/suis-le-conteneur-300x259.jpg 300w, https:\/\/www.cargo-montreal.ca\/wp-content\/uploads\/2020\/07\/suis-le-conteneur.jpg 714w\" sizes=\"auto, (max-width: 368px) 100vw, 368px\" \/><\/a>\r\n<p style=\"text-align: center;\"><a href=\"https:\/\/www.cargo-montreal.ca\/wp-content\/uploads\/2016\/12\/Guide-des-me\u0301tiers-version-web-e\u0301le\u0300ves-et-parents-CargoM-1-1.pdf\" target=\"_blank\" rel=\"noopener noreferrer\">Guide des m\u00e9tiers pour les \u00e9l\u00e8ves et les parents<\/a><\/p>\r\n<p style=\"text-align: center;\"><a href=\"https:\/\/www.cargo-montreal.ca\/wp-content\/uploads\/2016\/12\/Guide-des-me\u0301tiers-version-web-V3-conseillers-en-orientation-et-enseignants-1.pdf\" target=\"_blank\" rel=\"noopener noreferrer\">Guide des m\u00e9tiers pour les conseillers en orientation et les enseignants<\/a><\/p>\r\n&nbsp;","protected":false},"excerpt":{"rendered":"Le jeu Suis le conteneur est une activit\u00e9 p\u00e9dagogique visant \u00e0 informer et sensibiliser les jeunes \u00e9l\u00e8ves de niveau secondaire au secteur de la logistique et du transport des marchandises et ainsi valoriser les formations et les opportunit\u00e9s de carri\u00e8re qui s&rsquo;y rattachent. &nbsp; Guide des m\u00e9tiers pour les \u00e9l\u00e8ves et les parents Guide des [&hellip;]","protected":false},"author":1,"featured_media":0,"parent":0,"menu_order":20,"comment_status":"open","ping_status":"open","template":"","meta":{"_acf_changed":false,"footnotes":""},"class_list":["post-2004","page","type-page","status-publish","hentry"],"acf":[],"yoast_head":"<!-- This site is optimized with the Yoast SEO plugin v27.5 - https:\/\/yoast.com\/product\/yoast-seo-wordpress\/ -->\n<title>Suis le Conteneur - CargoM<\/title>\n<meta name=\"robots\" content=\"index, follow, max-snippet:-1, max-image-preview:large, max-video-preview:-1\" \/>\n<link rel=\"canonical\" href=\"https:\/\/www.cargo-montreal.ca\/fr\/suis-le-conteneur\/\" \/>\n<meta property=\"og:locale\" content=\"fr_FR\" \/>\n<meta property=\"og:type\" content=\"article\" \/>\n<meta property=\"og:title\" content=\"Suis le Conteneur - CargoM\" \/>\n<meta property=\"og:description\" content=\"Le jeu Suis le conteneur est une activit\u00e9 p\u00e9dagogique visant \u00e0 informer et sensibiliser les jeunes \u00e9l\u00e8ves de niveau secondaire au secteur de la logistique et du transport des marchandises et ainsi valoriser les formations et les opportunit\u00e9s de carri\u00e8re qui s&rsquo;y rattachent. &nbsp; Guide des m\u00e9tiers pour les \u00e9l\u00e8ves et les parents Guide des [&hellip;]\" \/>\n<meta property=\"og:url\" content=\"https:\/\/www.cargo-montreal.ca\/fr\/suis-le-conteneur\/\" \/>\n<meta property=\"og:site_name\" content=\"CargoM\" \/>\n<meta property=\"article:modified_time\" content=\"2020-07-08T14:49:58+00:00\" \/>\n<meta property=\"og:image\" content=\"https:\/\/www.cargo-montreal.ca\/wp-content\/uploads\/2020\/07\/suis-le-conteneur-300x259.jpg\" \/>\n<meta name=\"twitter:card\" content=\"summary_large_image\" \/>\n<script type=\"application\/ld+json\" class=\"yoast-schema-graph\">{\"@context\":\"https:\\\/\\\/schema.org\",\"@graph\":[{\"@type\":\"WebPage\",\"@id\":\"https:\\\/\\\/www.cargo-montreal.ca\\\/fr\\\/suis-le-conteneur\\\/\",\"url\":\"https:\\\/\\\/www.cargo-montreal.ca\\\/fr\\\/suis-le-conteneur\\\/\",\"name\":\"Suis le Conteneur - CargoM\",\"isPartOf\":{\"@id\":\"https:\\\/\\\/www.cargo-montreal.ca\\\/fr\\\/#website\"},\"primaryImageOfPage\":{\"@id\":\"https:\\\/\\\/www.cargo-montreal.ca\\\/fr\\\/suis-le-conteneur\\\/#primaryimage\"},\"image\":{\"@id\":\"https:\\\/\\\/www.cargo-montreal.ca\\\/fr\\\/suis-le-conteneur\\\/#primaryimage\"},\"thumbnailUrl\":\"https:\\\/\\\/www.cargo-montreal.ca\\\/wp-content\\\/uploads\\\/2020\\\/07\\\/suis-le-conteneur-300x259.jpg\",\"datePublished\":\"2016-01-05T15:04:48+00:00\",\"dateModified\":\"2020-07-08T14:49:58+00:00\",\"breadcrumb\":{\"@id\":\"https:\\\/\\\/www.cargo-montreal.ca\\\/fr\\\/suis-le-conteneur\\\/#breadcrumb\"},\"inLanguage\":\"fr-FR\",\"potentialAction\":[{\"@type\":\"ReadAction\",\"target\":[\"https:\\\/\\\/www.cargo-montreal.ca\\\/fr\\\/suis-le-conteneur\\\/\"]}]},{\"@type\":\"ImageObject\",\"inLanguage\":\"fr-FR\",\"@id\":\"https:\\\/\\\/www.cargo-montreal.ca\\\/fr\\\/suis-le-conteneur\\\/#primaryimage\",\"url\":\"https:\\\/\\\/www.cargo-montreal.ca\\\/wp-content\\\/uploads\\\/2020\\\/07\\\/suis-le-conteneur-300x259.jpg\",\"contentUrl\":\"https:\\\/\\\/www.cargo-montreal.ca\\\/wp-content\\\/uploads\\\/2020\\\/07\\\/suis-le-conteneur-300x259.jpg\"},{\"@type\":\"BreadcrumbList\",\"@id\":\"https:\\\/\\\/www.cargo-montreal.ca\\\/fr\\\/suis-le-conteneur\\\/#breadcrumb\",\"itemListElement\":[{\"@type\":\"ListItem\",\"position\":1,\"name\":\"Home\",\"item\":\"https:\\\/\\\/www.cargo-montreal.ca\\\/fr\\\/\"},{\"@type\":\"ListItem\",\"position\":2,\"name\":\"Suis le Conteneur\"}]},{\"@type\":\"WebSite\",\"@id\":\"https:\\\/\\\/www.cargo-montreal.ca\\\/fr\\\/#website\",\"url\":\"https:\\\/\\\/www.cargo-montreal.ca\\\/fr\\\/\",\"name\":\"CargoM\",\"description\":\"La mission de CargoM: Rassembler les acteurs de la logistique &amp; du transport de marchandises du Grand Montr\u00e9al autour d&#039;objectifs communs, d&#039;actions concert\u00e9es\",\"potentialAction\":[{\"@type\":\"SearchAction\",\"target\":{\"@type\":\"EntryPoint\",\"urlTemplate\":\"https:\\\/\\\/www.cargo-montreal.ca\\\/fr\\\/?s={search_term_string}\"},\"query-input\":{\"@type\":\"PropertyValueSpecification\",\"valueRequired\":true,\"valueName\":\"search_term_string\"}}],\"inLanguage\":\"fr-FR\"}]}<\/script>\n<!-- \/ Yoast SEO plugin. -->","yoast_head_json":{"title":"Suis le Conteneur - CargoM","robots":{"index":"index","follow":"follow","max-snippet":"max-snippet:-1","max-image-preview":"max-image-preview:large","max-video-preview":"max-video-preview:-1"},"canonical":"https:\/\/www.cargo-montreal.ca\/fr\/suis-le-conteneur\/","og_locale":"fr_FR","og_type":"article","og_title":"Suis le Conteneur - CargoM","og_description":"Le jeu Suis le conteneur est une activit\u00e9 p\u00e9dagogique visant \u00e0 informer et sensibiliser les jeunes \u00e9l\u00e8ves de niveau secondaire au secteur de la logistique et du transport des marchandises et ainsi valoriser les formations et les opportunit\u00e9s de carri\u00e8re qui s&rsquo;y rattachent. &nbsp; Guide des m\u00e9tiers pour les \u00e9l\u00e8ves et les parents Guide des [&hellip;]","og_url":"https:\/\/www.cargo-montreal.ca\/fr\/suis-le-conteneur\/","og_site_name":"CargoM","article_modified_time":"2020-07-08T14:49:58+00:00","og_image":[{"url":"https:\/\/www.cargo-montreal.ca\/wp-content\/uploads\/2020\/07\/suis-le-conteneur-300x259.jpg","type":"","width":"","height":""}],"twitter_card":"summary_large_image","schema":{"@context":"https:\/\/schema.org","@graph":[{"@type":"WebPage","@id":"https:\/\/www.cargo-montreal.ca\/fr\/suis-le-conteneur\/","url":"https:\/\/www.cargo-montreal.ca\/fr\/suis-le-conteneur\/","name":"Suis le Conteneur - CargoM","isPartOf":{"@id":"https:\/\/www.cargo-montreal.ca\/fr\/#website"},"primaryImageOfPage":{"@id":"https:\/\/www.cargo-montreal.ca\/fr\/suis-le-conteneur\/#primaryimage"},"image":{"@id":"https:\/\/www.cargo-montreal.ca\/fr\/suis-le-conteneur\/#primaryimage"},"thumbnailUrl":"https:\/\/www.cargo-montreal.ca\/wp-content\/uploads\/2020\/07\/suis-le-conteneur-300x259.jpg","datePublished":"2016-01-05T15:04:48+00:00","dateModified":"2020-07-08T14:49:58+00:00","breadcrumb":{"@id":"https:\/\/www.cargo-montreal.ca\/fr\/suis-le-conteneur\/#breadcrumb"},"inLanguage":"fr-FR","potentialAction":[{"@type":"ReadAction","target":["https:\/\/www.cargo-montreal.ca\/fr\/suis-le-conteneur\/"]}]},{"@type":"ImageObject","inLanguage":"fr-FR","@id":"https:\/\/www.cargo-montreal.ca\/fr\/suis-le-conteneur\/#primaryimage","url":"https:\/\/www.cargo-montreal.ca\/wp-content\/uploads\/2020\/07\/suis-le-conteneur-300x259.jpg","contentUrl":"https:\/\/www.cargo-montreal.ca\/wp-content\/uploads\/2020\/07\/suis-le-conteneur-300x259.jpg"},{"@type":"BreadcrumbList","@id":"https:\/\/www.cargo-montreal.ca\/fr\/suis-le-conteneur\/#breadcrumb","itemListElement":[{"@type":"ListItem","position":1,"name":"Home","item":"https:\/\/www.cargo-montreal.ca\/fr\/"},{"@type":"ListItem","position":2,"name":"Suis le Conteneur"}]},{"@type":"WebSite","@id":"https:\/\/www.cargo-montreal.ca\/fr\/#website","url":"https:\/\/www.cargo-montreal.ca\/fr\/","name":"CargoM","description":"La mission de CargoM: Rassembler les acteurs de la logistique &amp; du transport de marchandises du Grand Montr\u00e9al autour d&#039;objectifs communs, d&#039;actions concert\u00e9es","potentialAction":[{"@type":"SearchAction","target":{"@type":"EntryPoint","urlTemplate":"https:\/\/www.cargo-montreal.ca\/fr\/?s={search_term_string}"},"query-input":{"@type":"PropertyValueSpecification","valueRequired":true,"valueName":"search_term_string"}}],"inLanguage":"fr-FR"}]}},"_links":{"self":[{"href":"https:\/\/www.cargo-montreal.ca\/fr\/wp-json\/wp\/v2\/pages\/2004","targetHints":{"allow":["GET"]}}],"collection":[{"href":"https:\/\/www.cargo-montreal.ca\/fr\/wp-json\/wp\/v2\/pages"}],"about":[{"href":"https:\/\/www.cargo-montreal.ca\/fr\/wp-json\/wp\/v2\/types\/page"}],"author":[{"embeddable":true,"href":"https:\/\/www.cargo-montreal.ca\/fr\/wp-json\/wp\/v2\/users\/1"}],"replies":[{"embeddable":true,"href":"https:\/\/www.cargo-montreal.ca\/fr\/wp-json\/wp\/v2\/comments?post=2004"}],"version-history":[{"count":9,"href":"https:\/\/www.cargo-montreal.ca\/fr\/wp-json\/wp\/v2\/pages\/2004\/revisions"}],"predecessor-version":[{"id":9908,"href":"https:\/\/www.cargo-montreal.ca\/fr\/wp-json\/wp\/v2\/pages\/2004\/revisions\/9908"}],"wp:attachment":[{"href":"https:\/\/www.cargo-montreal.ca\/fr\/wp-json\/wp\/v2\/media?parent=2004"}],"curies":[{"name":"wp","href":"https:\/\/api.w.org\/{rel}","templated":true}]}}