{"id":20252,"date":"2026-02-24T20:45:45","date_gmt":"2026-02-25T01:45:45","guid":{"rendered":"https:\/\/www.cargo-montreal.ca\/?page_id=20252"},"modified":"2026-02-24T20:50:32","modified_gmt":"2026-02-25T01:50:32","slug":"sommaire-executif-du-plan-strategique-de-cargom-2026-2028","status":"publish","type":"page","link":"https:\/\/www.cargo-montreal.ca\/fr\/sommaire-executif-du-plan-strategique-de-cargom-2026-2028\/","title":{"rendered":""},"content":{"rendered":"<h2 style=\"text-align: center;\"><strong>Sommaire ex\u00e9cutif du plan strat\u00e9gique de CargoM <\/strong><strong>2026-2028<\/strong><\/h2>\r\n<p style=\"text-align: center;\"><span data-olk-copy-source=\"MessageBody\">Face \u00e0 la complexification des cha\u00eenes logistiques, \u00e0 la pression croissante sur les infrastructures et \u00e0 l\u2019\u00e9volution rapide des technologies, CargoM doit simultan\u00e9ment renforcer son leadership sectoriel, acc\u00e9l\u00e9rer la mise en \u0153uvre de projets structurants et assurer sa propre p\u00e9rennit\u00e9 organisationnelle.\u202f<\/span><\/p>\r\n<p><a href=\"https:\/\/www.cargo-montreal.ca\/wp-content\/uploads\/2026\/02\/Sommaire-executif-du-plan-strategique-de-CargoM-2026-2028.jpg\"><img loading=\"lazy\" decoding=\"async\" class=\"alignnone wp-image-20253 size-full\" src=\"https:\/\/www.cargo-montreal.ca\/wp-content\/uploads\/2026\/02\/Sommaire-executif-du-plan-strategique-de-CargoM-2026-2028.jpg\" alt=\"\" width=\"2560\" height=\"1440\" srcset=\"https:\/\/www.cargo-montreal.ca\/wp-content\/uploads\/2026\/02\/Sommaire-executif-du-plan-strategique-de-CargoM-2026-2028.jpg 2560w, https:\/\/www.cargo-montreal.ca\/wp-content\/uploads\/2026\/02\/Sommaire-executif-du-plan-strategique-de-CargoM-2026-2028-300x169.jpg 300w, https:\/\/www.cargo-montreal.ca\/wp-content\/uploads\/2026\/02\/Sommaire-executif-du-plan-strategique-de-CargoM-2026-2028-1024x576.jpg 1024w, https:\/\/www.cargo-montreal.ca\/wp-content\/uploads\/2026\/02\/Sommaire-executif-du-plan-strategique-de-CargoM-2026-2028-768x432.jpg 768w, https:\/\/www.cargo-montreal.ca\/wp-content\/uploads\/2026\/02\/Sommaire-executif-du-plan-strategique-de-CargoM-2026-2028-1536x864.jpg 1536w, https:\/\/www.cargo-montreal.ca\/wp-content\/uploads\/2026\/02\/Sommaire-executif-du-plan-strategique-de-CargoM-2026-2028-2048x1152.jpg 2048w\" sizes=\"auto, (max-width: 2560px) 100vw, 2560px\" \/><\/a><\/p>\r\n<p>&nbsp;<\/p>","protected":false},"excerpt":{"rendered":"Sommaire ex\u00e9cutif du plan strat\u00e9gique de CargoM 2026-2028 Face \u00e0 la complexification des cha\u00eenes logistiques, \u00e0 la pression croissante sur les infrastructures et \u00e0 l\u2019\u00e9volution rapide des technologies, CargoM doit simultan\u00e9ment renforcer son leadership sectoriel, acc\u00e9l\u00e9rer la mise en \u0153uvre de projets structurants et assurer sa propre p\u00e9rennit\u00e9 organisationnelle.\u202f &nbsp;","protected":false},"author":39,"featured_media":0,"parent":0,"menu_order":0,"comment_status":"closed","ping_status":"closed","template":"","meta":{"_acf_changed":false,"footnotes":""},"class_list":["post-20252","page","type-page","status-publish","hentry"],"acf":[],"yoast_head":"<!-- This site is optimized with the Yoast SEO plugin v27.3 - https:\/\/yoast.com\/product\/yoast-seo-wordpress\/ -->\n<title>- CargoM<\/title>\n<meta name=\"robots\" content=\"index, follow, max-snippet:-1, max-image-preview:large, max-video-preview:-1\" \/>\n<link rel=\"canonical\" href=\"https:\/\/www.cargo-montreal.ca\/fr\/sommaire-executif-du-plan-strategique-de-cargom-2026-2028\/\" \/>\n<meta property=\"og:locale\" content=\"fr_FR\" \/>\n<meta property=\"og:type\" content=\"article\" \/>\n<meta property=\"og:title\" content=\"- CargoM\" \/>\n<meta property=\"og:description\" content=\"Sommaire ex\u00e9cutif du plan strat\u00e9gique de CargoM 2026-2028 Face \u00e0 la complexification des cha\u00eenes logistiques, \u00e0 la pression croissante sur les infrastructures et \u00e0 l\u2019\u00e9volution rapide des technologies, CargoM doit simultan\u00e9ment renforcer son leadership sectoriel, acc\u00e9l\u00e9rer la mise en \u0153uvre de projets structurants et assurer sa propre p\u00e9rennit\u00e9 organisationnelle.\u202f &nbsp;\" \/>\n<meta property=\"og:url\" content=\"https:\/\/www.cargo-montreal.ca\/fr\/sommaire-executif-du-plan-strategique-de-cargom-2026-2028\/\" \/>\n<meta property=\"og:site_name\" content=\"CargoM\" \/>\n<meta property=\"article:modified_time\" content=\"2026-02-25T01:50:32+00:00\" \/>\n<meta property=\"og:image\" content=\"https:\/\/www.cargo-montreal.ca\/wp-content\/uploads\/2026\/02\/Sommaire-executif-du-plan-strategique-de-CargoM-2026-2028.jpg\" \/>\n\t<meta property=\"og:image:width\" content=\"2560\" \/>\n\t<meta property=\"og:image:height\" content=\"1440\" \/>\n\t<meta property=\"og:image:type\" content=\"image\/jpeg\" \/>\n<meta name=\"twitter:card\" content=\"summary_large_image\" \/>\n<meta name=\"twitter:label1\" content=\"Dur\u00e9e de lecture estim\u00e9e\" \/>\n\t<meta name=\"twitter:data1\" content=\"1 minute\" \/>\n<script type=\"application\/ld+json\" class=\"yoast-schema-graph\">{\"@context\":\"https:\\\/\\\/schema.org\",\"@graph\":[{\"@type\":\"WebPage\",\"@id\":\"https:\\\/\\\/www.cargo-montreal.ca\\\/fr\\\/sommaire-executif-du-plan-strategique-de-cargom-2026-2028\\\/\",\"url\":\"https:\\\/\\\/www.cargo-montreal.ca\\\/fr\\\/sommaire-executif-du-plan-strategique-de-cargom-2026-2028\\\/\",\"name\":\"- CargoM\",\"isPartOf\":{\"@id\":\"https:\\\/\\\/www.cargo-montreal.ca\\\/fr\\\/#website\"},\"primaryImageOfPage\":{\"@id\":\"https:\\\/\\\/www.cargo-montreal.ca\\\/fr\\\/sommaire-executif-du-plan-strategique-de-cargom-2026-2028\\\/#primaryimage\"},\"image\":{\"@id\":\"https:\\\/\\\/www.cargo-montreal.ca\\\/fr\\\/sommaire-executif-du-plan-strategique-de-cargom-2026-2028\\\/#primaryimage\"},\"thumbnailUrl\":\"https:\\\/\\\/www.cargo-montreal.ca\\\/wp-content\\\/uploads\\\/2026\\\/02\\\/Sommaire-executif-du-plan-strategique-de-CargoM-2026-2028.jpg\",\"datePublished\":\"2026-02-25T01:45:45+00:00\",\"dateModified\":\"2026-02-25T01:50:32+00:00\",\"inLanguage\":\"fr-FR\",\"potentialAction\":[{\"@type\":\"ReadAction\",\"target\":[\"https:\\\/\\\/www.cargo-montreal.ca\\\/fr\\\/sommaire-executif-du-plan-strategique-de-cargom-2026-2028\\\/\"]}]},{\"@type\":\"ImageObject\",\"inLanguage\":\"fr-FR\",\"@id\":\"https:\\\/\\\/www.cargo-montreal.ca\\\/fr\\\/sommaire-executif-du-plan-strategique-de-cargom-2026-2028\\\/#primaryimage\",\"url\":\"https:\\\/\\\/www.cargo-montreal.ca\\\/wp-content\\\/uploads\\\/2026\\\/02\\\/Sommaire-executif-du-plan-strategique-de-CargoM-2026-2028.jpg\",\"contentUrl\":\"https:\\\/\\\/www.cargo-montreal.ca\\\/wp-content\\\/uploads\\\/2026\\\/02\\\/Sommaire-executif-du-plan-strategique-de-CargoM-2026-2028.jpg\"},{\"@type\":\"WebSite\",\"@id\":\"https:\\\/\\\/www.cargo-montreal.ca\\\/fr\\\/#website\",\"url\":\"https:\\\/\\\/www.cargo-montreal.ca\\\/fr\\\/\",\"name\":\"CargoM\",\"description\":\"La mission de CargoM: Rassembler les acteurs de la logistique &amp; du transport de marchandises du Grand Montr\u00e9al autour d&#039;objectifs communs, d&#039;actions concert\u00e9es\",\"potentialAction\":[{\"@type\":\"SearchAction\",\"target\":{\"@type\":\"EntryPoint\",\"urlTemplate\":\"https:\\\/\\\/www.cargo-montreal.ca\\\/fr\\\/?s={search_term_string}\"},\"query-input\":{\"@type\":\"PropertyValueSpecification\",\"valueRequired\":true,\"valueName\":\"search_term_string\"}}],\"inLanguage\":\"fr-FR\"}]}<\/script>\n<!-- \/ Yoast SEO plugin. -->","yoast_head_json":{"title":"- CargoM","robots":{"index":"index","follow":"follow","max-snippet":"max-snippet:-1","max-image-preview":"max-image-preview:large","max-video-preview":"max-video-preview:-1"},"canonical":"https:\/\/www.cargo-montreal.ca\/fr\/sommaire-executif-du-plan-strategique-de-cargom-2026-2028\/","og_locale":"fr_FR","og_type":"article","og_title":"- CargoM","og_description":"Sommaire ex\u00e9cutif du plan strat\u00e9gique de CargoM 2026-2028 Face \u00e0 la complexification des cha\u00eenes logistiques, \u00e0 la pression croissante sur les infrastructures et \u00e0 l\u2019\u00e9volution rapide des technologies, CargoM doit simultan\u00e9ment renforcer son leadership sectoriel, acc\u00e9l\u00e9rer la mise en \u0153uvre de projets structurants et assurer sa propre p\u00e9rennit\u00e9 organisationnelle.\u202f &nbsp;","og_url":"https:\/\/www.cargo-montreal.ca\/fr\/sommaire-executif-du-plan-strategique-de-cargom-2026-2028\/","og_site_name":"CargoM","article_modified_time":"2026-02-25T01:50:32+00:00","og_image":[{"width":2560,"height":1440,"url":"https:\/\/www.cargo-montreal.ca\/wp-content\/uploads\/2026\/02\/Sommaire-executif-du-plan-strategique-de-CargoM-2026-2028.jpg","type":"image\/jpeg"}],"twitter_card":"summary_large_image","twitter_misc":{"Dur\u00e9e de lecture estim\u00e9e":"1 minute"},"schema":{"@context":"https:\/\/schema.org","@graph":[{"@type":"WebPage","@id":"https:\/\/www.cargo-montreal.ca\/fr\/sommaire-executif-du-plan-strategique-de-cargom-2026-2028\/","url":"https:\/\/www.cargo-montreal.ca\/fr\/sommaire-executif-du-plan-strategique-de-cargom-2026-2028\/","name":"- CargoM","isPartOf":{"@id":"https:\/\/www.cargo-montreal.ca\/fr\/#website"},"primaryImageOfPage":{"@id":"https:\/\/www.cargo-montreal.ca\/fr\/sommaire-executif-du-plan-strategique-de-cargom-2026-2028\/#primaryimage"},"image":{"@id":"https:\/\/www.cargo-montreal.ca\/fr\/sommaire-executif-du-plan-strategique-de-cargom-2026-2028\/#primaryimage"},"thumbnailUrl":"https:\/\/www.cargo-montreal.ca\/wp-content\/uploads\/2026\/02\/Sommaire-executif-du-plan-strategique-de-CargoM-2026-2028.jpg","datePublished":"2026-02-25T01:45:45+00:00","dateModified":"2026-02-25T01:50:32+00:00","inLanguage":"fr-FR","potentialAction":[{"@type":"ReadAction","target":["https:\/\/www.cargo-montreal.ca\/fr\/sommaire-executif-du-plan-strategique-de-cargom-2026-2028\/"]}]},{"@type":"ImageObject","inLanguage":"fr-FR","@id":"https:\/\/www.cargo-montreal.ca\/fr\/sommaire-executif-du-plan-strategique-de-cargom-2026-2028\/#primaryimage","url":"https:\/\/www.cargo-montreal.ca\/wp-content\/uploads\/2026\/02\/Sommaire-executif-du-plan-strategique-de-CargoM-2026-2028.jpg","contentUrl":"https:\/\/www.cargo-montreal.ca\/wp-content\/uploads\/2026\/02\/Sommaire-executif-du-plan-strategique-de-CargoM-2026-2028.jpg"},{"@type":"WebSite","@id":"https:\/\/www.cargo-montreal.ca\/fr\/#website","url":"https:\/\/www.cargo-montreal.ca\/fr\/","name":"CargoM","description":"La mission de CargoM: Rassembler les acteurs de la logistique &amp; du transport de marchandises du Grand Montr\u00e9al autour d&#039;objectifs communs, d&#039;actions concert\u00e9es","potentialAction":[{"@type":"SearchAction","target":{"@type":"EntryPoint","urlTemplate":"https:\/\/www.cargo-montreal.ca\/fr\/?s={search_term_string}"},"query-input":{"@type":"PropertyValueSpecification","valueRequired":true,"valueName":"search_term_string"}}],"inLanguage":"fr-FR"}]}},"_links":{"self":[{"href":"https:\/\/www.cargo-montreal.ca\/fr\/wp-json\/wp\/v2\/pages\/20252","targetHints":{"allow":["GET"]}}],"collection":[{"href":"https:\/\/www.cargo-montreal.ca\/fr\/wp-json\/wp\/v2\/pages"}],"about":[{"href":"https:\/\/www.cargo-montreal.ca\/fr\/wp-json\/wp\/v2\/types\/page"}],"author":[{"embeddable":true,"href":"https:\/\/www.cargo-montreal.ca\/fr\/wp-json\/wp\/v2\/users\/39"}],"replies":[{"embeddable":true,"href":"https:\/\/www.cargo-montreal.ca\/fr\/wp-json\/wp\/v2\/comments?post=20252"}],"version-history":[{"count":6,"href":"https:\/\/www.cargo-montreal.ca\/fr\/wp-json\/wp\/v2\/pages\/20252\/revisions"}],"predecessor-version":[{"id":20259,"href":"https:\/\/www.cargo-montreal.ca\/fr\/wp-json\/wp\/v2\/pages\/20252\/revisions\/20259"}],"wp:attachment":[{"href":"https:\/\/www.cargo-montreal.ca\/fr\/wp-json\/wp\/v2\/media?parent=20252"}],"curies":[{"name":"wp","href":"https:\/\/api.w.org\/{rel}","templated":true}]}}