{"id":2037,"date":"2016-01-21T20:03:03","date_gmt":"2016-01-21T20:03:03","guid":{"rendered":"https:\/\/www.cargo-montreal.ca\/?page_id=2037"},"modified":"2026-04-10T15:14:38","modified_gmt":"2026-04-10T19:14:38","slug":"journee-carriere-cargom","status":"publish","type":"page","link":"https:\/\/www.cargo-montreal.ca\/fr\/activities\/cargom-organise\/journee-carriere-cargom\/","title":{"rendered":"Journ\u00e9es carri\u00e8res en transport et logistique 2026"},"content":{"rendered":"<h2 style=\"text-align: center;\"><strong>\ud83e\udd1dVous recrutez activement?<\/strong><\/h2>\r\n<h2 style=\"text-align: center;\"><strong>Venez \u00e0 la rencontre de candidat(e)s qui feront la diff\u00e9rence au sein de votre entreprise!<\/strong><\/h2>\r\n<p style=\"text-align: justify;\">CargoM convie ses membres et partenaires au\u00a0<a href=\"https:\/\/ecarrieres.com\/fr\/evenements\/salon-emploi-automne\/\">Salon de l\u2019emploi et de la formation continue<\/a>\u00a0qui aura lieu au Palais des congr\u00e8s de Montr\u00e9al les 1<strong>4 et 15 octobre 2026<\/strong>.<\/p>\r\n<p style=\"text-align: justify;\">Lors de ce salon d\u2019envergure qui attire plus de 15 000 participant(e)s, un pavillon, pr\u00e9sent\u00e9 par CargoM, r\u00e9unira les entreprises et les institutions d\u2019enseignement de notre secteur afin de promouvoir les m\u00e9tiers et les formations du transport et de la logistique.\u00a0<\/p>\r\n<p style=\"text-align: justify;\">Un rabais sur les frais d\u2019inscription est offert aux membres de CargoM.<\/p>\r\n<p style=\"text-align: justify;\">Pour en savoir plus sur le salon et obtenir le code promotionnel, contactez Yves Murray \u00e0 l\u2019adresse suivante :\u00a0<a href=\"mailto:ymurray@cargo-montreal.ca\">ymurray@cargo-montreal.ca<\/a>.<\/p>\r\n<div style=\"position: absolute; top: -15412346px;\">\r\n<p><a href=\"https:\/\/casinoshandyeinzahlung.at\/rolling-slots-casino\/\">Rolling Slots Casino<\/a> en Autriche : L&rsquo;Excellence du Jeu en Ligne Le monde du jeu en ligne en Autriche est enrichi par la pr\u00e9sence exceptionnelle du Rolling Slots Casino en Autriche.<\/p>\r\n<p>Les Points Forts de Rolling Slots Casino en Autriche: 1. S\u00e9lection Exceptionnelle de Jeux : Rolling Slots Casino en Autriche propose une gamme vari\u00e9e de jeux, des machines \u00e0 sous passionnantes aux jeux de table classiques. Les partenariats avec des d\u00e9veloppeurs renomm\u00e9s garantissent une exp\u00e9rience de jeu diversifi\u00e9e. 2. Programme de Bonus Attrayant : Les joueurs autrichiens b\u00e9n\u00e9ficient d&rsquo;un programme de bonus g\u00e9n\u00e9reux, y compris des bonus de bienvenue, des tours gratuits et des promotions r\u00e9guli\u00e8res. Les conditions de bonus transparentes offrent aux joueurs une exp\u00e9rience de jeu \u00e9quitable. 3. Support Client D\u00e9di\u00e9 : Rolling Slots Casino en Autriche offre un service client\u00e8le d\u00e9vou\u00e9, disponible pour r\u00e9pondre aux questions et r\u00e9soudre les probl\u00e8mes 24\/7. Les canaux de communication multiples, y compris le chat en direct et l&rsquo;e-mail, garantissent une assistance rapide.<\/p>\r\n<\/div>","protected":false},"excerpt":{"rendered":"\ud83e\udd1dVous recrutez activement? Venez \u00e0 la rencontre de candidat(e)s qui feront la diff\u00e9rence au sein de votre entreprise! CargoM convie ses membres et partenaires au\u00a0Salon de l\u2019emploi et de la formation continue\u00a0qui aura lieu au Palais des congr\u00e8s de Montr\u00e9al les 14 et 15 octobre 2026. Lors de ce salon d\u2019envergure qui attire plus de [&hellip;]","protected":false},"author":1,"featured_media":0,"parent":80,"menu_order":0,"comment_status":"closed","ping_status":"closed","template":"page-templates\/CareerDay.php","meta":{"_acf_changed":false,"footnotes":""},"class_list":["post-2037","page","type-page","status-publish","hentry"],"acf":[],"yoast_head":"<!-- This site is optimized with the Yoast SEO plugin v27.3 - https:\/\/yoast.com\/product\/yoast-seo-wordpress\/ -->\n<title>Journ\u00e9es carri\u00e8res en transport et logistique 2026 - CargoM<\/title>\n<meta name=\"robots\" content=\"index, follow, max-snippet:-1, max-image-preview:large, max-video-preview:-1\" \/>\n<link rel=\"canonical\" href=\"https:\/\/www.cargo-montreal.ca\/fr\/activities\/cargom-organise\/journee-carriere-cargom\/\" \/>\n<meta property=\"og:locale\" content=\"fr_FR\" \/>\n<meta property=\"og:type\" content=\"article\" \/>\n<meta property=\"og:title\" content=\"Journ\u00e9es carri\u00e8res en transport et logistique 2026 - CargoM\" \/>\n<meta property=\"og:description\" content=\"\ud83e\udd1dVous recrutez activement? Venez \u00e0 la rencontre de candidat(e)s qui feront la diff\u00e9rence au sein de votre entreprise! CargoM convie ses membres et partenaires au\u00a0Salon de l\u2019emploi et de la formation continue\u00a0qui aura lieu au Palais des congr\u00e8s de Montr\u00e9al les 14 et 15 octobre 2026. Lors de ce salon d\u2019envergure qui attire plus de [&hellip;]\" \/>\n<meta property=\"og:url\" content=\"https:\/\/www.cargo-montreal.ca\/fr\/activities\/cargom-organise\/journee-carriere-cargom\/\" \/>\n<meta property=\"og:site_name\" content=\"CargoM\" \/>\n<meta property=\"article:modified_time\" content=\"2026-04-10T19:14:38+00:00\" \/>\n<meta name=\"twitter:card\" content=\"summary_large_image\" \/>\n<meta name=\"twitter:label1\" content=\"Dur\u00e9e de lecture estim\u00e9e\" \/>\n\t<meta name=\"twitter:data1\" content=\"2 minutes\" \/>\n<script type=\"application\/ld+json\" class=\"yoast-schema-graph\">{\"@context\":\"https:\\\/\\\/schema.org\",\"@graph\":[{\"@type\":\"WebPage\",\"@id\":\"https:\\\/\\\/www.cargo-montreal.ca\\\/fr\\\/activities\\\/cargom-organise\\\/journee-carriere-cargom\\\/\",\"url\":\"https:\\\/\\\/www.cargo-montreal.ca\\\/fr\\\/activities\\\/cargom-organise\\\/journee-carriere-cargom\\\/\",\"name\":\"Journ\u00e9es carri\u00e8res en transport et logistique 2026 - CargoM\",\"isPartOf\":{\"@id\":\"https:\\\/\\\/www.cargo-montreal.ca\\\/fr\\\/#website\"},\"datePublished\":\"2016-01-21T20:03:03+00:00\",\"dateModified\":\"2026-04-10T19:14:38+00:00\",\"breadcrumb\":{\"@id\":\"https:\\\/\\\/www.cargo-montreal.ca\\\/fr\\\/activities\\\/cargom-organise\\\/journee-carriere-cargom\\\/#breadcrumb\"},\"inLanguage\":\"fr-FR\",\"potentialAction\":[{\"@type\":\"ReadAction\",\"target\":[\"https:\\\/\\\/www.cargo-montreal.ca\\\/fr\\\/activities\\\/cargom-organise\\\/journee-carriere-cargom\\\/\"]}]},{\"@type\":\"BreadcrumbList\",\"@id\":\"https:\\\/\\\/www.cargo-montreal.ca\\\/fr\\\/activities\\\/cargom-organise\\\/journee-carriere-cargom\\\/#breadcrumb\",\"itemListElement\":[{\"@type\":\"ListItem\",\"position\":1,\"name\":\"Home\",\"item\":\"https:\\\/\\\/www.cargo-montreal.ca\\\/fr\\\/\"},{\"@type\":\"ListItem\",\"position\":2,\"name\":\"Activities\",\"item\":\"https:\\\/\\\/www.cargo-montreal.ca\\\/fr\\\/activities\\\/\"},{\"@type\":\"ListItem\",\"position\":3,\"name\":\"CargoM ORGANISE\",\"item\":\"https:\\\/\\\/www.cargo-montreal.ca\\\/fr\\\/activities\\\/cargom-organise\\\/\"},{\"@type\":\"ListItem\",\"position\":4,\"name\":\"Journ\u00e9es carri\u00e8res en transport et logistique 2026\"}]},{\"@type\":\"WebSite\",\"@id\":\"https:\\\/\\\/www.cargo-montreal.ca\\\/fr\\\/#website\",\"url\":\"https:\\\/\\\/www.cargo-montreal.ca\\\/fr\\\/\",\"name\":\"CargoM\",\"description\":\"La mission de CargoM: Rassembler les acteurs de la logistique &amp; du transport de marchandises du Grand Montr\u00e9al autour d&#039;objectifs communs, d&#039;actions concert\u00e9es\",\"potentialAction\":[{\"@type\":\"SearchAction\",\"target\":{\"@type\":\"EntryPoint\",\"urlTemplate\":\"https:\\\/\\\/www.cargo-montreal.ca\\\/fr\\\/?s={search_term_string}\"},\"query-input\":{\"@type\":\"PropertyValueSpecification\",\"valueRequired\":true,\"valueName\":\"search_term_string\"}}],\"inLanguage\":\"fr-FR\"}]}<\/script>\n<!-- \/ Yoast SEO plugin. -->","yoast_head_json":{"title":"Journ\u00e9es carri\u00e8res en transport et logistique 2026 - CargoM","robots":{"index":"index","follow":"follow","max-snippet":"max-snippet:-1","max-image-preview":"max-image-preview:large","max-video-preview":"max-video-preview:-1"},"canonical":"https:\/\/www.cargo-montreal.ca\/fr\/activities\/cargom-organise\/journee-carriere-cargom\/","og_locale":"fr_FR","og_type":"article","og_title":"Journ\u00e9es carri\u00e8res en transport et logistique 2026 - CargoM","og_description":"\ud83e\udd1dVous recrutez activement? Venez \u00e0 la rencontre de candidat(e)s qui feront la diff\u00e9rence au sein de votre entreprise! CargoM convie ses membres et partenaires au\u00a0Salon de l\u2019emploi et de la formation continue\u00a0qui aura lieu au Palais des congr\u00e8s de Montr\u00e9al les 14 et 15 octobre 2026. Lors de ce salon d\u2019envergure qui attire plus de [&hellip;]","og_url":"https:\/\/www.cargo-montreal.ca\/fr\/activities\/cargom-organise\/journee-carriere-cargom\/","og_site_name":"CargoM","article_modified_time":"2026-04-10T19:14:38+00:00","twitter_card":"summary_large_image","twitter_misc":{"Dur\u00e9e de lecture estim\u00e9e":"2 minutes"},"schema":{"@context":"https:\/\/schema.org","@graph":[{"@type":"WebPage","@id":"https:\/\/www.cargo-montreal.ca\/fr\/activities\/cargom-organise\/journee-carriere-cargom\/","url":"https:\/\/www.cargo-montreal.ca\/fr\/activities\/cargom-organise\/journee-carriere-cargom\/","name":"Journ\u00e9es carri\u00e8res en transport et logistique 2026 - CargoM","isPartOf":{"@id":"https:\/\/www.cargo-montreal.ca\/fr\/#website"},"datePublished":"2016-01-21T20:03:03+00:00","dateModified":"2026-04-10T19:14:38+00:00","breadcrumb":{"@id":"https:\/\/www.cargo-montreal.ca\/fr\/activities\/cargom-organise\/journee-carriere-cargom\/#breadcrumb"},"inLanguage":"fr-FR","potentialAction":[{"@type":"ReadAction","target":["https:\/\/www.cargo-montreal.ca\/fr\/activities\/cargom-organise\/journee-carriere-cargom\/"]}]},{"@type":"BreadcrumbList","@id":"https:\/\/www.cargo-montreal.ca\/fr\/activities\/cargom-organise\/journee-carriere-cargom\/#breadcrumb","itemListElement":[{"@type":"ListItem","position":1,"name":"Home","item":"https:\/\/www.cargo-montreal.ca\/fr\/"},{"@type":"ListItem","position":2,"name":"Activities","item":"https:\/\/www.cargo-montreal.ca\/fr\/activities\/"},{"@type":"ListItem","position":3,"name":"CargoM ORGANISE","item":"https:\/\/www.cargo-montreal.ca\/fr\/activities\/cargom-organise\/"},{"@type":"ListItem","position":4,"name":"Journ\u00e9es carri\u00e8res en transport et logistique 2026"}]},{"@type":"WebSite","@id":"https:\/\/www.cargo-montreal.ca\/fr\/#website","url":"https:\/\/www.cargo-montreal.ca\/fr\/","name":"CargoM","description":"La mission de CargoM: Rassembler les acteurs de la logistique &amp; du transport de marchandises du Grand Montr\u00e9al autour d&#039;objectifs communs, d&#039;actions concert\u00e9es","potentialAction":[{"@type":"SearchAction","target":{"@type":"EntryPoint","urlTemplate":"https:\/\/www.cargo-montreal.ca\/fr\/?s={search_term_string}"},"query-input":{"@type":"PropertyValueSpecification","valueRequired":true,"valueName":"search_term_string"}}],"inLanguage":"fr-FR"}]}},"_links":{"self":[{"href":"https:\/\/www.cargo-montreal.ca\/fr\/wp-json\/wp\/v2\/pages\/2037","targetHints":{"allow":["GET"]}}],"collection":[{"href":"https:\/\/www.cargo-montreal.ca\/fr\/wp-json\/wp\/v2\/pages"}],"about":[{"href":"https:\/\/www.cargo-montreal.ca\/fr\/wp-json\/wp\/v2\/types\/page"}],"author":[{"embeddable":true,"href":"https:\/\/www.cargo-montreal.ca\/fr\/wp-json\/wp\/v2\/users\/1"}],"replies":[{"embeddable":true,"href":"https:\/\/www.cargo-montreal.ca\/fr\/wp-json\/wp\/v2\/comments?post=2037"}],"version-history":[{"count":467,"href":"https:\/\/www.cargo-montreal.ca\/fr\/wp-json\/wp\/v2\/pages\/2037\/revisions"}],"predecessor-version":[{"id":20371,"href":"https:\/\/www.cargo-montreal.ca\/fr\/wp-json\/wp\/v2\/pages\/2037\/revisions\/20371"}],"up":[{"embeddable":true,"href":"https:\/\/www.cargo-montreal.ca\/fr\/wp-json\/wp\/v2\/pages\/80"}],"wp:attachment":[{"href":"https:\/\/www.cargo-montreal.ca\/fr\/wp-json\/wp\/v2\/media?parent=2037"}],"curies":[{"name":"wp","href":"https:\/\/api.w.org\/{rel}","templated":true}]}}