{"id":22,"date":"2014-12-18T17:52:17","date_gmt":"2014-12-18T17:52:17","guid":{"rendered":"http:\/\/cargowp\/?page_id=22"},"modified":"2019-04-23T14:29:31","modified_gmt":"2019-04-23T14:29:31","slug":"comite-executif","status":"publish","type":"page","link":"https:\/\/www.cargo-montreal.ca\/fr\/qui-sommes-nous\/comite-executif\/","title":{"rendered":"Comit\u00e9 ex\u00e9cutif"},"content":{"rendered":"<div class=\"pageTitleContainer\"><span class=\"pageTitle\">Comit\u00e9 ex\u00e9cutif<\/span><\/div>\r\n<div class=\"columnFull comiteExec\">\r\n<div class=\"columnEl\">\r\n<div class=\"columnElName\">Sylvie Vachon, <span class=\"columnElTitle\">Pr\u00e9sidente<\/span><\/div>\r\n<div class=\"columnElCo\">Pr\u00e9sidente-directrice g\u00e9n\u00e9rale, Administration portuaire de Montr\u00e9al<\/div>\r\n<\/div>\r\n<div class=\"columnEl\">\r\n<div class=\"columnElName\">Madeleine Paquin, <span class=\"columnElTitle\">Vice-pr\u00e9sidente<\/span><\/div>\r\n<div class=\"columnElCo\">Pr\u00e9sidente et Chef de la Direction, Logistec Corporation<\/div>\r\n<\/div>\r\n<div class=\"columnEl\">\r\n<div class=\"columnElName\">Daniel B\u00e9lisle, <span class=\"columnElTitle\">Tr\u00e9sorier<\/span><\/div>\r\n<div class=\"columnElCo\">Premier vice-pr\u00e9sident, Oceanex<\/div>\r\n<\/div>\r\n<div class=\"columnEl\">\r\n<div class=\"columnElName\">Fran\u00e7ois H\u00e9bert, <span class=\"columnElTitle\">Administrateur<\/span><\/div>\r\n<div class=\"columnElCo\">Vice-Pr\u00e9sident, Strat\u00e9gie r\u00e9seau, Canadien National<\/div>\r\n<\/div>\r\n<div class=\"columnEl\">\r\n<div class=\"columnElName\">Marc Cadieux, <span class=\"columnElTitle\">Administrateur<\/span><\/div>\r\n<div class=\"columnElCo\">Pr\u00e9sident-Directeur G\u00e9n\u00e9ral, Association du camionnage du Qu\u00e9bec<\/div>\r\n<\/div>\r\n<div class=\"columnEl\">\r\n<div class=\"columnElName\">Val\u00e9rie Wells, <span class=\"columnElTitle\">Secr\u00e9taire<\/span><\/div>\r\n<div class=\"columnElCo\">Directrice affaires juridiques , Administration portuaire de Montr\u00e9al<\/div>\r\n<\/div>\r\n<\/div>","protected":false},"excerpt":{"rendered":"Comit\u00e9 ex\u00e9cutif Sylvie Vachon, Pr\u00e9sidente Pr\u00e9sidente-directrice g\u00e9n\u00e9rale, Administration portuaire de Montr\u00e9al Madeleine Paquin, Vice-pr\u00e9sidente Pr\u00e9sidente et Chef de la Direction, Logistec Corporation Daniel B\u00e9lisle, Tr\u00e9sorier Premier vice-pr\u00e9sident, Oceanex Fran\u00e7ois H\u00e9bert, Administrateur Vice-Pr\u00e9sident, Strat\u00e9gie r\u00e9seau, Canadien National Marc Cadieux, Administrateur Pr\u00e9sident-Directeur G\u00e9n\u00e9ral, Association du camionnage du Qu\u00e9bec Val\u00e9rie Wells, Secr\u00e9taire Directrice affaires juridiques , Administration portuaire [&hellip;]","protected":false},"author":1,"featured_media":0,"parent":344,"menu_order":2,"comment_status":"open","ping_status":"open","template":"page-templates\/ExecutiveCommittee.php","meta":{"_acf_changed":false,"footnotes":""},"class_list":["post-22","page","type-page","status-publish","hentry"],"acf":[],"yoast_head":"<!-- This site is optimized with the Yoast SEO plugin v27.5 - https:\/\/yoast.com\/product\/yoast-seo-wordpress\/ -->\n<title>Comit\u00e9 ex\u00e9cutif - CargoM<\/title>\n<meta name=\"robots\" content=\"index, follow, max-snippet:-1, max-image-preview:large, max-video-preview:-1\" \/>\n<link rel=\"canonical\" href=\"https:\/\/www.cargo-montreal.ca\/fr\/qui-sommes-nous\/comite-executif\/\" \/>\n<meta property=\"og:locale\" content=\"fr_FR\" \/>\n<meta property=\"og:type\" content=\"article\" \/>\n<meta property=\"og:title\" content=\"Comit\u00e9 ex\u00e9cutif - CargoM\" \/>\n<meta property=\"og:description\" content=\"Comit\u00e9 ex\u00e9cutif Sylvie Vachon, Pr\u00e9sidente Pr\u00e9sidente-directrice g\u00e9n\u00e9rale, Administration portuaire de Montr\u00e9al Madeleine Paquin, Vice-pr\u00e9sidente Pr\u00e9sidente et Chef de la Direction, Logistec Corporation Daniel B\u00e9lisle, Tr\u00e9sorier Premier vice-pr\u00e9sident, Oceanex Fran\u00e7ois H\u00e9bert, Administrateur Vice-Pr\u00e9sident, Strat\u00e9gie r\u00e9seau, Canadien National Marc Cadieux, Administrateur Pr\u00e9sident-Directeur G\u00e9n\u00e9ral, Association du camionnage du Qu\u00e9bec Val\u00e9rie Wells, Secr\u00e9taire Directrice affaires juridiques , Administration portuaire [&hellip;]\" \/>\n<meta property=\"og:url\" content=\"https:\/\/www.cargo-montreal.ca\/fr\/qui-sommes-nous\/comite-executif\/\" \/>\n<meta property=\"og:site_name\" content=\"CargoM\" \/>\n<meta property=\"article:modified_time\" content=\"2019-04-23T14:29:31+00:00\" \/>\n<meta name=\"twitter:card\" content=\"summary_large_image\" \/>\n<script type=\"application\/ld+json\" class=\"yoast-schema-graph\">{\"@context\":\"https:\\\/\\\/schema.org\",\"@graph\":[{\"@type\":\"WebPage\",\"@id\":\"https:\\\/\\\/www.cargo-montreal.ca\\\/fr\\\/qui-sommes-nous\\\/comite-executif\\\/\",\"url\":\"https:\\\/\\\/www.cargo-montreal.ca\\\/fr\\\/qui-sommes-nous\\\/comite-executif\\\/\",\"name\":\"Comit\u00e9 ex\u00e9cutif - CargoM\",\"isPartOf\":{\"@id\":\"https:\\\/\\\/www.cargo-montreal.ca\\\/fr\\\/#website\"},\"datePublished\":\"2014-12-18T17:52:17+00:00\",\"dateModified\":\"2019-04-23T14:29:31+00:00\",\"breadcrumb\":{\"@id\":\"https:\\\/\\\/www.cargo-montreal.ca\\\/fr\\\/qui-sommes-nous\\\/comite-executif\\\/#breadcrumb\"},\"inLanguage\":\"fr-FR\",\"potentialAction\":[{\"@type\":\"ReadAction\",\"target\":[\"https:\\\/\\\/www.cargo-montreal.ca\\\/fr\\\/qui-sommes-nous\\\/comite-executif\\\/\"]}]},{\"@type\":\"BreadcrumbList\",\"@id\":\"https:\\\/\\\/www.cargo-montreal.ca\\\/fr\\\/qui-sommes-nous\\\/comite-executif\\\/#breadcrumb\",\"itemListElement\":[{\"@type\":\"ListItem\",\"position\":1,\"name\":\"Home\",\"item\":\"https:\\\/\\\/www.cargo-montreal.ca\\\/fr\\\/\"},{\"@type\":\"ListItem\",\"position\":2,\"name\":\"Qui sommes-nous?\",\"item\":\"https:\\\/\\\/www.cargo-montreal.ca\\\/fr\\\/qui-sommes-nous\\\/\"},{\"@type\":\"ListItem\",\"position\":3,\"name\":\"Comit\u00e9 ex\u00e9cutif\"}]},{\"@type\":\"WebSite\",\"@id\":\"https:\\\/\\\/www.cargo-montreal.ca\\\/fr\\\/#website\",\"url\":\"https:\\\/\\\/www.cargo-montreal.ca\\\/fr\\\/\",\"name\":\"CargoM\",\"description\":\"La mission de CargoM: Rassembler les acteurs de la logistique &amp; du transport de marchandises du Grand Montr\u00e9al autour d&#039;objectifs communs, d&#039;actions concert\u00e9es\",\"potentialAction\":[{\"@type\":\"SearchAction\",\"target\":{\"@type\":\"EntryPoint\",\"urlTemplate\":\"https:\\\/\\\/www.cargo-montreal.ca\\\/fr\\\/?s={search_term_string}\"},\"query-input\":{\"@type\":\"PropertyValueSpecification\",\"valueRequired\":true,\"valueName\":\"search_term_string\"}}],\"inLanguage\":\"fr-FR\"}]}<\/script>\n<!-- \/ Yoast SEO plugin. -->","yoast_head_json":{"title":"Comit\u00e9 ex\u00e9cutif - CargoM","robots":{"index":"index","follow":"follow","max-snippet":"max-snippet:-1","max-image-preview":"max-image-preview:large","max-video-preview":"max-video-preview:-1"},"canonical":"https:\/\/www.cargo-montreal.ca\/fr\/qui-sommes-nous\/comite-executif\/","og_locale":"fr_FR","og_type":"article","og_title":"Comit\u00e9 ex\u00e9cutif - CargoM","og_description":"Comit\u00e9 ex\u00e9cutif Sylvie Vachon, Pr\u00e9sidente Pr\u00e9sidente-directrice g\u00e9n\u00e9rale, Administration portuaire de Montr\u00e9al Madeleine Paquin, Vice-pr\u00e9sidente Pr\u00e9sidente et Chef de la Direction, Logistec Corporation Daniel B\u00e9lisle, Tr\u00e9sorier Premier vice-pr\u00e9sident, Oceanex Fran\u00e7ois H\u00e9bert, Administrateur Vice-Pr\u00e9sident, Strat\u00e9gie r\u00e9seau, Canadien National Marc Cadieux, Administrateur Pr\u00e9sident-Directeur G\u00e9n\u00e9ral, Association du camionnage du Qu\u00e9bec Val\u00e9rie Wells, Secr\u00e9taire Directrice affaires juridiques , Administration portuaire [&hellip;]","og_url":"https:\/\/www.cargo-montreal.ca\/fr\/qui-sommes-nous\/comite-executif\/","og_site_name":"CargoM","article_modified_time":"2019-04-23T14:29:31+00:00","twitter_card":"summary_large_image","schema":{"@context":"https:\/\/schema.org","@graph":[{"@type":"WebPage","@id":"https:\/\/www.cargo-montreal.ca\/fr\/qui-sommes-nous\/comite-executif\/","url":"https:\/\/www.cargo-montreal.ca\/fr\/qui-sommes-nous\/comite-executif\/","name":"Comit\u00e9 ex\u00e9cutif - CargoM","isPartOf":{"@id":"https:\/\/www.cargo-montreal.ca\/fr\/#website"},"datePublished":"2014-12-18T17:52:17+00:00","dateModified":"2019-04-23T14:29:31+00:00","breadcrumb":{"@id":"https:\/\/www.cargo-montreal.ca\/fr\/qui-sommes-nous\/comite-executif\/#breadcrumb"},"inLanguage":"fr-FR","potentialAction":[{"@type":"ReadAction","target":["https:\/\/www.cargo-montreal.ca\/fr\/qui-sommes-nous\/comite-executif\/"]}]},{"@type":"BreadcrumbList","@id":"https:\/\/www.cargo-montreal.ca\/fr\/qui-sommes-nous\/comite-executif\/#breadcrumb","itemListElement":[{"@type":"ListItem","position":1,"name":"Home","item":"https:\/\/www.cargo-montreal.ca\/fr\/"},{"@type":"ListItem","position":2,"name":"Qui sommes-nous?","item":"https:\/\/www.cargo-montreal.ca\/fr\/qui-sommes-nous\/"},{"@type":"ListItem","position":3,"name":"Comit\u00e9 ex\u00e9cutif"}]},{"@type":"WebSite","@id":"https:\/\/www.cargo-montreal.ca\/fr\/#website","url":"https:\/\/www.cargo-montreal.ca\/fr\/","name":"CargoM","description":"La mission de CargoM: Rassembler les acteurs de la logistique &amp; du transport de marchandises du Grand Montr\u00e9al autour d&#039;objectifs communs, d&#039;actions concert\u00e9es","potentialAction":[{"@type":"SearchAction","target":{"@type":"EntryPoint","urlTemplate":"https:\/\/www.cargo-montreal.ca\/fr\/?s={search_term_string}"},"query-input":{"@type":"PropertyValueSpecification","valueRequired":true,"valueName":"search_term_string"}}],"inLanguage":"fr-FR"}]}},"_links":{"self":[{"href":"https:\/\/www.cargo-montreal.ca\/fr\/wp-json\/wp\/v2\/pages\/22","targetHints":{"allow":["GET"]}}],"collection":[{"href":"https:\/\/www.cargo-montreal.ca\/fr\/wp-json\/wp\/v2\/pages"}],"about":[{"href":"https:\/\/www.cargo-montreal.ca\/fr\/wp-json\/wp\/v2\/types\/page"}],"author":[{"embeddable":true,"href":"https:\/\/www.cargo-montreal.ca\/fr\/wp-json\/wp\/v2\/users\/1"}],"replies":[{"embeddable":true,"href":"https:\/\/www.cargo-montreal.ca\/fr\/wp-json\/wp\/v2\/comments?post=22"}],"version-history":[{"count":19,"href":"https:\/\/www.cargo-montreal.ca\/fr\/wp-json\/wp\/v2\/pages\/22\/revisions"}],"predecessor-version":[{"id":11202,"href":"https:\/\/www.cargo-montreal.ca\/fr\/wp-json\/wp\/v2\/pages\/22\/revisions\/11202"}],"up":[{"embeddable":true,"href":"https:\/\/www.cargo-montreal.ca\/fr\/wp-json\/wp\/v2\/pages\/344"}],"wp:attachment":[{"href":"https:\/\/www.cargo-montreal.ca\/fr\/wp-json\/wp\/v2\/media?parent=22"}],"curies":[{"name":"wp","href":"https:\/\/api.w.org\/{rel}","templated":true}]}}