{"id":2203,"date":"2016-02-22T14:32:53","date_gmt":"2016-02-22T14:32:53","guid":{"rendered":"https:\/\/www.cargo-montreal.ca\/?page_id=2203"},"modified":"2020-01-17T15:21:41","modified_gmt":"2020-01-17T15:21:41","slug":"photos","status":"publish","type":"page","link":"https:\/\/www.cargo-montreal.ca\/fr\/photos\/","title":{"rendered":"Photos"},"content":{"rendered":"<a href=\"https:\/\/www.cargo-montreal.ca\/fr\/journee-carrieres-de-cargom-5-novembre-2019\/\">Journ\u00e9e carri\u00e8res de CargoM &#8211; 5 novembre 2019<\/a>\r\n\r\n<a href=\"https:\/\/www.cargo-montreal.ca\/fr\/le-federal-caribou-fednav-25-au-30-juillet-2019\/\">Le F\u00e9d\u00e9ral Caribou &#8211; Fednav &#8211; 25 au 30 juillet 2019<\/a>\r\n\r\n<a href=\"https:\/\/www.cargo-montreal.ca\/fr\/designation-de-centre-zone-franche-pour-le-grand-montreal-ministre-marc-garneau-le-22-juillet-2019\/\">D\u00e9signation de Centre Zone Franche pour le Grand Montr\u00e9al, Ministre Marc Garneau &#8211; 22 juillet 2019<\/a>\r\n\r\n<a href=\"https:\/\/www.cargo-montreal.ca\/fr\/mission-munich-et-hambourg-3-au-7-juin-2019\/\">Mission Munich et Hambourg &#8211; 3 au 7 juin 2019<\/a>\r\n\r\n<a href=\"https:\/\/www.cargo-montreal.ca\/wp-content\/uploads\/2019\/05\/IMAG3890.jpg\">Assembl\u00e9e G\u00e9n\u00e9rale Annuelle de l&rsquo;Administration portuaire de Montr\u00e9al &#8211; 3 mai 2019<\/a>\r\n\r\n<a href=\"https:\/\/www.cargo-montreal.ca\/fr\/68e-congres-annuel-association-du-camionnage-du-quebec\/\">68e Congr\u00e8s annuel Association du camionnage du Qu\u00e9bec &#8211; 2 au 4 mai 2019<\/a>\r\n\r\n<a href=\"https:\/\/www.cargo-montreal.ca\/wp-content\/uploads\/2019\/05\/IMG_8437.jpg\">Conf\u00e9rence de CargoM\u00a0 au QG100 &#8211; L\u2019avenir de l\u2019industrie du transport et de la logistique \u00e0 Montr\u00e9al &#8211; 2 mai 2019<\/a>\r\n\r\n<a href=\"https:\/\/www.cargo-montreal.ca\/wp-content\/uploads\/2019\/05\/IMG_8369-1.jpg\">Allocution de Madame Madeleine Paquin au Cercle de finance et placement du Qu\u00e9bec &#8211; Logistec &#8211; 25 avril 2019<\/a>\r\n\r\n<a href=\"https:\/\/www.cargo-montreal.ca\/wp-content\/uploads\/2019\/05\/IMAG3870.jpg\">CCMM : D\u00e9jeuner-conf\u00e9rence de Jean-Jacques Ruest, pr\u00e9sident-directeur g\u00e9n\u00e9ral, CN &#8211; 25 avril 2019<\/a>\r\n\r\n<a href=\"https:\/\/www.cargo-montreal.ca\/wp-content\/uploads\/2019\/05\/image003-1.jpg\">Matin Alumni de Poly en compagnie de Sylvie Vachon | Port de Montr\u00e9al &#8211; 14 avril 2019<\/a>\r\n\r\n<a href=\"https:\/\/www.cargo-montreal.ca\/wp-content\/uploads\/2019\/05\/IMG_8305.jpg\">Conf\u00e9rence de CargoM &#8211; Sommet canadien sur l&rsquo;entretien de flotte &#8211; 10 avril 2019<\/a>\r\n\r\n<a href=\"https:\/\/www.cargo-montreal.ca\/wp-content\/uploads\/2019\/05\/20190404_210315.jpg\">Le Club de Trafic\u00a0de Montr\u00e9al &#8211; Gala Annuel &#8211; 4 avril 2019<\/a>\r\n\r\n<a href=\"https:\/\/www.cargo-montreal.ca\/fr\/ocpm-kiosque-cargom-12-mars-2019\/\">Kiosque OCPM &#8211; 12 mars 2019<\/a>\r\n\r\n<a href=\"https:\/\/www.cargo-montreal.ca\/en\/cargo-logistics-canada-5-au-7-fevrier-2019\/\">Cargo Logistics Canada &#8211; 5 au 7 f\u00e9vrier 2019<\/a>\r\n\r\n<a href=\"https:\/\/www.cargo-montreal.ca\/fr\/groupe-de-discution-echangeur-saint-pierre-4-fevrier-2019\/\">Groupe de discution &#8211; \u00c9changeur Saint-Pierre &#8211; 4 f\u00e9vrier 2019<\/a>\r\n\r\n<a href=\"https:\/\/www.cargo-montreal.ca\/fr\/journee-carrieres-2018\/\">Journ\u00e9e Carri\u00e8res 2018<\/a>\r\n\r\n<a href=\"https:\/\/www.cargo-montreal.ca\/fr\/forum-fdi-22-au-24-octobre-2018-ottawa\/\">Forum FDI &#8211; 22 au 24 octobre 2018 &#8211; Ottawa<\/a>\r\n\r\n<a href=\"https:\/\/www.cargo-montreal.ca\/fr\/conference-de-laapc-port-st-john-\">Conf\u00e9rence de L&rsquo;AAPC &#8211; Port st-John , 10 au 13 septembre 2018<\/a>\r\n\r\n<a href=\"https:\/\/www.cargo-montreal.ca\/en\/5-ans-dactivites-de-cargom-2\/\">5 ans d&rsquo;activit\u00e9s de CargoM &#8211; 18 juin 2018<\/a>\r\n\r\n<a href=\"https:\/\/www.cargo-montreal.ca\/fr\/photos-assemblee-generale-annuelle-le-6-juin-2018\/\">Assembl\u00e9e G\u00e9n\u00e9rale Annuelle &#8211; 6 juin 2018<\/a>\r\n\r\n<a href=\"https:\/\/www.cargo-montreal.ca\/fr\/dans-le-cadre-de-la-visite-detat-au-canada-de-leurs-majestes-le-roi-et-la-reine-des-belges-cargom-organise-le-forum-strategique-belgique-canada-developper-des-plateformes-logistiques-intelligen\/\">Dans le cadre de la visite d&rsquo;\u00c9tat au Canada de leurs majest\u00e9s le Roi et la Reine des Belges: Forum strategique Belgique-Canada &#8211; Developper des plateformes logistiques intelligentes pour optimiser les retomb\u00e9es de l&rsquo;AECG<\/a>\r\n\r\n<a href=\"https:\/\/www.cargo-montreal.ca\/fr\/photographies-de-letat-des-glaces-sur-le-lac-st-pierre-et-du-travail-des-brise-glaces-deployes-dans-cette-zone-28-fevrier-2016\/\">\u00c9tat des glaces sur le Lac St-Pierre et du travail des brise-glaces d\u00e9ploy\u00e9s dans cette zone &#8211; 28 f\u00e9vrier 2016<\/a>\r\n\r\n<a href=\"https:\/\/www.cargo-montreal.ca\/fr\/photos-cargo-logistics-canada-montreal\/\">Cargo Logistics Canada &#8211; Montr\u00e9al : 17 &amp; 18 F\u00e9vrier 2016<\/a>\r\n\r\n<a href=\"https:\/\/www.cargo-montreal.ca\/fr\/salon-international-de-lalimentationde-lalimentation-montreal-13-au-15-avril-2016\/\">Salon International de l&rsquo;alimentation &#8211; Montr\u00e9al : 13 au 15 avril 2016<\/a>\r\n\r\n<a href=\"https:\/\/www.cargo-montreal.ca\/fr\/journee-carrieres\/\">Journ\u00e9e carri\u00e8res &#8211; C\u00e9gep Andr\u00e9 Laurendeau : 6 juin 2016<\/a>","protected":false},"excerpt":{"rendered":"Journ\u00e9e carri\u00e8res de CargoM &#8211; 5 novembre 2019 Le F\u00e9d\u00e9ral Caribou &#8211; Fednav &#8211; 25 au 30 juillet 2019 D\u00e9signation de Centre Zone Franche pour le Grand Montr\u00e9al, Ministre Marc Garneau &#8211; 22 juillet 2019 Mission Munich et Hambourg &#8211; 3 au 7 juin 2019 Assembl\u00e9e G\u00e9n\u00e9rale Annuelle de l&rsquo;Administration portuaire de Montr\u00e9al &#8211; 3 [&hellip;]","protected":false},"author":120,"featured_media":0,"parent":0,"menu_order":31,"comment_status":"closed","ping_status":"closed","template":"","meta":{"_acf_changed":false,"footnotes":""},"class_list":["post-2203","page","type-page","status-publish","hentry"],"acf":[],"yoast_head":"<!-- This site is optimized with the Yoast SEO plugin v27.3 - https:\/\/yoast.com\/product\/yoast-seo-wordpress\/ -->\n<title>Photos - CargoM<\/title>\n<meta name=\"robots\" content=\"index, follow, max-snippet:-1, max-image-preview:large, max-video-preview:-1\" \/>\n<link rel=\"canonical\" href=\"https:\/\/www.cargo-montreal.ca\/fr\/photos\/\" \/>\n<meta property=\"og:locale\" content=\"fr_FR\" \/>\n<meta property=\"og:type\" content=\"article\" \/>\n<meta property=\"og:title\" content=\"Photos - CargoM\" \/>\n<meta property=\"og:description\" content=\"Journ\u00e9e carri\u00e8res de CargoM &#8211; 5 novembre 2019 Le F\u00e9d\u00e9ral Caribou &#8211; Fednav &#8211; 25 au 30 juillet 2019 D\u00e9signation de Centre Zone Franche pour le Grand Montr\u00e9al, Ministre Marc Garneau &#8211; 22 juillet 2019 Mission Munich et Hambourg &#8211; 3 au 7 juin 2019 Assembl\u00e9e G\u00e9n\u00e9rale Annuelle de l&rsquo;Administration portuaire de Montr\u00e9al &#8211; 3 [&hellip;]\" \/>\n<meta property=\"og:url\" content=\"https:\/\/www.cargo-montreal.ca\/fr\/photos\/\" \/>\n<meta property=\"og:site_name\" content=\"CargoM\" \/>\n<meta property=\"article:modified_time\" content=\"2020-01-17T15:21:41+00:00\" \/>\n<meta name=\"twitter:card\" content=\"summary_large_image\" \/>\n<meta name=\"twitter:label1\" content=\"Dur\u00e9e de lecture estim\u00e9e\" \/>\n\t<meta name=\"twitter:data1\" content=\"2 minutes\" \/>\n<script type=\"application\/ld+json\" class=\"yoast-schema-graph\">{\"@context\":\"https:\\\/\\\/schema.org\",\"@graph\":[{\"@type\":\"WebPage\",\"@id\":\"https:\\\/\\\/www.cargo-montreal.ca\\\/fr\\\/photos\\\/\",\"url\":\"https:\\\/\\\/www.cargo-montreal.ca\\\/fr\\\/photos\\\/\",\"name\":\"Photos - CargoM\",\"isPartOf\":{\"@id\":\"https:\\\/\\\/www.cargo-montreal.ca\\\/fr\\\/#website\"},\"datePublished\":\"2016-02-22T14:32:53+00:00\",\"dateModified\":\"2020-01-17T15:21:41+00:00\",\"breadcrumb\":{\"@id\":\"https:\\\/\\\/www.cargo-montreal.ca\\\/fr\\\/photos\\\/#breadcrumb\"},\"inLanguage\":\"fr-FR\",\"potentialAction\":[{\"@type\":\"ReadAction\",\"target\":[\"https:\\\/\\\/www.cargo-montreal.ca\\\/fr\\\/photos\\\/\"]}]},{\"@type\":\"BreadcrumbList\",\"@id\":\"https:\\\/\\\/www.cargo-montreal.ca\\\/fr\\\/photos\\\/#breadcrumb\",\"itemListElement\":[{\"@type\":\"ListItem\",\"position\":1,\"name\":\"Home\",\"item\":\"https:\\\/\\\/www.cargo-montreal.ca\\\/fr\\\/\"},{\"@type\":\"ListItem\",\"position\":2,\"name\":\"Photos\"}]},{\"@type\":\"WebSite\",\"@id\":\"https:\\\/\\\/www.cargo-montreal.ca\\\/fr\\\/#website\",\"url\":\"https:\\\/\\\/www.cargo-montreal.ca\\\/fr\\\/\",\"name\":\"CargoM\",\"description\":\"La mission de CargoM: Rassembler les acteurs de la logistique &amp; du transport de marchandises du Grand Montr\u00e9al autour d&#039;objectifs communs, d&#039;actions concert\u00e9es\",\"potentialAction\":[{\"@type\":\"SearchAction\",\"target\":{\"@type\":\"EntryPoint\",\"urlTemplate\":\"https:\\\/\\\/www.cargo-montreal.ca\\\/fr\\\/?s={search_term_string}\"},\"query-input\":{\"@type\":\"PropertyValueSpecification\",\"valueRequired\":true,\"valueName\":\"search_term_string\"}}],\"inLanguage\":\"fr-FR\"}]}<\/script>\n<!-- \/ Yoast SEO plugin. -->","yoast_head_json":{"title":"Photos - CargoM","robots":{"index":"index","follow":"follow","max-snippet":"max-snippet:-1","max-image-preview":"max-image-preview:large","max-video-preview":"max-video-preview:-1"},"canonical":"https:\/\/www.cargo-montreal.ca\/fr\/photos\/","og_locale":"fr_FR","og_type":"article","og_title":"Photos - CargoM","og_description":"Journ\u00e9e carri\u00e8res de CargoM &#8211; 5 novembre 2019 Le F\u00e9d\u00e9ral Caribou &#8211; Fednav &#8211; 25 au 30 juillet 2019 D\u00e9signation de Centre Zone Franche pour le Grand Montr\u00e9al, Ministre Marc Garneau &#8211; 22 juillet 2019 Mission Munich et Hambourg &#8211; 3 au 7 juin 2019 Assembl\u00e9e G\u00e9n\u00e9rale Annuelle de l&rsquo;Administration portuaire de Montr\u00e9al &#8211; 3 [&hellip;]","og_url":"https:\/\/www.cargo-montreal.ca\/fr\/photos\/","og_site_name":"CargoM","article_modified_time":"2020-01-17T15:21:41+00:00","twitter_card":"summary_large_image","twitter_misc":{"Dur\u00e9e de lecture estim\u00e9e":"2 minutes"},"schema":{"@context":"https:\/\/schema.org","@graph":[{"@type":"WebPage","@id":"https:\/\/www.cargo-montreal.ca\/fr\/photos\/","url":"https:\/\/www.cargo-montreal.ca\/fr\/photos\/","name":"Photos - CargoM","isPartOf":{"@id":"https:\/\/www.cargo-montreal.ca\/fr\/#website"},"datePublished":"2016-02-22T14:32:53+00:00","dateModified":"2020-01-17T15:21:41+00:00","breadcrumb":{"@id":"https:\/\/www.cargo-montreal.ca\/fr\/photos\/#breadcrumb"},"inLanguage":"fr-FR","potentialAction":[{"@type":"ReadAction","target":["https:\/\/www.cargo-montreal.ca\/fr\/photos\/"]}]},{"@type":"BreadcrumbList","@id":"https:\/\/www.cargo-montreal.ca\/fr\/photos\/#breadcrumb","itemListElement":[{"@type":"ListItem","position":1,"name":"Home","item":"https:\/\/www.cargo-montreal.ca\/fr\/"},{"@type":"ListItem","position":2,"name":"Photos"}]},{"@type":"WebSite","@id":"https:\/\/www.cargo-montreal.ca\/fr\/#website","url":"https:\/\/www.cargo-montreal.ca\/fr\/","name":"CargoM","description":"La mission de CargoM: Rassembler les acteurs de la logistique &amp; du transport de marchandises du Grand Montr\u00e9al autour d&#039;objectifs communs, d&#039;actions concert\u00e9es","potentialAction":[{"@type":"SearchAction","target":{"@type":"EntryPoint","urlTemplate":"https:\/\/www.cargo-montreal.ca\/fr\/?s={search_term_string}"},"query-input":{"@type":"PropertyValueSpecification","valueRequired":true,"valueName":"search_term_string"}}],"inLanguage":"fr-FR"}]}},"_links":{"self":[{"href":"https:\/\/www.cargo-montreal.ca\/fr\/wp-json\/wp\/v2\/pages\/2203","targetHints":{"allow":["GET"]}}],"collection":[{"href":"https:\/\/www.cargo-montreal.ca\/fr\/wp-json\/wp\/v2\/pages"}],"about":[{"href":"https:\/\/www.cargo-montreal.ca\/fr\/wp-json\/wp\/v2\/types\/page"}],"author":[{"embeddable":true,"href":"https:\/\/www.cargo-montreal.ca\/fr\/wp-json\/wp\/v2\/users\/120"}],"replies":[{"embeddable":true,"href":"https:\/\/www.cargo-montreal.ca\/fr\/wp-json\/wp\/v2\/comments?post=2203"}],"version-history":[{"count":57,"href":"https:\/\/www.cargo-montreal.ca\/fr\/wp-json\/wp\/v2\/pages\/2203\/revisions"}],"predecessor-version":[{"id":7785,"href":"https:\/\/www.cargo-montreal.ca\/fr\/wp-json\/wp\/v2\/pages\/2203\/revisions\/7785"}],"wp:attachment":[{"href":"https:\/\/www.cargo-montreal.ca\/fr\/wp-json\/wp\/v2\/media?parent=2203"}],"curies":[{"name":"wp","href":"https:\/\/api.w.org\/{rel}","templated":true}]}}