{"id":2246,"date":"2016-02-29T14:38:46","date_gmt":"2016-02-29T14:38:46","guid":{"rendered":"https:\/\/www.cargo-montreal.ca\/?page_id=2246"},"modified":"2016-02-29T14:40:35","modified_gmt":"2016-02-29T14:40:35","slug":"photographies-de-letat-des-glaces-sur-le-lac-st-pierre-et-du-travail-des-brise-glaces-deployes-dans-cette-zone-28-fevrier-2016","status":"publish","type":"page","link":"https:\/\/www.cargo-montreal.ca\/fr\/photographies-de-letat-des-glaces-sur-le-lac-st-pierre-et-du-travail-des-brise-glaces-deployes-dans-cette-zone-28-fevrier-2016\/","title":{"rendered":"\u00c9tat des glaces sur le Lac St-Pierre et du travail des brise-glaces d\u00e9ploy\u00e9s dans cette zone &#8211; 28 f\u00e9vrier 2016"},"content":{"rendered":"&nbsp;\r\n\r\n<a href=\"https:\/\/www.cargo-montreal.ca\/wp-content\/uploads\/2016\/02\/20160228130138_wis86c_cgrq.jpg\" rel=\"attachment wp-att-2245\"><img loading=\"lazy\" decoding=\"async\" class=\"alignnone size-medium wp-image-2245\" src=\"https:\/\/www.cargo-montreal.ca\/wp-content\/uploads\/2016\/02\/20160228130138_wis86c_cgrq-232x300.jpg\" alt=\"20160228130138_wis86c_cgrq\" width=\"232\" height=\"300\" srcset=\"https:\/\/www.cargo-montreal.ca\/wp-content\/uploads\/2016\/02\/20160228130138_wis86c_cgrq-232x300.jpg 232w, https:\/\/www.cargo-montreal.ca\/wp-content\/uploads\/2016\/02\/20160228130138_wis86c_cgrq.jpg 593w\" sizes=\"auto, (max-width: 232px) 100vw, 232px\" \/><\/a>\r\n\r\n<a href=\"https:\/\/www.cargo-montreal.ca\/wp-content\/uploads\/2016\/02\/20160228_YRQPHOTO_M-1601-LacStPierreConditionDifficiledeGlace94.jpg\" rel=\"attachment wp-att-2244\"><img loading=\"lazy\" decoding=\"async\" class=\"alignnone size-medium wp-image-2244\" src=\"https:\/\/www.cargo-montreal.ca\/wp-content\/uploads\/2016\/02\/20160228_YRQPHOTO_M-1601-LacStPierreConditionDifficiledeGlace94-300x225.jpg\" alt=\"20160228_YRQPHOTO_M-1601-LacStPierreConditionDifficiledeGlace94\" width=\"300\" height=\"225\" srcset=\"https:\/\/www.cargo-montreal.ca\/wp-content\/uploads\/2016\/02\/20160228_YRQPHOTO_M-1601-LacStPierreConditionDifficiledeGlace94-300x225.jpg 300w, https:\/\/www.cargo-montreal.ca\/wp-content\/uploads\/2016\/02\/20160228_YRQPHOTO_M-1601-LacStPierreConditionDifficiledeGlace94-768x576.jpg 768w, https:\/\/www.cargo-montreal.ca\/wp-content\/uploads\/2016\/02\/20160228_YRQPHOTO_M-1601-LacStPierreConditionDifficiledeGlace94.jpg 1024w\" sizes=\"auto, (max-width: 300px) 100vw, 300px\" \/><\/a>\u00a0 \u00a0<a href=\"https:\/\/www.cargo-montreal.ca\/wp-content\/uploads\/2016\/02\/20160228_YRQPHOTO_M-1601-LacStPierreConditionDifficiledeGlace80.jpg\" rel=\"attachment wp-att-2243\"><img loading=\"lazy\" decoding=\"async\" class=\"alignnone size-medium wp-image-2243\" src=\"https:\/\/www.cargo-montreal.ca\/wp-content\/uploads\/2016\/02\/20160228_YRQPHOTO_M-1601-LacStPierreConditionDifficiledeGlace80-300x225.jpg\" alt=\"20160228_YRQPHOTO_M-1601-LacStPierreConditionDifficiledeGlace80\" width=\"300\" height=\"225\" srcset=\"https:\/\/www.cargo-montreal.ca\/wp-content\/uploads\/2016\/02\/20160228_YRQPHOTO_M-1601-LacStPierreConditionDifficiledeGlace80-300x225.jpg 300w, https:\/\/www.cargo-montreal.ca\/wp-content\/uploads\/2016\/02\/20160228_YRQPHOTO_M-1601-LacStPierreConditionDifficiledeGlace80-768x576.jpg 768w, https:\/\/www.cargo-montreal.ca\/wp-content\/uploads\/2016\/02\/20160228_YRQPHOTO_M-1601-LacStPierreConditionDifficiledeGlace80.jpg 1024w\" sizes=\"auto, (max-width: 300px) 100vw, 300px\" \/><\/a>\u00a0 \u00a0<a href=\"https:\/\/www.cargo-montreal.ca\/wp-content\/uploads\/2016\/02\/20160228_YRQPHOTO_M-1601-LacStPierreConditionDifficiledeGlace77.jpg\" rel=\"attachment wp-att-2242\"><img loading=\"lazy\" decoding=\"async\" class=\"alignnone size-medium wp-image-2242\" src=\"https:\/\/www.cargo-montreal.ca\/wp-content\/uploads\/2016\/02\/20160228_YRQPHOTO_M-1601-LacStPierreConditionDifficiledeGlace77-300x225.jpg\" alt=\"20160228_YRQPHOTO_M-1601-LacStPierreConditionDifficiledeGlace77\" width=\"300\" height=\"225\" srcset=\"https:\/\/www.cargo-montreal.ca\/wp-content\/uploads\/2016\/02\/20160228_YRQPHOTO_M-1601-LacStPierreConditionDifficiledeGlace77-300x225.jpg 300w, https:\/\/www.cargo-montreal.ca\/wp-content\/uploads\/2016\/02\/20160228_YRQPHOTO_M-1601-LacStPierreConditionDifficiledeGlace77-768x576.jpg 768w, https:\/\/www.cargo-montreal.ca\/wp-content\/uploads\/2016\/02\/20160228_YRQPHOTO_M-1601-LacStPierreConditionDifficiledeGlace77.jpg 1024w\" sizes=\"auto, (max-width: 300px) 100vw, 300px\" \/><\/a>\u00a0 \u00a0<a href=\"https:\/\/www.cargo-montreal.ca\/wp-content\/uploads\/2016\/02\/20160228_YRQPHOTO_M-1601-LacStPierreConditionDifficiledeGlace73.jpg\" rel=\"attachment wp-att-2241\"><img loading=\"lazy\" decoding=\"async\" class=\"alignnone size-medium wp-image-2241\" src=\"https:\/\/www.cargo-montreal.ca\/wp-content\/uploads\/2016\/02\/20160228_YRQPHOTO_M-1601-LacStPierreConditionDifficiledeGlace73-300x225.jpg\" alt=\"20160228_YRQPHOTO_M-1601-LacStPierreConditionDifficiledeGlace73\" width=\"300\" height=\"225\" srcset=\"https:\/\/www.cargo-montreal.ca\/wp-content\/uploads\/2016\/02\/20160228_YRQPHOTO_M-1601-LacStPierreConditionDifficiledeGlace73-300x225.jpg 300w, https:\/\/www.cargo-montreal.ca\/wp-content\/uploads\/2016\/02\/20160228_YRQPHOTO_M-1601-LacStPierreConditionDifficiledeGlace73-768x576.jpg 768w, https:\/\/www.cargo-montreal.ca\/wp-content\/uploads\/2016\/02\/20160228_YRQPHOTO_M-1601-LacStPierreConditionDifficiledeGlace73.jpg 1024w\" sizes=\"auto, (max-width: 300px) 100vw, 300px\" \/><\/a>\u00a0 \u00a0<a href=\"https:\/\/www.cargo-montreal.ca\/wp-content\/uploads\/2016\/02\/20160228_YRQPHOTO_M-1601-LacStPierreConditionDifficiledeGlace71.jpg\" rel=\"attachment wp-att-2240\"><img loading=\"lazy\" decoding=\"async\" class=\"alignnone size-medium wp-image-2240\" src=\"https:\/\/www.cargo-montreal.ca\/wp-content\/uploads\/2016\/02\/20160228_YRQPHOTO_M-1601-LacStPierreConditionDifficiledeGlace71-300x225.jpg\" alt=\"20160228_YRQPHOTO_M-1601-LacStPierreConditionDifficiledeGlace71\" width=\"300\" height=\"225\" srcset=\"https:\/\/www.cargo-montreal.ca\/wp-content\/uploads\/2016\/02\/20160228_YRQPHOTO_M-1601-LacStPierreConditionDifficiledeGlace71-300x225.jpg 300w, https:\/\/www.cargo-montreal.ca\/wp-content\/uploads\/2016\/02\/20160228_YRQPHOTO_M-1601-LacStPierreConditionDifficiledeGlace71-768x576.jpg 768w, https:\/\/www.cargo-montreal.ca\/wp-content\/uploads\/2016\/02\/20160228_YRQPHOTO_M-1601-LacStPierreConditionDifficiledeGlace71.jpg 1024w\" sizes=\"auto, (max-width: 300px) 100vw, 300px\" \/><\/a>\r\n\r\n<a href=\"https:\/\/www.cargo-montreal.ca\/wp-content\/uploads\/2016\/02\/20160228_YRQPHOTO_M-1601-LacStPierreConditionDifficiledeGlace57.jpg\" rel=\"attachment wp-att-2239\"><img loading=\"lazy\" decoding=\"async\" class=\"alignnone size-medium wp-image-2239\" src=\"https:\/\/www.cargo-montreal.ca\/wp-content\/uploads\/2016\/02\/20160228_YRQPHOTO_M-1601-LacStPierreConditionDifficiledeGlace57-300x225.jpg\" alt=\"20160228_YRQPHOTO_M-1601-LacStPierreConditionDifficiledeGlace57\" width=\"300\" height=\"225\" srcset=\"https:\/\/www.cargo-montreal.ca\/wp-content\/uploads\/2016\/02\/20160228_YRQPHOTO_M-1601-LacStPierreConditionDifficiledeGlace57-300x225.jpg 300w, https:\/\/www.cargo-montreal.ca\/wp-content\/uploads\/2016\/02\/20160228_YRQPHOTO_M-1601-LacStPierreConditionDifficiledeGlace57-768x576.jpg 768w, https:\/\/www.cargo-montreal.ca\/wp-content\/uploads\/2016\/02\/20160228_YRQPHOTO_M-1601-LacStPierreConditionDifficiledeGlace57.jpg 1024w\" sizes=\"auto, (max-width: 300px) 100vw, 300px\" \/><\/a>\u00a0\u00a0\u00a0<a href=\"https:\/\/www.cargo-montreal.ca\/wp-content\/uploads\/2016\/02\/20160228_YRQPHOTO_M-1601-LacStPierreConditionDifficiledeGlace49.jpg\" rel=\"attachment wp-att-2238\"><img loading=\"lazy\" decoding=\"async\" class=\"alignnone size-medium wp-image-2238\" src=\"https:\/\/www.cargo-montreal.ca\/wp-content\/uploads\/2016\/02\/20160228_YRQPHOTO_M-1601-LacStPierreConditionDifficiledeGlace49-300x225.jpg\" alt=\"20160228_YRQPHOTO_M-1601-LacStPierreConditionDifficiledeGlace49\" width=\"300\" height=\"225\" srcset=\"https:\/\/www.cargo-montreal.ca\/wp-content\/uploads\/2016\/02\/20160228_YRQPHOTO_M-1601-LacStPierreConditionDifficiledeGlace49-300x225.jpg 300w, https:\/\/www.cargo-montreal.ca\/wp-content\/uploads\/2016\/02\/20160228_YRQPHOTO_M-1601-LacStPierreConditionDifficiledeGlace49-768x576.jpg 768w, https:\/\/www.cargo-montreal.ca\/wp-content\/uploads\/2016\/02\/20160228_YRQPHOTO_M-1601-LacStPierreConditionDifficiledeGlace49.jpg 1024w\" sizes=\"auto, (max-width: 300px) 100vw, 300px\" \/><\/a>\u00a0 \u00a0<a href=\"https:\/\/www.cargo-montreal.ca\/wp-content\/uploads\/2016\/02\/20160228_YRQPHOTO_M-1601-LacStPierreConditionDifficiledeGlace47.jpg\" rel=\"attachment wp-att-2237\"><img loading=\"lazy\" decoding=\"async\" class=\"alignnone size-medium wp-image-2237\" src=\"https:\/\/www.cargo-montreal.ca\/wp-content\/uploads\/2016\/02\/20160228_YRQPHOTO_M-1601-LacStPierreConditionDifficiledeGlace47-300x225.jpg\" alt=\"20160228_YRQPHOTO_M-1601-LacStPierreConditionDifficiledeGlace47\" width=\"300\" height=\"225\" srcset=\"https:\/\/www.cargo-montreal.ca\/wp-content\/uploads\/2016\/02\/20160228_YRQPHOTO_M-1601-LacStPierreConditionDifficiledeGlace47-300x225.jpg 300w, https:\/\/www.cargo-montreal.ca\/wp-content\/uploads\/2016\/02\/20160228_YRQPHOTO_M-1601-LacStPierreConditionDifficiledeGlace47-768x576.jpg 768w, https:\/\/www.cargo-montreal.ca\/wp-content\/uploads\/2016\/02\/20160228_YRQPHOTO_M-1601-LacStPierreConditionDifficiledeGlace47.jpg 1024w\" sizes=\"auto, (max-width: 300px) 100vw, 300px\" \/><\/a>\u00a0 \u00a0<a href=\"https:\/\/www.cargo-montreal.ca\/wp-content\/uploads\/2016\/02\/20160228_YRQPHOTO_M-1601-LacStPierreConditionDifficiledeGlace39.jpg\" rel=\"attachment wp-att-2236\"><img loading=\"lazy\" decoding=\"async\" class=\"alignnone size-medium wp-image-2236\" src=\"https:\/\/www.cargo-montreal.ca\/wp-content\/uploads\/2016\/02\/20160228_YRQPHOTO_M-1601-LacStPierreConditionDifficiledeGlace39-300x225.jpg\" alt=\"20160228_YRQPHOTO_M-1601-LacStPierreConditionDifficiledeGlace39\" width=\"300\" height=\"225\" srcset=\"https:\/\/www.cargo-montreal.ca\/wp-content\/uploads\/2016\/02\/20160228_YRQPHOTO_M-1601-LacStPierreConditionDifficiledeGlace39-300x225.jpg 300w, https:\/\/www.cargo-montreal.ca\/wp-content\/uploads\/2016\/02\/20160228_YRQPHOTO_M-1601-LacStPierreConditionDifficiledeGlace39-768x576.jpg 768w, https:\/\/www.cargo-montreal.ca\/wp-content\/uploads\/2016\/02\/20160228_YRQPHOTO_M-1601-LacStPierreConditionDifficiledeGlace39.jpg 1024w\" sizes=\"auto, (max-width: 300px) 100vw, 300px\" \/><\/a>\u00a0 \u00a0<a href=\"https:\/\/www.cargo-montreal.ca\/wp-content\/uploads\/2016\/02\/20160228_YRQPHOTO_M-1601-LacStPierreConditionDifficiledeGlace33.jpg\" rel=\"attachment wp-att-2235\"><img loading=\"lazy\" decoding=\"async\" class=\"alignnone size-medium wp-image-2235\" src=\"https:\/\/www.cargo-montreal.ca\/wp-content\/uploads\/2016\/02\/20160228_YRQPHOTO_M-1601-LacStPierreConditionDifficiledeGlace33-300x225.jpg\" alt=\"20160228_YRQPHOTO_M-1601-LacStPierreConditionDifficiledeGlace33\" width=\"300\" height=\"225\" srcset=\"https:\/\/www.cargo-montreal.ca\/wp-content\/uploads\/2016\/02\/20160228_YRQPHOTO_M-1601-LacStPierreConditionDifficiledeGlace33-300x225.jpg 300w, https:\/\/www.cargo-montreal.ca\/wp-content\/uploads\/2016\/02\/20160228_YRQPHOTO_M-1601-LacStPierreConditionDifficiledeGlace33-768x576.jpg 768w, https:\/\/www.cargo-montreal.ca\/wp-content\/uploads\/2016\/02\/20160228_YRQPHOTO_M-1601-LacStPierreConditionDifficiledeGlace33.jpg 1024w\" sizes=\"auto, (max-width: 300px) 100vw, 300px\" \/><\/a>\r\n\r\n<a href=\"https:\/\/www.cargo-montreal.ca\/wp-content\/uploads\/2016\/02\/20160228_YRQPHOTO_M-1601-LacStPierreConditionDifficiledeGlace32.jpg\" rel=\"attachment wp-att-2234\"><img loading=\"lazy\" decoding=\"async\" class=\"alignnone size-medium wp-image-2234\" src=\"https:\/\/www.cargo-montreal.ca\/wp-content\/uploads\/2016\/02\/20160228_YRQPHOTO_M-1601-LacStPierreConditionDifficiledeGlace32-300x225.jpg\" alt=\"20160228_YRQPHOTO_M-1601-LacStPierreConditionDifficiledeGlace32\" width=\"300\" height=\"225\" srcset=\"https:\/\/www.cargo-montreal.ca\/wp-content\/uploads\/2016\/02\/20160228_YRQPHOTO_M-1601-LacStPierreConditionDifficiledeGlace32-300x225.jpg 300w, https:\/\/www.cargo-montreal.ca\/wp-content\/uploads\/2016\/02\/20160228_YRQPHOTO_M-1601-LacStPierreConditionDifficiledeGlace32-768x576.jpg 768w, https:\/\/www.cargo-montreal.ca\/wp-content\/uploads\/2016\/02\/20160228_YRQPHOTO_M-1601-LacStPierreConditionDifficiledeGlace32.jpg 1024w\" sizes=\"auto, (max-width: 300px) 100vw, 300px\" \/><\/a>\u00a0 \u00a0<a href=\"https:\/\/www.cargo-montreal.ca\/wp-content\/uploads\/2016\/02\/20160228_YRQPHOTO_M-1601-LacStPierreConditionDifficiledeGlace19.jpg\" rel=\"attachment wp-att-2233\"><img loading=\"lazy\" decoding=\"async\" class=\"alignnone size-medium wp-image-2233\" src=\"https:\/\/www.cargo-montreal.ca\/wp-content\/uploads\/2016\/02\/20160228_YRQPHOTO_M-1601-LacStPierreConditionDifficiledeGlace19-300x225.jpg\" alt=\"20160228_YRQPHOTO_M-1601-LacStPierreConditionDifficiledeGlace19\" width=\"300\" height=\"225\" srcset=\"https:\/\/www.cargo-montreal.ca\/wp-content\/uploads\/2016\/02\/20160228_YRQPHOTO_M-1601-LacStPierreConditionDifficiledeGlace19-300x225.jpg 300w, https:\/\/www.cargo-montreal.ca\/wp-content\/uploads\/2016\/02\/20160228_YRQPHOTO_M-1601-LacStPierreConditionDifficiledeGlace19-768x576.jpg 768w, https:\/\/www.cargo-montreal.ca\/wp-content\/uploads\/2016\/02\/20160228_YRQPHOTO_M-1601-LacStPierreConditionDifficiledeGlace19.jpg 1024w\" sizes=\"auto, (max-width: 300px) 100vw, 300px\" \/><\/a>\u00a0\u00a0\u00a0<a href=\"https:\/\/www.cargo-montreal.ca\/wp-content\/uploads\/2016\/02\/20160228_YRQPHOTO_M-1601-LacStPierreConditionDifficiledeGlace15.jpg\" rel=\"attachment wp-att-2232\"><img loading=\"lazy\" decoding=\"async\" class=\"alignnone size-medium wp-image-2232\" src=\"https:\/\/www.cargo-montreal.ca\/wp-content\/uploads\/2016\/02\/20160228_YRQPHOTO_M-1601-LacStPierreConditionDifficiledeGlace15-300x225.jpg\" alt=\"20160228_YRQPHOTO_M-1601-LacStPierreConditionDifficiledeGlace15\" width=\"300\" height=\"225\" srcset=\"https:\/\/www.cargo-montreal.ca\/wp-content\/uploads\/2016\/02\/20160228_YRQPHOTO_M-1601-LacStPierreConditionDifficiledeGlace15-300x225.jpg 300w, https:\/\/www.cargo-montreal.ca\/wp-content\/uploads\/2016\/02\/20160228_YRQPHOTO_M-1601-LacStPierreConditionDifficiledeGlace15-768x576.jpg 768w, https:\/\/www.cargo-montreal.ca\/wp-content\/uploads\/2016\/02\/20160228_YRQPHOTO_M-1601-LacStPierreConditionDifficiledeGlace15.jpg 1024w\" sizes=\"auto, (max-width: 300px) 100vw, 300px\" \/><\/a>\u00a0 \u00a0<a href=\"https:\/\/www.cargo-montreal.ca\/wp-content\/uploads\/2016\/02\/20160228_YRQPHOTO_M-1601-LacStPierreConditionDifficiledeGlace6_20160228152057.jpg\" rel=\"attachment wp-att-2231\"><img loading=\"lazy\" decoding=\"async\" class=\"alignnone size-medium wp-image-2231\" src=\"https:\/\/www.cargo-montreal.ca\/wp-content\/uploads\/2016\/02\/20160228_YRQPHOTO_M-1601-LacStPierreConditionDifficiledeGlace6_20160228152057-300x225.jpg\" alt=\"20160228_YRQPHOTO_M-1601-LacStPierreConditionDifficiledeGlace6_20160228152057\" width=\"300\" height=\"225\" srcset=\"https:\/\/www.cargo-montreal.ca\/wp-content\/uploads\/2016\/02\/20160228_YRQPHOTO_M-1601-LacStPierreConditionDifficiledeGlace6_20160228152057-300x225.jpg 300w, https:\/\/www.cargo-montreal.ca\/wp-content\/uploads\/2016\/02\/20160228_YRQPHOTO_M-1601-LacStPierreConditionDifficiledeGlace6_20160228152057-768x576.jpg 768w, https:\/\/www.cargo-montreal.ca\/wp-content\/uploads\/2016\/02\/20160228_YRQPHOTO_M-1601-LacStPierreConditionDifficiledeGlace6_20160228152057.jpg 1024w\" sizes=\"auto, (max-width: 300px) 100vw, 300px\" \/><\/a>","protected":false},"excerpt":{"rendered":"&nbsp; \u00a0 \u00a0\u00a0 \u00a0\u00a0 \u00a0\u00a0 \u00a0 \u00a0\u00a0\u00a0\u00a0 \u00a0\u00a0 \u00a0\u00a0 \u00a0 \u00a0 \u00a0\u00a0\u00a0\u00a0\u00a0 \u00a0","protected":false},"author":1,"featured_media":0,"parent":0,"menu_order":40,"comment_status":"closed","ping_status":"closed","template":"","meta":{"_acf_changed":false,"footnotes":""},"class_list":["post-2246","page","type-page","status-publish","hentry"],"acf":[],"yoast_head":"<!-- This site is optimized with the Yoast SEO plugin v27.3 - https:\/\/yoast.com\/product\/yoast-seo-wordpress\/ -->\n<title>\u00c9tat des glaces sur le Lac St-Pierre et du travail des brise-glaces d\u00e9ploy\u00e9s dans cette zone - 28 f\u00e9vrier 2016 - CargoM<\/title>\n<meta name=\"robots\" content=\"index, follow, max-snippet:-1, max-image-preview:large, max-video-preview:-1\" \/>\n<link rel=\"canonical\" href=\"https:\/\/www.cargo-montreal.ca\/fr\/photographies-de-letat-des-glaces-sur-le-lac-st-pierre-et-du-travail-des-brise-glaces-deployes-dans-cette-zone-28-fevrier-2016\/\" \/>\n<meta property=\"og:locale\" content=\"fr_FR\" \/>\n<meta property=\"og:type\" content=\"article\" \/>\n<meta property=\"og:title\" content=\"\u00c9tat des glaces sur le Lac St-Pierre et du travail des brise-glaces d\u00e9ploy\u00e9s dans cette zone - 28 f\u00e9vrier 2016 - CargoM\" \/>\n<meta property=\"og:description\" content=\"&nbsp; \u00a0 \u00a0\u00a0 \u00a0\u00a0 \u00a0\u00a0 \u00a0 \u00a0\u00a0\u00a0\u00a0 \u00a0\u00a0 \u00a0\u00a0 \u00a0 \u00a0 \u00a0\u00a0\u00a0\u00a0\u00a0 \u00a0\" \/>\n<meta property=\"og:url\" content=\"https:\/\/www.cargo-montreal.ca\/fr\/photographies-de-letat-des-glaces-sur-le-lac-st-pierre-et-du-travail-des-brise-glaces-deployes-dans-cette-zone-28-fevrier-2016\/\" \/>\n<meta property=\"og:site_name\" content=\"CargoM\" \/>\n<meta property=\"article:modified_time\" content=\"2016-02-29T14:40:35+00:00\" \/>\n<meta property=\"og:image\" content=\"https:\/\/www.cargo-montreal.ca\/wp-content\/uploads\/2016\/02\/20160228130138_wis86c_cgrq-232x300.jpg\" \/>\n<meta name=\"twitter:card\" content=\"summary_large_image\" \/>\n<script type=\"application\/ld+json\" class=\"yoast-schema-graph\">{\"@context\":\"https:\\\/\\\/schema.org\",\"@graph\":[{\"@type\":\"WebPage\",\"@id\":\"https:\\\/\\\/www.cargo-montreal.ca\\\/fr\\\/photographies-de-letat-des-glaces-sur-le-lac-st-pierre-et-du-travail-des-brise-glaces-deployes-dans-cette-zone-28-fevrier-2016\\\/\",\"url\":\"https:\\\/\\\/www.cargo-montreal.ca\\\/fr\\\/photographies-de-letat-des-glaces-sur-le-lac-st-pierre-et-du-travail-des-brise-glaces-deployes-dans-cette-zone-28-fevrier-2016\\\/\",\"name\":\"\u00c9tat des glaces sur le Lac St-Pierre et du travail des brise-glaces d\u00e9ploy\u00e9s dans cette zone - 28 f\u00e9vrier 2016 - CargoM\",\"isPartOf\":{\"@id\":\"https:\\\/\\\/www.cargo-montreal.ca\\\/fr\\\/#website\"},\"primaryImageOfPage\":{\"@id\":\"https:\\\/\\\/www.cargo-montreal.ca\\\/fr\\\/photographies-de-letat-des-glaces-sur-le-lac-st-pierre-et-du-travail-des-brise-glaces-deployes-dans-cette-zone-28-fevrier-2016\\\/#primaryimage\"},\"image\":{\"@id\":\"https:\\\/\\\/www.cargo-montreal.ca\\\/fr\\\/photographies-de-letat-des-glaces-sur-le-lac-st-pierre-et-du-travail-des-brise-glaces-deployes-dans-cette-zone-28-fevrier-2016\\\/#primaryimage\"},\"thumbnailUrl\":\"https:\\\/\\\/www.cargo-montreal.ca\\\/wp-content\\\/uploads\\\/2016\\\/02\\\/20160228130138_wis86c_cgrq-232x300.jpg\",\"datePublished\":\"2016-02-29T14:38:46+00:00\",\"dateModified\":\"2016-02-29T14:40:35+00:00\",\"breadcrumb\":{\"@id\":\"https:\\\/\\\/www.cargo-montreal.ca\\\/fr\\\/photographies-de-letat-des-glaces-sur-le-lac-st-pierre-et-du-travail-des-brise-glaces-deployes-dans-cette-zone-28-fevrier-2016\\\/#breadcrumb\"},\"inLanguage\":\"fr-FR\",\"potentialAction\":[{\"@type\":\"ReadAction\",\"target\":[\"https:\\\/\\\/www.cargo-montreal.ca\\\/fr\\\/photographies-de-letat-des-glaces-sur-le-lac-st-pierre-et-du-travail-des-brise-glaces-deployes-dans-cette-zone-28-fevrier-2016\\\/\"]}]},{\"@type\":\"ImageObject\",\"inLanguage\":\"fr-FR\",\"@id\":\"https:\\\/\\\/www.cargo-montreal.ca\\\/fr\\\/photographies-de-letat-des-glaces-sur-le-lac-st-pierre-et-du-travail-des-brise-glaces-deployes-dans-cette-zone-28-fevrier-2016\\\/#primaryimage\",\"url\":\"https:\\\/\\\/www.cargo-montreal.ca\\\/wp-content\\\/uploads\\\/2016\\\/02\\\/20160228130138_wis86c_cgrq-232x300.jpg\",\"contentUrl\":\"https:\\\/\\\/www.cargo-montreal.ca\\\/wp-content\\\/uploads\\\/2016\\\/02\\\/20160228130138_wis86c_cgrq-232x300.jpg\"},{\"@type\":\"BreadcrumbList\",\"@id\":\"https:\\\/\\\/www.cargo-montreal.ca\\\/fr\\\/photographies-de-letat-des-glaces-sur-le-lac-st-pierre-et-du-travail-des-brise-glaces-deployes-dans-cette-zone-28-fevrier-2016\\\/#breadcrumb\",\"itemListElement\":[{\"@type\":\"ListItem\",\"position\":1,\"name\":\"Home\",\"item\":\"https:\\\/\\\/www.cargo-montreal.ca\\\/fr\\\/\"},{\"@type\":\"ListItem\",\"position\":2,\"name\":\"\u00c9tat des glaces sur le Lac St-Pierre et du travail des brise-glaces d\u00e9ploy\u00e9s dans cette zone &#8211; 28 f\u00e9vrier 2016\"}]},{\"@type\":\"WebSite\",\"@id\":\"https:\\\/\\\/www.cargo-montreal.ca\\\/fr\\\/#website\",\"url\":\"https:\\\/\\\/www.cargo-montreal.ca\\\/fr\\\/\",\"name\":\"CargoM\",\"description\":\"La mission de CargoM: Rassembler les acteurs de la logistique &amp; du transport de marchandises du Grand Montr\u00e9al autour d&#039;objectifs communs, d&#039;actions concert\u00e9es\",\"potentialAction\":[{\"@type\":\"SearchAction\",\"target\":{\"@type\":\"EntryPoint\",\"urlTemplate\":\"https:\\\/\\\/www.cargo-montreal.ca\\\/fr\\\/?s={search_term_string}\"},\"query-input\":{\"@type\":\"PropertyValueSpecification\",\"valueRequired\":true,\"valueName\":\"search_term_string\"}}],\"inLanguage\":\"fr-FR\"}]}<\/script>\n<!-- \/ Yoast SEO plugin. -->","yoast_head_json":{"title":"\u00c9tat des glaces sur le Lac St-Pierre et du travail des brise-glaces d\u00e9ploy\u00e9s dans cette zone - 28 f\u00e9vrier 2016 - CargoM","robots":{"index":"index","follow":"follow","max-snippet":"max-snippet:-1","max-image-preview":"max-image-preview:large","max-video-preview":"max-video-preview:-1"},"canonical":"https:\/\/www.cargo-montreal.ca\/fr\/photographies-de-letat-des-glaces-sur-le-lac-st-pierre-et-du-travail-des-brise-glaces-deployes-dans-cette-zone-28-fevrier-2016\/","og_locale":"fr_FR","og_type":"article","og_title":"\u00c9tat des glaces sur le Lac St-Pierre et du travail des brise-glaces d\u00e9ploy\u00e9s dans cette zone - 28 f\u00e9vrier 2016 - CargoM","og_description":"&nbsp; \u00a0 \u00a0\u00a0 \u00a0\u00a0 \u00a0\u00a0 \u00a0 \u00a0\u00a0\u00a0\u00a0 \u00a0\u00a0 \u00a0\u00a0 \u00a0 \u00a0 \u00a0\u00a0\u00a0\u00a0\u00a0 \u00a0","og_url":"https:\/\/www.cargo-montreal.ca\/fr\/photographies-de-letat-des-glaces-sur-le-lac-st-pierre-et-du-travail-des-brise-glaces-deployes-dans-cette-zone-28-fevrier-2016\/","og_site_name":"CargoM","article_modified_time":"2016-02-29T14:40:35+00:00","og_image":[{"url":"https:\/\/www.cargo-montreal.ca\/wp-content\/uploads\/2016\/02\/20160228130138_wis86c_cgrq-232x300.jpg","type":"","width":"","height":""}],"twitter_card":"summary_large_image","schema":{"@context":"https:\/\/schema.org","@graph":[{"@type":"WebPage","@id":"https:\/\/www.cargo-montreal.ca\/fr\/photographies-de-letat-des-glaces-sur-le-lac-st-pierre-et-du-travail-des-brise-glaces-deployes-dans-cette-zone-28-fevrier-2016\/","url":"https:\/\/www.cargo-montreal.ca\/fr\/photographies-de-letat-des-glaces-sur-le-lac-st-pierre-et-du-travail-des-brise-glaces-deployes-dans-cette-zone-28-fevrier-2016\/","name":"\u00c9tat des glaces sur le Lac St-Pierre et du travail des brise-glaces d\u00e9ploy\u00e9s dans cette zone - 28 f\u00e9vrier 2016 - CargoM","isPartOf":{"@id":"https:\/\/www.cargo-montreal.ca\/fr\/#website"},"primaryImageOfPage":{"@id":"https:\/\/www.cargo-montreal.ca\/fr\/photographies-de-letat-des-glaces-sur-le-lac-st-pierre-et-du-travail-des-brise-glaces-deployes-dans-cette-zone-28-fevrier-2016\/#primaryimage"},"image":{"@id":"https:\/\/www.cargo-montreal.ca\/fr\/photographies-de-letat-des-glaces-sur-le-lac-st-pierre-et-du-travail-des-brise-glaces-deployes-dans-cette-zone-28-fevrier-2016\/#primaryimage"},"thumbnailUrl":"https:\/\/www.cargo-montreal.ca\/wp-content\/uploads\/2016\/02\/20160228130138_wis86c_cgrq-232x300.jpg","datePublished":"2016-02-29T14:38:46+00:00","dateModified":"2016-02-29T14:40:35+00:00","breadcrumb":{"@id":"https:\/\/www.cargo-montreal.ca\/fr\/photographies-de-letat-des-glaces-sur-le-lac-st-pierre-et-du-travail-des-brise-glaces-deployes-dans-cette-zone-28-fevrier-2016\/#breadcrumb"},"inLanguage":"fr-FR","potentialAction":[{"@type":"ReadAction","target":["https:\/\/www.cargo-montreal.ca\/fr\/photographies-de-letat-des-glaces-sur-le-lac-st-pierre-et-du-travail-des-brise-glaces-deployes-dans-cette-zone-28-fevrier-2016\/"]}]},{"@type":"ImageObject","inLanguage":"fr-FR","@id":"https:\/\/www.cargo-montreal.ca\/fr\/photographies-de-letat-des-glaces-sur-le-lac-st-pierre-et-du-travail-des-brise-glaces-deployes-dans-cette-zone-28-fevrier-2016\/#primaryimage","url":"https:\/\/www.cargo-montreal.ca\/wp-content\/uploads\/2016\/02\/20160228130138_wis86c_cgrq-232x300.jpg","contentUrl":"https:\/\/www.cargo-montreal.ca\/wp-content\/uploads\/2016\/02\/20160228130138_wis86c_cgrq-232x300.jpg"},{"@type":"BreadcrumbList","@id":"https:\/\/www.cargo-montreal.ca\/fr\/photographies-de-letat-des-glaces-sur-le-lac-st-pierre-et-du-travail-des-brise-glaces-deployes-dans-cette-zone-28-fevrier-2016\/#breadcrumb","itemListElement":[{"@type":"ListItem","position":1,"name":"Home","item":"https:\/\/www.cargo-montreal.ca\/fr\/"},{"@type":"ListItem","position":2,"name":"\u00c9tat des glaces sur le Lac St-Pierre et du travail des brise-glaces d\u00e9ploy\u00e9s dans cette zone &#8211; 28 f\u00e9vrier 2016"}]},{"@type":"WebSite","@id":"https:\/\/www.cargo-montreal.ca\/fr\/#website","url":"https:\/\/www.cargo-montreal.ca\/fr\/","name":"CargoM","description":"La mission de CargoM: Rassembler les acteurs de la logistique &amp; du transport de marchandises du Grand Montr\u00e9al autour d&#039;objectifs communs, d&#039;actions concert\u00e9es","potentialAction":[{"@type":"SearchAction","target":{"@type":"EntryPoint","urlTemplate":"https:\/\/www.cargo-montreal.ca\/fr\/?s={search_term_string}"},"query-input":{"@type":"PropertyValueSpecification","valueRequired":true,"valueName":"search_term_string"}}],"inLanguage":"fr-FR"}]}},"_links":{"self":[{"href":"https:\/\/www.cargo-montreal.ca\/fr\/wp-json\/wp\/v2\/pages\/2246","targetHints":{"allow":["GET"]}}],"collection":[{"href":"https:\/\/www.cargo-montreal.ca\/fr\/wp-json\/wp\/v2\/pages"}],"about":[{"href":"https:\/\/www.cargo-montreal.ca\/fr\/wp-json\/wp\/v2\/types\/page"}],"author":[{"embeddable":true,"href":"https:\/\/www.cargo-montreal.ca\/fr\/wp-json\/wp\/v2\/users\/1"}],"replies":[{"embeddable":true,"href":"https:\/\/www.cargo-montreal.ca\/fr\/wp-json\/wp\/v2\/comments?post=2246"}],"version-history":[{"count":3,"href":"https:\/\/www.cargo-montreal.ca\/fr\/wp-json\/wp\/v2\/pages\/2246\/revisions"}],"predecessor-version":[{"id":2249,"href":"https:\/\/www.cargo-montreal.ca\/fr\/wp-json\/wp\/v2\/pages\/2246\/revisions\/2249"}],"wp:attachment":[{"href":"https:\/\/www.cargo-montreal.ca\/fr\/wp-json\/wp\/v2\/media?parent=2246"}],"curies":[{"name":"wp","href":"https:\/\/api.w.org\/{rel}","templated":true}]}}