{"id":2704,"date":"2016-05-02T16:00:55","date_gmt":"2016-05-02T16:00:55","guid":{"rendered":"https:\/\/www.cargo-montreal.ca\/?page_id=2704"},"modified":"2025-08-27T16:18:42","modified_gmt":"2025-08-27T16:18:42","slug":"emplois-cargom","status":"publish","type":"page","link":"https:\/\/www.cargo-montreal.ca\/fr\/emplois-cargom\/","title":{"rendered":"EMPLOIS ET FORMATIONS EN LOGISTIQUE ET TRANSPORT"},"content":{"rendered":"<h3 style=\"text-align: center;\">Vous souhaitez faire carri\u00e8re dans le secteur du transport et de la logistique ?<\/h3>\r\n<p style=\"text-align: justify;\">Les membres de CargoM sont constamment \u00e0 la recherche de candidat.es. N\u2019h\u00e9sitez pas \u00e0 consulter, ci-dessous, les pages emploi* de leurs sites Internet. Vous y trouverez une tr\u00e8s grande diversit\u00e9 de carri\u00e8res telles que : architecte naval, conducteur.trice de camion, adjoint.e, commis de bureau, cariste, charg\u00e9.e de projets, commis, conseiller.\u00e8re en communication, matelot, m\u00e9canicien.ne, comptable, r\u00e9partiteur.trice, horairiste, contrema\u00eetre, directeur.trice d\u2019exploitation, expert.e en finance, ing\u00e9nieur.e, manoeuvre, manutentionnaire, m\u00e9canicien.ne, officier.\u00e8re de pont, op\u00e9rateur.trice, gestionnaire ressources humaines, superviseur.e, cariste et plus encore!<\/p>\r\n<p style=\"text-align: justify;\">Des formations sp\u00e9cialis\u00e9es sont \u00e9galement offertes par les institutions d\u2019enseignement et de recherche membres de CargoM notamment pour la reconnaissance des acquis et des comp\u00e9tences (RAC) en \u00a0logistique du transport et en r\u00e9partition. Des programmes en gestion de la cha\u00eene logistique au 1<sup>er<\/sup> cycle (baccalaur\u00e9at) et aux cycles sup\u00e9rieurs (ma\u00eetrise et doctorat) sont \u00e9galement offerts. Nous vous invitons \u00e0 consulter la section <em>Institutions d\u2019enseignement et de recherche<\/em> au bas de cette page.<\/p>\r\n<p>&nbsp;<\/p>\r\n<p><em>* Certaines entreprises non pas de page emploi. Dans ce cas, le lien ram\u00e8ne \u00e0 la page d&rsquo;accueil.\u00a0<\/em><\/p>","protected":false},"excerpt":{"rendered":"Vous souhaitez faire carri\u00e8re dans le secteur du transport et de la logistique ? Les membres de CargoM sont constamment \u00e0 la recherche de candidat.es. N\u2019h\u00e9sitez pas \u00e0 consulter, ci-dessous, les pages emploi* de leurs sites Internet. Vous y trouverez une tr\u00e8s grande diversit\u00e9 de carri\u00e8res telles que : architecte naval, conducteur.trice de camion, adjoint.e, [&hellip;]","protected":false},"author":1,"featured_media":0,"parent":0,"menu_order":33,"comment_status":"closed","ping_status":"closed","template":"page-templates\/JobCargoM.php","meta":{"_acf_changed":false,"footnotes":""},"class_list":["post-2704","page","type-page","status-publish","hentry"],"acf":[],"yoast_head":"<!-- This site is optimized with the Yoast SEO plugin v27.3 - https:\/\/yoast.com\/product\/yoast-seo-wordpress\/ -->\n<title>EMPLOIS ET FORMATIONS EN LOGISTIQUE ET TRANSPORT - CargoM<\/title>\n<meta name=\"robots\" content=\"index, follow, max-snippet:-1, max-image-preview:large, max-video-preview:-1\" \/>\n<link rel=\"canonical\" href=\"https:\/\/www.cargo-montreal.ca\/fr\/emplois-cargom\/\" \/>\n<meta property=\"og:locale\" content=\"fr_FR\" \/>\n<meta property=\"og:type\" content=\"article\" \/>\n<meta property=\"og:title\" content=\"EMPLOIS ET FORMATIONS EN LOGISTIQUE ET TRANSPORT - CargoM\" \/>\n<meta property=\"og:description\" content=\"Vous souhaitez faire carri\u00e8re dans le secteur du transport et de la logistique ? Les membres de CargoM sont constamment \u00e0 la recherche de candidat.es. N\u2019h\u00e9sitez pas \u00e0 consulter, ci-dessous, les pages emploi* de leurs sites Internet. Vous y trouverez une tr\u00e8s grande diversit\u00e9 de carri\u00e8res telles que : architecte naval, conducteur.trice de camion, adjoint.e, [&hellip;]\" \/>\n<meta property=\"og:url\" content=\"https:\/\/www.cargo-montreal.ca\/fr\/emplois-cargom\/\" \/>\n<meta property=\"og:site_name\" content=\"CargoM\" \/>\n<meta property=\"article:modified_time\" content=\"2025-08-27T16:18:42+00:00\" \/>\n<meta name=\"twitter:card\" content=\"summary_large_image\" \/>\n<meta name=\"twitter:label1\" content=\"Dur\u00e9e de lecture estim\u00e9e\" \/>\n\t<meta name=\"twitter:data1\" content=\"1 minute\" \/>\n<script type=\"application\/ld+json\" class=\"yoast-schema-graph\">{\"@context\":\"https:\\\/\\\/schema.org\",\"@graph\":[{\"@type\":\"WebPage\",\"@id\":\"https:\\\/\\\/www.cargo-montreal.ca\\\/fr\\\/emplois-cargom\\\/\",\"url\":\"https:\\\/\\\/www.cargo-montreal.ca\\\/fr\\\/emplois-cargom\\\/\",\"name\":\"EMPLOIS ET FORMATIONS EN LOGISTIQUE ET TRANSPORT - CargoM\",\"isPartOf\":{\"@id\":\"https:\\\/\\\/www.cargo-montreal.ca\\\/fr\\\/#website\"},\"datePublished\":\"2016-05-02T16:00:55+00:00\",\"dateModified\":\"2025-08-27T16:18:42+00:00\",\"breadcrumb\":{\"@id\":\"https:\\\/\\\/www.cargo-montreal.ca\\\/fr\\\/emplois-cargom\\\/#breadcrumb\"},\"inLanguage\":\"fr-FR\",\"potentialAction\":[{\"@type\":\"ReadAction\",\"target\":[\"https:\\\/\\\/www.cargo-montreal.ca\\\/fr\\\/emplois-cargom\\\/\"]}]},{\"@type\":\"BreadcrumbList\",\"@id\":\"https:\\\/\\\/www.cargo-montreal.ca\\\/fr\\\/emplois-cargom\\\/#breadcrumb\",\"itemListElement\":[{\"@type\":\"ListItem\",\"position\":1,\"name\":\"Home\",\"item\":\"https:\\\/\\\/www.cargo-montreal.ca\\\/fr\\\/\"},{\"@type\":\"ListItem\",\"position\":2,\"name\":\"EMPLOIS ET FORMATIONS EN LOGISTIQUE ET TRANSPORT\"}]},{\"@type\":\"WebSite\",\"@id\":\"https:\\\/\\\/www.cargo-montreal.ca\\\/fr\\\/#website\",\"url\":\"https:\\\/\\\/www.cargo-montreal.ca\\\/fr\\\/\",\"name\":\"CargoM\",\"description\":\"La mission de CargoM: Rassembler les acteurs de la logistique &amp; du transport de marchandises du Grand Montr\u00e9al autour d&#039;objectifs communs, d&#039;actions concert\u00e9es\",\"potentialAction\":[{\"@type\":\"SearchAction\",\"target\":{\"@type\":\"EntryPoint\",\"urlTemplate\":\"https:\\\/\\\/www.cargo-montreal.ca\\\/fr\\\/?s={search_term_string}\"},\"query-input\":{\"@type\":\"PropertyValueSpecification\",\"valueRequired\":true,\"valueName\":\"search_term_string\"}}],\"inLanguage\":\"fr-FR\"}]}<\/script>\n<!-- \/ Yoast SEO plugin. -->","yoast_head_json":{"title":"EMPLOIS ET FORMATIONS EN LOGISTIQUE ET TRANSPORT - CargoM","robots":{"index":"index","follow":"follow","max-snippet":"max-snippet:-1","max-image-preview":"max-image-preview:large","max-video-preview":"max-video-preview:-1"},"canonical":"https:\/\/www.cargo-montreal.ca\/fr\/emplois-cargom\/","og_locale":"fr_FR","og_type":"article","og_title":"EMPLOIS ET FORMATIONS EN LOGISTIQUE ET TRANSPORT - CargoM","og_description":"Vous souhaitez faire carri\u00e8re dans le secteur du transport et de la logistique ? Les membres de CargoM sont constamment \u00e0 la recherche de candidat.es. N\u2019h\u00e9sitez pas \u00e0 consulter, ci-dessous, les pages emploi* de leurs sites Internet. Vous y trouverez une tr\u00e8s grande diversit\u00e9 de carri\u00e8res telles que : architecte naval, conducteur.trice de camion, adjoint.e, [&hellip;]","og_url":"https:\/\/www.cargo-montreal.ca\/fr\/emplois-cargom\/","og_site_name":"CargoM","article_modified_time":"2025-08-27T16:18:42+00:00","twitter_card":"summary_large_image","twitter_misc":{"Dur\u00e9e de lecture estim\u00e9e":"1 minute"},"schema":{"@context":"https:\/\/schema.org","@graph":[{"@type":"WebPage","@id":"https:\/\/www.cargo-montreal.ca\/fr\/emplois-cargom\/","url":"https:\/\/www.cargo-montreal.ca\/fr\/emplois-cargom\/","name":"EMPLOIS ET FORMATIONS EN LOGISTIQUE ET TRANSPORT - CargoM","isPartOf":{"@id":"https:\/\/www.cargo-montreal.ca\/fr\/#website"},"datePublished":"2016-05-02T16:00:55+00:00","dateModified":"2025-08-27T16:18:42+00:00","breadcrumb":{"@id":"https:\/\/www.cargo-montreal.ca\/fr\/emplois-cargom\/#breadcrumb"},"inLanguage":"fr-FR","potentialAction":[{"@type":"ReadAction","target":["https:\/\/www.cargo-montreal.ca\/fr\/emplois-cargom\/"]}]},{"@type":"BreadcrumbList","@id":"https:\/\/www.cargo-montreal.ca\/fr\/emplois-cargom\/#breadcrumb","itemListElement":[{"@type":"ListItem","position":1,"name":"Home","item":"https:\/\/www.cargo-montreal.ca\/fr\/"},{"@type":"ListItem","position":2,"name":"EMPLOIS ET FORMATIONS EN LOGISTIQUE ET TRANSPORT"}]},{"@type":"WebSite","@id":"https:\/\/www.cargo-montreal.ca\/fr\/#website","url":"https:\/\/www.cargo-montreal.ca\/fr\/","name":"CargoM","description":"La mission de CargoM: Rassembler les acteurs de la logistique &amp; du transport de marchandises du Grand Montr\u00e9al autour d&#039;objectifs communs, d&#039;actions concert\u00e9es","potentialAction":[{"@type":"SearchAction","target":{"@type":"EntryPoint","urlTemplate":"https:\/\/www.cargo-montreal.ca\/fr\/?s={search_term_string}"},"query-input":{"@type":"PropertyValueSpecification","valueRequired":true,"valueName":"search_term_string"}}],"inLanguage":"fr-FR"}]}},"_links":{"self":[{"href":"https:\/\/www.cargo-montreal.ca\/fr\/wp-json\/wp\/v2\/pages\/2704","targetHints":{"allow":["GET"]}}],"collection":[{"href":"https:\/\/www.cargo-montreal.ca\/fr\/wp-json\/wp\/v2\/pages"}],"about":[{"href":"https:\/\/www.cargo-montreal.ca\/fr\/wp-json\/wp\/v2\/types\/page"}],"author":[{"embeddable":true,"href":"https:\/\/www.cargo-montreal.ca\/fr\/wp-json\/wp\/v2\/users\/1"}],"replies":[{"embeddable":true,"href":"https:\/\/www.cargo-montreal.ca\/fr\/wp-json\/wp\/v2\/comments?post=2704"}],"version-history":[{"count":493,"href":"https:\/\/www.cargo-montreal.ca\/fr\/wp-json\/wp\/v2\/pages\/2704\/revisions"}],"predecessor-version":[{"id":18726,"href":"https:\/\/www.cargo-montreal.ca\/fr\/wp-json\/wp\/v2\/pages\/2704\/revisions\/18726"}],"wp:attachment":[{"href":"https:\/\/www.cargo-montreal.ca\/fr\/wp-json\/wp\/v2\/media?parent=2704"}],"curies":[{"name":"wp","href":"https:\/\/api.w.org\/{rel}","templated":true}]}}