{"id":344,"date":"2014-12-18T16:43:51","date_gmt":"2014-12-18T16:43:51","guid":{"rendered":"http:\/\/cargo.local\/about-us-2\/"},"modified":"2026-04-10T09:51:10","modified_gmt":"2026-04-10T13:51:10","slug":"qui-sommes-nous","status":"publish","type":"page","link":"https:\/\/www.cargo-montreal.ca\/fr\/qui-sommes-nous\/","title":{"rendered":"Qui sommes-nous?"},"content":{"rendered":"<p class=\"\" style=\"text-align: justify;\"><a href=\"https:\/\/www.cargo-montreal.ca\/wp-content\/uploads\/2016\/01\/cargo-e1461345967304.png\" rel=\"attachment wp-att-2013\"><img loading=\"lazy\" decoding=\"async\" class=\"wp-image-2013 size-medium aligncenter\" src=\"https:\/\/www.cargo-montreal.ca\/wp-content\/uploads\/2016\/01\/cargo-300x176.png\" alt=\"cargo\" width=\"300\" height=\"176\" \/><\/a><\/p>\r\n<h2>\u00a0<\/h2>\r\n<h2 style=\"text-align: justify;\"><span style=\"color: #99cc00;\">Notre mission\u00a0<\/span><\/h2>\r\n<p style=\"text-align: justify;\">La mission de CargoM est de <strong>rassembler tous les acteurs de la logistique et du transport de marchandises du Grand Montr\u00e9al, <\/strong>dont les activit\u00e9s favorisent la plaque tournante de Montr\u00e9al, autour d\u2019objectifs communs et d\u2019actions concert\u00e9es, en vue d\u2019en accro\u00eetre la coh\u00e9sion, la comp\u00e9titivit\u00e9, la croissance et le rayonnement.<\/p>\r\n<h2 style=\"text-align: justify;\"><span style=\"color: #99cc00;\">Notre vision<\/span><\/h2>\r\n<p style=\"text-align: justify;\">La vision de CargoM est de <strong>faire du Grand Montr\u00e9al une plateforme multimodale reconnue et recherch\u00e9e<\/strong> pour sa performance op\u00e9rationnelle et environnementale, pour sa contribution \u00e0 la comp\u00e9titivit\u00e9 de ses partenaires d\u2019affaires et au d\u00e9veloppement \u00e9conomique de la r\u00e9gion m\u00e9tropolitaine et du Qu\u00e9bec.<\/p>\r\n<h2 style=\"text-align: justify;\"><span style=\"color: #99cc00;\">\u00c0 propos<\/span><\/h2>\r\n<p style=\"text-align: justify;\">Lanc\u00e9e en 2012 et s\u2019inscrivant dans la strat\u00e9gie de d\u00e9veloppement \u00e9conomique du Grand Montr\u00e9al, CargoM, la Grappe m\u00e9tropolitaine de logistique et transport de Montr\u00e9al, fait partie des 10 grappes m\u00e9tropolitaines d\u00e9ploy\u00e9es depuis 2006.<\/p>\r\n<p style=\"text-align: justify;\">Nos actions sont structur\u00e9es autour de 4 groupes de travail, au sein desquels ses membres collaborent \u00e0 mettre en place des outils, des projets et des initiatives qui ont pour objectif de participer au d\u00e9veloppement \u00e9conomique, d\u2019am\u00e9liorer la fluidit\u00e9 de la cha\u00eene logistique, d\u2019attirer de nouvelles entreprises, de mettre en valeur les emplois et la formation et de promouvoir \u00e0 l\u2019international la plaque tournante du Grand Montr\u00e9al.<\/p>\r\n<p style=\"text-align: justify;\">Les activit\u00e9s de CargoM sont soutenues financi\u00e8rement par la <a href=\"https:\/\/cmm.qc.ca\/\">Communaut\u00e9 m\u00e9tropolitaine de Montr\u00e9al (CMM)<\/a>\u00a0et <a href=\"https:\/\/www.economie.gouv.qc.ca\/accueil\/?no_cache=1\">le minist\u00e8re de l\u2019\u00c9conomie, de l\u2019Innovation et de l&rsquo;\u00c9nergie (MEIE)<\/a> ainsi que par l\u2019ensemble de ses <a href=\"https:\/\/www.cargo-montreal.ca\/fr\/membres\/\">membres<\/a>.<\/p>\r\n<p class=\"\">\u00a0 \u00a0 \u00a0 \u00a0 \u00a0 \u00a0 \u00a0 \u00a0 \u00a0 \u00a0 \u00a0 \u00a0 \u00a0 \u00a0 \u00a0 \u00a0 \u00a0 \u00a0 \u00a0 \u00a0 \u00a0 \u00a0 \u00a0 \u00a0 \u00a0 \u00a0 \u00a0 \u00a0 \u00a0 \u00a0 \u00a0 \u00a0\u00a0<a href=\"http:\/\/www.gouv.qc.ca\/FR\/Pages\/Accueil.aspx\" rel=\"attachment wp-att-1653\"><img loading=\"lazy\" decoding=\"async\" class=\"alignnone wp-image-1653 size-full\" src=\"https:\/\/www.cargo-montreal.ca\/wp-content\/uploads\/2014\/12\/logo-quebec.jpg\" alt=\"logo-quebec\" width=\"199\" height=\"60\" \/> <\/a>\u00a0\u00a0<a href=\"https:\/\/www.cargo-montreal.ca\/wp-content\/uploads\/2022\/12\/LOGO-CMM_HOR_COUL.png\" rel=\"attachment wp-att-1654\"><img loading=\"lazy\" decoding=\"async\" class=\"alignnone wp-image-14214\" src=\"https:\/\/www.cargo-montreal.ca\/wp-content\/uploads\/2022\/12\/LOGO-CMM_HOR_COUL-300x88.png\" alt=\"\" width=\"181\" height=\"53\" srcset=\"https:\/\/www.cargo-montreal.ca\/wp-content\/uploads\/2022\/12\/LOGO-CMM_HOR_COUL-300x88.png 300w, https:\/\/www.cargo-montreal.ca\/wp-content\/uploads\/2022\/12\/LOGO-CMM_HOR_COUL-768x225.png 768w, https:\/\/www.cargo-montreal.ca\/wp-content\/uploads\/2022\/12\/LOGO-CMM_HOR_COUL.png 893w\" sizes=\"auto, (max-width: 181px) 100vw, 181px\" \/><\/a><\/p>\r\n<p class=\"\">\u00a0 \u00a0 \u00a0 \u00a0 \u00a0 \u00a0 \u00a0 \u00a0 \u00a0 \u00a0 \u00a0 \u00a0 \u00a0 \u00a0 \u00a0 \u00a0 \u00a0 \u00a0 \u00a0 \u00a0 \u00a0 \u00a0 \u00a0Pour en savoir plus sur les activit\u00e9s de la grappe, consultez <span style=\"color: #99cc00;\"><a style=\"color: #99cc00;\" href=\"https:\/\/www.cargo-montreal.ca\/fr\/actions\/videos\/\" target=\"_blank\" rel=\"noopener noreferrer\">nos capsules vid\u00e9os en cliquant ici<\/a><\/span><\/p>","protected":false},"excerpt":{"rendered":"\u00a0 Notre mission\u00a0 La mission de CargoM est de rassembler tous les acteurs de la logistique et du transport de marchandises du Grand Montr\u00e9al, dont les activit\u00e9s favorisent la plaque tournante de Montr\u00e9al, autour d\u2019objectifs communs et d\u2019actions concert\u00e9es, en vue d\u2019en accro\u00eetre la coh\u00e9sion, la comp\u00e9titivit\u00e9, la croissance et le rayonnement. Notre vision La [&hellip;]","protected":false},"author":1,"featured_media":0,"parent":0,"menu_order":9,"comment_status":"open","ping_status":"open","template":"page-templates\/AboutUs.php","meta":{"_acf_changed":false,"footnotes":""},"class_list":["post-344","page","type-page","status-publish","hentry"],"acf":[],"yoast_head":"<!-- This site is optimized with the Yoast SEO plugin v27.3 - https:\/\/yoast.com\/product\/yoast-seo-wordpress\/ -->\n<title>Qui sommes-nous? - CargoM<\/title>\n<meta name=\"robots\" content=\"index, follow, max-snippet:-1, max-image-preview:large, max-video-preview:-1\" \/>\n<link rel=\"canonical\" href=\"https:\/\/www.cargo-montreal.ca\/fr\/qui-sommes-nous\/\" \/>\n<meta property=\"og:locale\" content=\"fr_FR\" \/>\n<meta property=\"og:type\" content=\"article\" \/>\n<meta property=\"og:title\" content=\"Qui sommes-nous? - CargoM\" \/>\n<meta property=\"og:description\" content=\"\u00a0 Notre mission\u00a0 La mission de CargoM est de rassembler tous les acteurs de la logistique et du transport de marchandises du Grand Montr\u00e9al, dont les activit\u00e9s favorisent la plaque tournante de Montr\u00e9al, autour d\u2019objectifs communs et d\u2019actions concert\u00e9es, en vue d\u2019en accro\u00eetre la coh\u00e9sion, la comp\u00e9titivit\u00e9, la croissance et le rayonnement. Notre vision La [&hellip;]\" \/>\n<meta property=\"og:url\" content=\"https:\/\/www.cargo-montreal.ca\/fr\/qui-sommes-nous\/\" \/>\n<meta property=\"og:site_name\" content=\"CargoM\" \/>\n<meta property=\"article:modified_time\" content=\"2026-04-10T13:51:10+00:00\" \/>\n<meta property=\"og:image\" content=\"https:\/\/www.cargo-montreal.ca\/wp-content\/uploads\/2016\/01\/cargo-e1461345967304.png\" \/>\n\t<meta property=\"og:image:width\" content=\"460\" \/>\n\t<meta property=\"og:image:height\" content=\"271\" \/>\n\t<meta property=\"og:image:type\" content=\"image\/png\" \/>\n<meta name=\"twitter:card\" content=\"summary_large_image\" \/>\n<meta name=\"twitter:label1\" content=\"Dur\u00e9e de lecture estim\u00e9e\" \/>\n\t<meta name=\"twitter:data1\" content=\"2 minutes\" \/>\n<script type=\"application\/ld+json\" class=\"yoast-schema-graph\">{\"@context\":\"https:\\\/\\\/schema.org\",\"@graph\":[{\"@type\":\"WebPage\",\"@id\":\"https:\\\/\\\/www.cargo-montreal.ca\\\/fr\\\/qui-sommes-nous\\\/\",\"url\":\"https:\\\/\\\/www.cargo-montreal.ca\\\/fr\\\/qui-sommes-nous\\\/\",\"name\":\"Qui sommes-nous? - CargoM\",\"isPartOf\":{\"@id\":\"https:\\\/\\\/www.cargo-montreal.ca\\\/fr\\\/#website\"},\"primaryImageOfPage\":{\"@id\":\"https:\\\/\\\/www.cargo-montreal.ca\\\/fr\\\/qui-sommes-nous\\\/#primaryimage\"},\"image\":{\"@id\":\"https:\\\/\\\/www.cargo-montreal.ca\\\/fr\\\/qui-sommes-nous\\\/#primaryimage\"},\"thumbnailUrl\":\"https:\\\/\\\/www.cargo-montreal.ca\\\/wp-content\\\/uploads\\\/2016\\\/01\\\/cargo-300x176.png\",\"datePublished\":\"2014-12-18T16:43:51+00:00\",\"dateModified\":\"2026-04-10T13:51:10+00:00\",\"breadcrumb\":{\"@id\":\"https:\\\/\\\/www.cargo-montreal.ca\\\/fr\\\/qui-sommes-nous\\\/#breadcrumb\"},\"inLanguage\":\"fr-FR\",\"potentialAction\":[{\"@type\":\"ReadAction\",\"target\":[\"https:\\\/\\\/www.cargo-montreal.ca\\\/fr\\\/qui-sommes-nous\\\/\"]}]},{\"@type\":\"ImageObject\",\"inLanguage\":\"fr-FR\",\"@id\":\"https:\\\/\\\/www.cargo-montreal.ca\\\/fr\\\/qui-sommes-nous\\\/#primaryimage\",\"url\":\"https:\\\/\\\/www.cargo-montreal.ca\\\/wp-content\\\/uploads\\\/2016\\\/01\\\/cargo-300x176.png\",\"contentUrl\":\"https:\\\/\\\/www.cargo-montreal.ca\\\/wp-content\\\/uploads\\\/2016\\\/01\\\/cargo-300x176.png\"},{\"@type\":\"BreadcrumbList\",\"@id\":\"https:\\\/\\\/www.cargo-montreal.ca\\\/fr\\\/qui-sommes-nous\\\/#breadcrumb\",\"itemListElement\":[{\"@type\":\"ListItem\",\"position\":1,\"name\":\"Home\",\"item\":\"https:\\\/\\\/www.cargo-montreal.ca\\\/fr\\\/\"},{\"@type\":\"ListItem\",\"position\":2,\"name\":\"Qui sommes-nous?\"}]},{\"@type\":\"WebSite\",\"@id\":\"https:\\\/\\\/www.cargo-montreal.ca\\\/fr\\\/#website\",\"url\":\"https:\\\/\\\/www.cargo-montreal.ca\\\/fr\\\/\",\"name\":\"CargoM\",\"description\":\"La mission de CargoM: Rassembler les acteurs de la logistique &amp; du transport de marchandises du Grand Montr\u00e9al autour d&#039;objectifs communs, d&#039;actions concert\u00e9es\",\"potentialAction\":[{\"@type\":\"SearchAction\",\"target\":{\"@type\":\"EntryPoint\",\"urlTemplate\":\"https:\\\/\\\/www.cargo-montreal.ca\\\/fr\\\/?s={search_term_string}\"},\"query-input\":{\"@type\":\"PropertyValueSpecification\",\"valueRequired\":true,\"valueName\":\"search_term_string\"}}],\"inLanguage\":\"fr-FR\"}]}<\/script>\n<!-- \/ Yoast SEO plugin. -->","yoast_head_json":{"title":"Qui sommes-nous? - CargoM","robots":{"index":"index","follow":"follow","max-snippet":"max-snippet:-1","max-image-preview":"max-image-preview:large","max-video-preview":"max-video-preview:-1"},"canonical":"https:\/\/www.cargo-montreal.ca\/fr\/qui-sommes-nous\/","og_locale":"fr_FR","og_type":"article","og_title":"Qui sommes-nous? - CargoM","og_description":"\u00a0 Notre mission\u00a0 La mission de CargoM est de rassembler tous les acteurs de la logistique et du transport de marchandises du Grand Montr\u00e9al, dont les activit\u00e9s favorisent la plaque tournante de Montr\u00e9al, autour d\u2019objectifs communs et d\u2019actions concert\u00e9es, en vue d\u2019en accro\u00eetre la coh\u00e9sion, la comp\u00e9titivit\u00e9, la croissance et le rayonnement. Notre vision La [&hellip;]","og_url":"https:\/\/www.cargo-montreal.ca\/fr\/qui-sommes-nous\/","og_site_name":"CargoM","article_modified_time":"2026-04-10T13:51:10+00:00","og_image":[{"width":460,"height":271,"url":"https:\/\/www.cargo-montreal.ca\/wp-content\/uploads\/2016\/01\/cargo-e1461345967304.png","type":"image\/png"}],"twitter_card":"summary_large_image","twitter_misc":{"Dur\u00e9e de lecture estim\u00e9e":"2 minutes"},"schema":{"@context":"https:\/\/schema.org","@graph":[{"@type":"WebPage","@id":"https:\/\/www.cargo-montreal.ca\/fr\/qui-sommes-nous\/","url":"https:\/\/www.cargo-montreal.ca\/fr\/qui-sommes-nous\/","name":"Qui sommes-nous? - CargoM","isPartOf":{"@id":"https:\/\/www.cargo-montreal.ca\/fr\/#website"},"primaryImageOfPage":{"@id":"https:\/\/www.cargo-montreal.ca\/fr\/qui-sommes-nous\/#primaryimage"},"image":{"@id":"https:\/\/www.cargo-montreal.ca\/fr\/qui-sommes-nous\/#primaryimage"},"thumbnailUrl":"https:\/\/www.cargo-montreal.ca\/wp-content\/uploads\/2016\/01\/cargo-300x176.png","datePublished":"2014-12-18T16:43:51+00:00","dateModified":"2026-04-10T13:51:10+00:00","breadcrumb":{"@id":"https:\/\/www.cargo-montreal.ca\/fr\/qui-sommes-nous\/#breadcrumb"},"inLanguage":"fr-FR","potentialAction":[{"@type":"ReadAction","target":["https:\/\/www.cargo-montreal.ca\/fr\/qui-sommes-nous\/"]}]},{"@type":"ImageObject","inLanguage":"fr-FR","@id":"https:\/\/www.cargo-montreal.ca\/fr\/qui-sommes-nous\/#primaryimage","url":"https:\/\/www.cargo-montreal.ca\/wp-content\/uploads\/2016\/01\/cargo-300x176.png","contentUrl":"https:\/\/www.cargo-montreal.ca\/wp-content\/uploads\/2016\/01\/cargo-300x176.png"},{"@type":"BreadcrumbList","@id":"https:\/\/www.cargo-montreal.ca\/fr\/qui-sommes-nous\/#breadcrumb","itemListElement":[{"@type":"ListItem","position":1,"name":"Home","item":"https:\/\/www.cargo-montreal.ca\/fr\/"},{"@type":"ListItem","position":2,"name":"Qui sommes-nous?"}]},{"@type":"WebSite","@id":"https:\/\/www.cargo-montreal.ca\/fr\/#website","url":"https:\/\/www.cargo-montreal.ca\/fr\/","name":"CargoM","description":"La mission de CargoM: Rassembler les acteurs de la logistique &amp; du transport de marchandises du Grand Montr\u00e9al autour d&#039;objectifs communs, d&#039;actions concert\u00e9es","potentialAction":[{"@type":"SearchAction","target":{"@type":"EntryPoint","urlTemplate":"https:\/\/www.cargo-montreal.ca\/fr\/?s={search_term_string}"},"query-input":{"@type":"PropertyValueSpecification","valueRequired":true,"valueName":"search_term_string"}}],"inLanguage":"fr-FR"}]}},"_links":{"self":[{"href":"https:\/\/www.cargo-montreal.ca\/fr\/wp-json\/wp\/v2\/pages\/344","targetHints":{"allow":["GET"]}}],"collection":[{"href":"https:\/\/www.cargo-montreal.ca\/fr\/wp-json\/wp\/v2\/pages"}],"about":[{"href":"https:\/\/www.cargo-montreal.ca\/fr\/wp-json\/wp\/v2\/types\/page"}],"author":[{"embeddable":true,"href":"https:\/\/www.cargo-montreal.ca\/fr\/wp-json\/wp\/v2\/users\/1"}],"replies":[{"embeddable":true,"href":"https:\/\/www.cargo-montreal.ca\/fr\/wp-json\/wp\/v2\/comments?post=344"}],"version-history":[{"count":75,"href":"https:\/\/www.cargo-montreal.ca\/fr\/wp-json\/wp\/v2\/pages\/344\/revisions"}],"predecessor-version":[{"id":20349,"href":"https:\/\/www.cargo-montreal.ca\/fr\/wp-json\/wp\/v2\/pages\/344\/revisions\/20349"}],"wp:attachment":[{"href":"https:\/\/www.cargo-montreal.ca\/fr\/wp-json\/wp\/v2\/media?parent=344"}],"curies":[{"name":"wp","href":"https:\/\/api.w.org\/{rel}","templated":true}]}}