{"id":35,"date":"2014-12-18T18:13:37","date_gmt":"2014-12-18T18:13:37","guid":{"rendered":"http:\/\/cargowp\/?page_id=35"},"modified":"2020-07-13T19:02:07","modified_gmt":"2020-07-13T19:02:07","slug":"grappe-de-logistique","status":"publish","type":"page","link":"https:\/\/www.cargo-montreal.ca\/fr\/qui-sommes-nous\/grappe-de-logistique\/","title":{"rendered":"Grappe de logistique et transport"},"content":{"rendered":"<p style=\"text-align: justify;\">Une grappe, en termes de d\u00e9veloppement \u00e9conomique, se d\u00e9finit comme : un regroupement d\u2019entreprises de tailles diverses, unies par des int\u00e9r\u00eats communs, des compl\u00e9mentarit\u00e9s ou des interd\u00e9pendances et d\u00e9veloppant volontairement des relations de coop\u00e9ration dans un ou plusieurs domaines. La sp\u00e9cificit\u00e9 d\u2019une grappe m\u00e9tropolitaine r\u00e9side dans la concentration g\u00e9ographique des activit\u00e9s \u00e9conomiques des entreprises, firmes et industries, afin de tirer le meilleur avantage comp\u00e9titif possible et un plus grand rayonnement.<\/p>\r\n<p style=\"text-align: justify;\">En logistique et transport, on parle de grappe sp\u00e9cialis\u00e9e refl\u00e9tant la tendance des firmes, qui travaillent dans des secteurs similaires et qui utilisent des technologies identiques \u00e0 se concentrer dans la m\u00eame zone g\u00e9ographique. Les firmes ont des comp\u00e9tences diff\u00e9rentes mais sont li\u00e9es par la concentration de leurs r\u00e9seaux de production et de diffusion, de transport et de rayonnement.<\/p>\r\n\r\n<h2>Les avantages d&rsquo;une grappe :<\/h2>\r\n<ul class=\"listObjectifsCargo\">\r\n \t<li>L\u2019attraction d\u2019entreprises et de firmes qui ont des activit\u00e9s li\u00e9es;<\/li>\r\n \t<li>La stimulation de l\u2019innovation et de la recherche-d\u00e9veloppement;<\/li>\r\n \t<li>La cr\u00e9ation d\u2019emploi \u00e0 l\u2019\u00e9chelle locale;<\/li>\r\n \t<li>La diversification \u00e9conomique;<\/li>\r\n \t<li>L\u2019am\u00e9lioration des infrastructures et des connections de transport;<\/li>\r\n \t<li>Le rayonnement des activit\u00e9s de la grappe \u00e0 diff\u00e9rentes \u00e9chelles.<\/li>\r\n<\/ul>\r\n<p style=\"text-align: justify;\">La grappe m\u00e9tropolitaine de logistique et transport s\u2019inscrit dans cette d\u00e9finition et compte tirer profits de tous les avantages d\u2019une grappe pour en faire b\u00e9n\u00e9ficier le Grand Montr\u00e9al. Son objectif principal est de se faire reconna\u00eetre comme une plaque tournante multimodale performante, comp\u00e9titive et innovante.<\/p>\r\nPour en savoir davantage sur les grappes m\u00e9tropolitaines\u00a0: <a href=\"https:\/\/cmm.qc.ca\/projets\/grappes-metropolitaines\/\">Communaut\u00e9 m\u00e9tropolitaine de Montr\u00e9al (CMM) &#8211; Grappes m\u00e9tropolitaines <\/a>\r\n<h2><span style=\"color: #99cc00;\">CargoM<\/span><\/h2>\r\n2100, avenue Pierre-Dupuy, aile 2, bureau 2100\r\nMontr\u00e9al (Qu\u00e9bec) H3C 3R5\r\n514 508-2609","protected":false},"excerpt":{"rendered":"Une grappe, en termes de d\u00e9veloppement \u00e9conomique, se d\u00e9finit comme : un regroupement d\u2019entreprises de tailles diverses, unies par des int\u00e9r\u00eats communs, des compl\u00e9mentarit\u00e9s ou des interd\u00e9pendances et d\u00e9veloppant volontairement des relations de coop\u00e9ration dans un ou plusieurs domaines. La sp\u00e9cificit\u00e9 d\u2019une grappe m\u00e9tropolitaine r\u00e9side dans la concentration g\u00e9ographique des activit\u00e9s \u00e9conomiques des entreprises, firmes [&hellip;]","protected":false},"author":1,"featured_media":0,"parent":344,"menu_order":4,"comment_status":"open","ping_status":"open","template":"","meta":{"_acf_changed":false,"footnotes":""},"class_list":["post-35","page","type-page","status-publish","hentry"],"acf":[],"yoast_head":"<!-- This site is optimized with the Yoast SEO plugin v27.3 - https:\/\/yoast.com\/product\/yoast-seo-wordpress\/ -->\n<title>Grappe de logistique et transport - CargoM<\/title>\n<meta name=\"robots\" content=\"index, follow, max-snippet:-1, max-image-preview:large, max-video-preview:-1\" \/>\n<link rel=\"canonical\" href=\"https:\/\/www.cargo-montreal.ca\/fr\/qui-sommes-nous\/grappe-de-logistique\/\" \/>\n<meta property=\"og:locale\" content=\"fr_FR\" \/>\n<meta property=\"og:type\" content=\"article\" \/>\n<meta property=\"og:title\" content=\"Grappe de logistique et transport - CargoM\" \/>\n<meta property=\"og:description\" content=\"Une grappe, en termes de d\u00e9veloppement \u00e9conomique, se d\u00e9finit comme : un regroupement d\u2019entreprises de tailles diverses, unies par des int\u00e9r\u00eats communs, des compl\u00e9mentarit\u00e9s ou des interd\u00e9pendances et d\u00e9veloppant volontairement des relations de coop\u00e9ration dans un ou plusieurs domaines. La sp\u00e9cificit\u00e9 d\u2019une grappe m\u00e9tropolitaine r\u00e9side dans la concentration g\u00e9ographique des activit\u00e9s \u00e9conomiques des entreprises, firmes [&hellip;]\" \/>\n<meta property=\"og:url\" content=\"https:\/\/www.cargo-montreal.ca\/fr\/qui-sommes-nous\/grappe-de-logistique\/\" \/>\n<meta property=\"og:site_name\" content=\"CargoM\" \/>\n<meta property=\"article:modified_time\" content=\"2020-07-13T19:02:07+00:00\" \/>\n<meta name=\"twitter:card\" content=\"summary_large_image\" \/>\n<meta name=\"twitter:label1\" content=\"Dur\u00e9e de lecture estim\u00e9e\" \/>\n\t<meta name=\"twitter:data1\" content=\"2 minutes\" \/>\n<script type=\"application\/ld+json\" class=\"yoast-schema-graph\">{\"@context\":\"https:\\\/\\\/schema.org\",\"@graph\":[{\"@type\":\"WebPage\",\"@id\":\"https:\\\/\\\/www.cargo-montreal.ca\\\/fr\\\/qui-sommes-nous\\\/grappe-de-logistique\\\/\",\"url\":\"https:\\\/\\\/www.cargo-montreal.ca\\\/fr\\\/qui-sommes-nous\\\/grappe-de-logistique\\\/\",\"name\":\"Grappe de logistique et transport - CargoM\",\"isPartOf\":{\"@id\":\"https:\\\/\\\/www.cargo-montreal.ca\\\/fr\\\/#website\"},\"datePublished\":\"2014-12-18T18:13:37+00:00\",\"dateModified\":\"2020-07-13T19:02:07+00:00\",\"breadcrumb\":{\"@id\":\"https:\\\/\\\/www.cargo-montreal.ca\\\/fr\\\/qui-sommes-nous\\\/grappe-de-logistique\\\/#breadcrumb\"},\"inLanguage\":\"fr-FR\",\"potentialAction\":[{\"@type\":\"ReadAction\",\"target\":[\"https:\\\/\\\/www.cargo-montreal.ca\\\/fr\\\/qui-sommes-nous\\\/grappe-de-logistique\\\/\"]}]},{\"@type\":\"BreadcrumbList\",\"@id\":\"https:\\\/\\\/www.cargo-montreal.ca\\\/fr\\\/qui-sommes-nous\\\/grappe-de-logistique\\\/#breadcrumb\",\"itemListElement\":[{\"@type\":\"ListItem\",\"position\":1,\"name\":\"Home\",\"item\":\"https:\\\/\\\/www.cargo-montreal.ca\\\/fr\\\/\"},{\"@type\":\"ListItem\",\"position\":2,\"name\":\"Qui sommes-nous?\",\"item\":\"https:\\\/\\\/www.cargo-montreal.ca\\\/fr\\\/qui-sommes-nous\\\/\"},{\"@type\":\"ListItem\",\"position\":3,\"name\":\"Grappe de logistique et transport\"}]},{\"@type\":\"WebSite\",\"@id\":\"https:\\\/\\\/www.cargo-montreal.ca\\\/fr\\\/#website\",\"url\":\"https:\\\/\\\/www.cargo-montreal.ca\\\/fr\\\/\",\"name\":\"CargoM\",\"description\":\"La mission de CargoM: Rassembler les acteurs de la logistique &amp; du transport de marchandises du Grand Montr\u00e9al autour d&#039;objectifs communs, d&#039;actions concert\u00e9es\",\"potentialAction\":[{\"@type\":\"SearchAction\",\"target\":{\"@type\":\"EntryPoint\",\"urlTemplate\":\"https:\\\/\\\/www.cargo-montreal.ca\\\/fr\\\/?s={search_term_string}\"},\"query-input\":{\"@type\":\"PropertyValueSpecification\",\"valueRequired\":true,\"valueName\":\"search_term_string\"}}],\"inLanguage\":\"fr-FR\"}]}<\/script>\n<!-- \/ Yoast SEO plugin. -->","yoast_head_json":{"title":"Grappe de logistique et transport - CargoM","robots":{"index":"index","follow":"follow","max-snippet":"max-snippet:-1","max-image-preview":"max-image-preview:large","max-video-preview":"max-video-preview:-1"},"canonical":"https:\/\/www.cargo-montreal.ca\/fr\/qui-sommes-nous\/grappe-de-logistique\/","og_locale":"fr_FR","og_type":"article","og_title":"Grappe de logistique et transport - CargoM","og_description":"Une grappe, en termes de d\u00e9veloppement \u00e9conomique, se d\u00e9finit comme : un regroupement d\u2019entreprises de tailles diverses, unies par des int\u00e9r\u00eats communs, des compl\u00e9mentarit\u00e9s ou des interd\u00e9pendances et d\u00e9veloppant volontairement des relations de coop\u00e9ration dans un ou plusieurs domaines. La sp\u00e9cificit\u00e9 d\u2019une grappe m\u00e9tropolitaine r\u00e9side dans la concentration g\u00e9ographique des activit\u00e9s \u00e9conomiques des entreprises, firmes [&hellip;]","og_url":"https:\/\/www.cargo-montreal.ca\/fr\/qui-sommes-nous\/grappe-de-logistique\/","og_site_name":"CargoM","article_modified_time":"2020-07-13T19:02:07+00:00","twitter_card":"summary_large_image","twitter_misc":{"Dur\u00e9e de lecture estim\u00e9e":"2 minutes"},"schema":{"@context":"https:\/\/schema.org","@graph":[{"@type":"WebPage","@id":"https:\/\/www.cargo-montreal.ca\/fr\/qui-sommes-nous\/grappe-de-logistique\/","url":"https:\/\/www.cargo-montreal.ca\/fr\/qui-sommes-nous\/grappe-de-logistique\/","name":"Grappe de logistique et transport - CargoM","isPartOf":{"@id":"https:\/\/www.cargo-montreal.ca\/fr\/#website"},"datePublished":"2014-12-18T18:13:37+00:00","dateModified":"2020-07-13T19:02:07+00:00","breadcrumb":{"@id":"https:\/\/www.cargo-montreal.ca\/fr\/qui-sommes-nous\/grappe-de-logistique\/#breadcrumb"},"inLanguage":"fr-FR","potentialAction":[{"@type":"ReadAction","target":["https:\/\/www.cargo-montreal.ca\/fr\/qui-sommes-nous\/grappe-de-logistique\/"]}]},{"@type":"BreadcrumbList","@id":"https:\/\/www.cargo-montreal.ca\/fr\/qui-sommes-nous\/grappe-de-logistique\/#breadcrumb","itemListElement":[{"@type":"ListItem","position":1,"name":"Home","item":"https:\/\/www.cargo-montreal.ca\/fr\/"},{"@type":"ListItem","position":2,"name":"Qui sommes-nous?","item":"https:\/\/www.cargo-montreal.ca\/fr\/qui-sommes-nous\/"},{"@type":"ListItem","position":3,"name":"Grappe de logistique et transport"}]},{"@type":"WebSite","@id":"https:\/\/www.cargo-montreal.ca\/fr\/#website","url":"https:\/\/www.cargo-montreal.ca\/fr\/","name":"CargoM","description":"La mission de CargoM: Rassembler les acteurs de la logistique &amp; du transport de marchandises du Grand Montr\u00e9al autour d&#039;objectifs communs, d&#039;actions concert\u00e9es","potentialAction":[{"@type":"SearchAction","target":{"@type":"EntryPoint","urlTemplate":"https:\/\/www.cargo-montreal.ca\/fr\/?s={search_term_string}"},"query-input":{"@type":"PropertyValueSpecification","valueRequired":true,"valueName":"search_term_string"}}],"inLanguage":"fr-FR"}]}},"_links":{"self":[{"href":"https:\/\/www.cargo-montreal.ca\/fr\/wp-json\/wp\/v2\/pages\/35","targetHints":{"allow":["GET"]}}],"collection":[{"href":"https:\/\/www.cargo-montreal.ca\/fr\/wp-json\/wp\/v2\/pages"}],"about":[{"href":"https:\/\/www.cargo-montreal.ca\/fr\/wp-json\/wp\/v2\/types\/page"}],"author":[{"embeddable":true,"href":"https:\/\/www.cargo-montreal.ca\/fr\/wp-json\/wp\/v2\/users\/1"}],"replies":[{"embeddable":true,"href":"https:\/\/www.cargo-montreal.ca\/fr\/wp-json\/wp\/v2\/comments?post=35"}],"version-history":[{"count":22,"href":"https:\/\/www.cargo-montreal.ca\/fr\/wp-json\/wp\/v2\/pages\/35\/revisions"}],"predecessor-version":[{"id":9945,"href":"https:\/\/www.cargo-montreal.ca\/fr\/wp-json\/wp\/v2\/pages\/35\/revisions\/9945"}],"up":[{"embeddable":true,"href":"https:\/\/www.cargo-montreal.ca\/fr\/wp-json\/wp\/v2\/pages\/344"}],"wp:attachment":[{"href":"https:\/\/www.cargo-montreal.ca\/fr\/wp-json\/wp\/v2\/media?parent=35"}],"curies":[{"name":"wp","href":"https:\/\/api.w.org\/{rel}","templated":true}]}}