{"id":353,"date":"2015-08-11T21:49:03","date_gmt":"2015-08-11T21:49:03","guid":{"rendered":"http:\/\/cargo.local\/groups-2\/"},"modified":"2026-01-15T16:53:50","modified_gmt":"2026-01-15T21:53:50","slug":"groupes-de-travail","status":"publish","type":"page","link":"https:\/\/www.cargo-montreal.ca\/fr\/groupes-de-travail\/","title":{"rendered":"NOS GROUPES DE TRAVAIL"},"content":{"rendered":"<p>&nbsp;<\/p>\r\n<div class=\"chantTitleVert\">INFORMATIONS SUR LES GROUPES DE TRAVAIL<\/div>\r\n<p class=\"txtGeneral\" style=\"text-align: justify;\">Les groupes de travail sont les instances charg\u00e9es de faire progresser la r\u00e9flexion sur les priorit\u00e9s d\u2019intervention de la grappe, et d\u2019appuyer le conseil d\u2019administration en lui recommandant les strat\u00e9gies les plus pertinentes et en assurant leur mise en \u0153uvre.<\/p>","protected":false},"excerpt":{"rendered":"&nbsp; INFORMATIONS SUR LES GROUPES DE TRAVAIL Les groupes de travail sont les instances charg\u00e9es de faire progresser la r\u00e9flexion sur les priorit\u00e9s d\u2019intervention de la grappe, et d\u2019appuyer le conseil d\u2019administration en lui recommandant les strat\u00e9gies les plus pertinentes et en assurant leur mise en \u0153uvre.","protected":false},"author":1,"featured_media":0,"parent":0,"menu_order":3,"comment_status":"open","ping_status":"open","template":"page-templates\/WorkingGroupIndex.php","meta":{"_acf_changed":false,"footnotes":""},"class_list":["post-353","page","type-page","status-publish","hentry"],"acf":[],"yoast_head":"<!-- This site is optimized with the Yoast SEO plugin v27.3 - https:\/\/yoast.com\/product\/yoast-seo-wordpress\/ -->\n<title>NOS GROUPES DE TRAVAIL - CargoM<\/title>\n<meta name=\"robots\" content=\"index, follow, max-snippet:-1, max-image-preview:large, max-video-preview:-1\" \/>\n<link rel=\"canonical\" href=\"https:\/\/www.cargo-montreal.ca\/fr\/groupes-de-travail\/\" \/>\n<meta property=\"og:locale\" content=\"fr_FR\" \/>\n<meta property=\"og:type\" content=\"article\" \/>\n<meta property=\"og:title\" content=\"NOS GROUPES DE TRAVAIL - CargoM\" \/>\n<meta property=\"og:description\" content=\"&nbsp; INFORMATIONS SUR LES GROUPES DE TRAVAIL Les groupes de travail sont les instances charg\u00e9es de faire progresser la r\u00e9flexion sur les priorit\u00e9s d\u2019intervention de la grappe, et d\u2019appuyer le conseil d\u2019administration en lui recommandant les strat\u00e9gies les plus pertinentes et en assurant leur mise en \u0153uvre.\" \/>\n<meta property=\"og:url\" content=\"https:\/\/www.cargo-montreal.ca\/fr\/groupes-de-travail\/\" \/>\n<meta property=\"og:site_name\" content=\"CargoM\" \/>\n<meta property=\"article:modified_time\" content=\"2026-01-15T21:53:50+00:00\" \/>\n<meta name=\"twitter:card\" content=\"summary_large_image\" \/>\n<meta name=\"twitter:label1\" content=\"Dur\u00e9e de lecture estim\u00e9e\" \/>\n\t<meta name=\"twitter:data1\" content=\"1 minute\" \/>\n<script type=\"application\/ld+json\" class=\"yoast-schema-graph\">{\"@context\":\"https:\\\/\\\/schema.org\",\"@graph\":[{\"@type\":\"WebPage\",\"@id\":\"https:\\\/\\\/www.cargo-montreal.ca\\\/fr\\\/groupes-de-travail\\\/\",\"url\":\"https:\\\/\\\/www.cargo-montreal.ca\\\/fr\\\/groupes-de-travail\\\/\",\"name\":\"NOS GROUPES DE TRAVAIL - CargoM\",\"isPartOf\":{\"@id\":\"https:\\\/\\\/www.cargo-montreal.ca\\\/fr\\\/#website\"},\"datePublished\":\"2015-08-11T21:49:03+00:00\",\"dateModified\":\"2026-01-15T21:53:50+00:00\",\"breadcrumb\":{\"@id\":\"https:\\\/\\\/www.cargo-montreal.ca\\\/fr\\\/groupes-de-travail\\\/#breadcrumb\"},\"inLanguage\":\"fr-FR\",\"potentialAction\":[{\"@type\":\"ReadAction\",\"target\":[\"https:\\\/\\\/www.cargo-montreal.ca\\\/fr\\\/groupes-de-travail\\\/\"]}]},{\"@type\":\"BreadcrumbList\",\"@id\":\"https:\\\/\\\/www.cargo-montreal.ca\\\/fr\\\/groupes-de-travail\\\/#breadcrumb\",\"itemListElement\":[{\"@type\":\"ListItem\",\"position\":1,\"name\":\"Home\",\"item\":\"https:\\\/\\\/www.cargo-montreal.ca\\\/fr\\\/\"},{\"@type\":\"ListItem\",\"position\":2,\"name\":\"NOS GROUPES DE TRAVAIL\"}]},{\"@type\":\"WebSite\",\"@id\":\"https:\\\/\\\/www.cargo-montreal.ca\\\/fr\\\/#website\",\"url\":\"https:\\\/\\\/www.cargo-montreal.ca\\\/fr\\\/\",\"name\":\"CargoM\",\"description\":\"La mission de CargoM: Rassembler les acteurs de la logistique &amp; du transport de marchandises du Grand Montr\u00e9al autour d&#039;objectifs communs, d&#039;actions concert\u00e9es\",\"potentialAction\":[{\"@type\":\"SearchAction\",\"target\":{\"@type\":\"EntryPoint\",\"urlTemplate\":\"https:\\\/\\\/www.cargo-montreal.ca\\\/fr\\\/?s={search_term_string}\"},\"query-input\":{\"@type\":\"PropertyValueSpecification\",\"valueRequired\":true,\"valueName\":\"search_term_string\"}}],\"inLanguage\":\"fr-FR\"}]}<\/script>\n<!-- \/ Yoast SEO plugin. -->","yoast_head_json":{"title":"NOS GROUPES DE TRAVAIL - CargoM","robots":{"index":"index","follow":"follow","max-snippet":"max-snippet:-1","max-image-preview":"max-image-preview:large","max-video-preview":"max-video-preview:-1"},"canonical":"https:\/\/www.cargo-montreal.ca\/fr\/groupes-de-travail\/","og_locale":"fr_FR","og_type":"article","og_title":"NOS GROUPES DE TRAVAIL - CargoM","og_description":"&nbsp; INFORMATIONS SUR LES GROUPES DE TRAVAIL Les groupes de travail sont les instances charg\u00e9es de faire progresser la r\u00e9flexion sur les priorit\u00e9s d\u2019intervention de la grappe, et d\u2019appuyer le conseil d\u2019administration en lui recommandant les strat\u00e9gies les plus pertinentes et en assurant leur mise en \u0153uvre.","og_url":"https:\/\/www.cargo-montreal.ca\/fr\/groupes-de-travail\/","og_site_name":"CargoM","article_modified_time":"2026-01-15T21:53:50+00:00","twitter_card":"summary_large_image","twitter_misc":{"Dur\u00e9e de lecture estim\u00e9e":"1 minute"},"schema":{"@context":"https:\/\/schema.org","@graph":[{"@type":"WebPage","@id":"https:\/\/www.cargo-montreal.ca\/fr\/groupes-de-travail\/","url":"https:\/\/www.cargo-montreal.ca\/fr\/groupes-de-travail\/","name":"NOS GROUPES DE TRAVAIL - CargoM","isPartOf":{"@id":"https:\/\/www.cargo-montreal.ca\/fr\/#website"},"datePublished":"2015-08-11T21:49:03+00:00","dateModified":"2026-01-15T21:53:50+00:00","breadcrumb":{"@id":"https:\/\/www.cargo-montreal.ca\/fr\/groupes-de-travail\/#breadcrumb"},"inLanguage":"fr-FR","potentialAction":[{"@type":"ReadAction","target":["https:\/\/www.cargo-montreal.ca\/fr\/groupes-de-travail\/"]}]},{"@type":"BreadcrumbList","@id":"https:\/\/www.cargo-montreal.ca\/fr\/groupes-de-travail\/#breadcrumb","itemListElement":[{"@type":"ListItem","position":1,"name":"Home","item":"https:\/\/www.cargo-montreal.ca\/fr\/"},{"@type":"ListItem","position":2,"name":"NOS GROUPES DE TRAVAIL"}]},{"@type":"WebSite","@id":"https:\/\/www.cargo-montreal.ca\/fr\/#website","url":"https:\/\/www.cargo-montreal.ca\/fr\/","name":"CargoM","description":"La mission de CargoM: Rassembler les acteurs de la logistique &amp; du transport de marchandises du Grand Montr\u00e9al autour d&#039;objectifs communs, d&#039;actions concert\u00e9es","potentialAction":[{"@type":"SearchAction","target":{"@type":"EntryPoint","urlTemplate":"https:\/\/www.cargo-montreal.ca\/fr\/?s={search_term_string}"},"query-input":{"@type":"PropertyValueSpecification","valueRequired":true,"valueName":"search_term_string"}}],"inLanguage":"fr-FR"}]}},"_links":{"self":[{"href":"https:\/\/www.cargo-montreal.ca\/fr\/wp-json\/wp\/v2\/pages\/353","targetHints":{"allow":["GET"]}}],"collection":[{"href":"https:\/\/www.cargo-montreal.ca\/fr\/wp-json\/wp\/v2\/pages"}],"about":[{"href":"https:\/\/www.cargo-montreal.ca\/fr\/wp-json\/wp\/v2\/types\/page"}],"author":[{"embeddable":true,"href":"https:\/\/www.cargo-montreal.ca\/fr\/wp-json\/wp\/v2\/users\/1"}],"replies":[{"embeddable":true,"href":"https:\/\/www.cargo-montreal.ca\/fr\/wp-json\/wp\/v2\/comments?post=353"}],"version-history":[{"count":10,"href":"https:\/\/www.cargo-montreal.ca\/fr\/wp-json\/wp\/v2\/pages\/353\/revisions"}],"predecessor-version":[{"id":18887,"href":"https:\/\/www.cargo-montreal.ca\/fr\/wp-json\/wp\/v2\/pages\/353\/revisions\/18887"}],"wp:attachment":[{"href":"https:\/\/www.cargo-montreal.ca\/fr\/wp-json\/wp\/v2\/media?parent=353"}],"curies":[{"name":"wp","href":"https:\/\/api.w.org\/{rel}","templated":true}]}}