{"id":3960,"date":"2017-03-21T13:42:34","date_gmt":"2017-03-21T13:42:34","guid":{"rendered":"https:\/\/www.cargo-montreal.ca\/?page_id=3960\/"},"modified":"2017-07-21T18:36:03","modified_gmt":"2017-07-21T18:36:03","slug":"spi-li","status":"publish","type":"page","link":"https:\/\/www.cargo-montreal.ca\/fr\/spi-li\/","title":{"rendered":"SPI-LI"},"content":{"rendered":"<p style=\"text-align: justify;\"><span style=\"color: #99cc00;\">SPI-LI<\/span> (Syst\u00e8me de Partage d\u2019Information \u2013 Logistique Intermodale) est un outil favorisant une meilleure planification du nombre de conteneurs devant \u00eatre livr\u00e9s et ramass\u00e9s aux terminaux du port de Montr\u00e9al.<\/p>\r\n<p style=\"text-align: justify;\">Il s\u2019agit d\u2019un programme informatis\u00e9 accessible uniquement aux compagnies se rendant aux terminaux du port de Montr\u00e9al. Les compagnies de camionnage participantes doivent envoyer, avant 16 h 30, les donn\u00e9es du nombre de conteneurs qui seront livr\u00e9s et ramass\u00e9s le lendemain. Le syst\u00e8me compile et agr\u00e8ge les donn\u00e9es \u00e0 17 h pour ensuite les retourner par courriel aux partenaires (port, terminaux, compagnie de camionnage).<\/p>\r\n<p style=\"text-align: justify;\">Ces informations permettent d\u2019avoir une vue d\u2019ensemble des activit\u00e9s de camionnage qui auront lieu sur les infrastructures du port et des terminaux le lendemain. Il s\u2019agit de la premi\u00e8re \u00e9tape vers la mise en place d\u2019une ligne pr\u00e9approuv\u00e9e qui am\u00e9liorera la fluidit\u00e9 des mouvements, autour et dans le port, en \u00e9liminant les proc\u00e9dures papier.<\/p>\r\n<p style=\"text-align: justify;\">CONSULTEZ <span style=\"color: #99cc00;\"><a style=\"color: #99cc00;\" href=\"https:\/\/www.cargo-montreal.ca\/wp-content\/uploads\/2017\/07\/C3-SPI-LI-Guide-fonctionnement-MA-2016-06-14-1.pdf\">LE GUIDE DE FONCTIONNEMENT DE SPI-LI<\/a><\/span><\/p>","protected":false},"excerpt":{"rendered":"SPI-LI (Syst\u00e8me de Partage d\u2019Information \u2013 Logistique Intermodale) est un outil favorisant une meilleure planification du nombre de conteneurs devant \u00eatre livr\u00e9s et ramass\u00e9s aux terminaux du port de Montr\u00e9al. Il s\u2019agit d\u2019un programme informatis\u00e9 accessible uniquement aux compagnies se rendant aux terminaux du port de Montr\u00e9al. Les compagnies de camionnage participantes doivent envoyer, avant [&hellip;]","protected":false},"author":39,"featured_media":0,"parent":0,"menu_order":50,"comment_status":"closed","ping_status":"closed","template":"","meta":{"_acf_changed":false,"footnotes":""},"class_list":["post-3960","page","type-page","status-publish","hentry"],"acf":[],"yoast_head":"<!-- This site is optimized with the Yoast SEO plugin v27.3 - https:\/\/yoast.com\/product\/yoast-seo-wordpress\/ -->\n<title>SPI-LI - CargoM<\/title>\n<meta name=\"robots\" content=\"index, follow, max-snippet:-1, max-image-preview:large, max-video-preview:-1\" \/>\n<link rel=\"canonical\" href=\"https:\/\/www.cargo-montreal.ca\/fr\/spi-li\/\" \/>\n<meta property=\"og:locale\" content=\"fr_FR\" \/>\n<meta property=\"og:type\" content=\"article\" \/>\n<meta property=\"og:title\" content=\"SPI-LI - CargoM\" \/>\n<meta property=\"og:description\" content=\"SPI-LI (Syst\u00e8me de Partage d\u2019Information \u2013 Logistique Intermodale) est un outil favorisant une meilleure planification du nombre de conteneurs devant \u00eatre livr\u00e9s et ramass\u00e9s aux terminaux du port de Montr\u00e9al. Il s\u2019agit d\u2019un programme informatis\u00e9 accessible uniquement aux compagnies se rendant aux terminaux du port de Montr\u00e9al. Les compagnies de camionnage participantes doivent envoyer, avant [&hellip;]\" \/>\n<meta property=\"og:url\" content=\"https:\/\/www.cargo-montreal.ca\/fr\/spi-li\/\" \/>\n<meta property=\"og:site_name\" content=\"CargoM\" \/>\n<meta property=\"article:modified_time\" content=\"2017-07-21T18:36:03+00:00\" \/>\n<meta name=\"twitter:card\" content=\"summary_large_image\" \/>\n<meta name=\"twitter:label1\" content=\"Dur\u00e9e de lecture estim\u00e9e\" \/>\n\t<meta name=\"twitter:data1\" content=\"1 minute\" \/>\n<script type=\"application\/ld+json\" class=\"yoast-schema-graph\">{\"@context\":\"https:\\\/\\\/schema.org\",\"@graph\":[{\"@type\":\"WebPage\",\"@id\":\"https:\\\/\\\/www.cargo-montreal.ca\\\/fr\\\/spi-li\\\/\",\"url\":\"https:\\\/\\\/www.cargo-montreal.ca\\\/fr\\\/spi-li\\\/\",\"name\":\"SPI-LI - CargoM\",\"isPartOf\":{\"@id\":\"https:\\\/\\\/www.cargo-montreal.ca\\\/fr\\\/#website\"},\"datePublished\":\"2017-03-21T13:42:34+00:00\",\"dateModified\":\"2017-07-21T18:36:03+00:00\",\"breadcrumb\":{\"@id\":\"https:\\\/\\\/www.cargo-montreal.ca\\\/fr\\\/spi-li\\\/#breadcrumb\"},\"inLanguage\":\"fr-FR\",\"potentialAction\":[{\"@type\":\"ReadAction\",\"target\":[\"https:\\\/\\\/www.cargo-montreal.ca\\\/fr\\\/spi-li\\\/\"]}]},{\"@type\":\"BreadcrumbList\",\"@id\":\"https:\\\/\\\/www.cargo-montreal.ca\\\/fr\\\/spi-li\\\/#breadcrumb\",\"itemListElement\":[{\"@type\":\"ListItem\",\"position\":1,\"name\":\"Home\",\"item\":\"https:\\\/\\\/www.cargo-montreal.ca\\\/fr\\\/\"},{\"@type\":\"ListItem\",\"position\":2,\"name\":\"SPI-LI\"}]},{\"@type\":\"WebSite\",\"@id\":\"https:\\\/\\\/www.cargo-montreal.ca\\\/fr\\\/#website\",\"url\":\"https:\\\/\\\/www.cargo-montreal.ca\\\/fr\\\/\",\"name\":\"CargoM\",\"description\":\"La mission de CargoM: Rassembler les acteurs de la logistique &amp; du transport de marchandises du Grand Montr\u00e9al autour d&#039;objectifs communs, d&#039;actions concert\u00e9es\",\"potentialAction\":[{\"@type\":\"SearchAction\",\"target\":{\"@type\":\"EntryPoint\",\"urlTemplate\":\"https:\\\/\\\/www.cargo-montreal.ca\\\/fr\\\/?s={search_term_string}\"},\"query-input\":{\"@type\":\"PropertyValueSpecification\",\"valueRequired\":true,\"valueName\":\"search_term_string\"}}],\"inLanguage\":\"fr-FR\"}]}<\/script>\n<!-- \/ Yoast SEO plugin. -->","yoast_head_json":{"title":"SPI-LI - CargoM","robots":{"index":"index","follow":"follow","max-snippet":"max-snippet:-1","max-image-preview":"max-image-preview:large","max-video-preview":"max-video-preview:-1"},"canonical":"https:\/\/www.cargo-montreal.ca\/fr\/spi-li\/","og_locale":"fr_FR","og_type":"article","og_title":"SPI-LI - CargoM","og_description":"SPI-LI (Syst\u00e8me de Partage d\u2019Information \u2013 Logistique Intermodale) est un outil favorisant une meilleure planification du nombre de conteneurs devant \u00eatre livr\u00e9s et ramass\u00e9s aux terminaux du port de Montr\u00e9al. Il s\u2019agit d\u2019un programme informatis\u00e9 accessible uniquement aux compagnies se rendant aux terminaux du port de Montr\u00e9al. Les compagnies de camionnage participantes doivent envoyer, avant [&hellip;]","og_url":"https:\/\/www.cargo-montreal.ca\/fr\/spi-li\/","og_site_name":"CargoM","article_modified_time":"2017-07-21T18:36:03+00:00","twitter_card":"summary_large_image","twitter_misc":{"Dur\u00e9e de lecture estim\u00e9e":"1 minute"},"schema":{"@context":"https:\/\/schema.org","@graph":[{"@type":"WebPage","@id":"https:\/\/www.cargo-montreal.ca\/fr\/spi-li\/","url":"https:\/\/www.cargo-montreal.ca\/fr\/spi-li\/","name":"SPI-LI - CargoM","isPartOf":{"@id":"https:\/\/www.cargo-montreal.ca\/fr\/#website"},"datePublished":"2017-03-21T13:42:34+00:00","dateModified":"2017-07-21T18:36:03+00:00","breadcrumb":{"@id":"https:\/\/www.cargo-montreal.ca\/fr\/spi-li\/#breadcrumb"},"inLanguage":"fr-FR","potentialAction":[{"@type":"ReadAction","target":["https:\/\/www.cargo-montreal.ca\/fr\/spi-li\/"]}]},{"@type":"BreadcrumbList","@id":"https:\/\/www.cargo-montreal.ca\/fr\/spi-li\/#breadcrumb","itemListElement":[{"@type":"ListItem","position":1,"name":"Home","item":"https:\/\/www.cargo-montreal.ca\/fr\/"},{"@type":"ListItem","position":2,"name":"SPI-LI"}]},{"@type":"WebSite","@id":"https:\/\/www.cargo-montreal.ca\/fr\/#website","url":"https:\/\/www.cargo-montreal.ca\/fr\/","name":"CargoM","description":"La mission de CargoM: Rassembler les acteurs de la logistique &amp; du transport de marchandises du Grand Montr\u00e9al autour d&#039;objectifs communs, d&#039;actions concert\u00e9es","potentialAction":[{"@type":"SearchAction","target":{"@type":"EntryPoint","urlTemplate":"https:\/\/www.cargo-montreal.ca\/fr\/?s={search_term_string}"},"query-input":{"@type":"PropertyValueSpecification","valueRequired":true,"valueName":"search_term_string"}}],"inLanguage":"fr-FR"}]}},"_links":{"self":[{"href":"https:\/\/www.cargo-montreal.ca\/fr\/wp-json\/wp\/v2\/pages\/3960","targetHints":{"allow":["GET"]}}],"collection":[{"href":"https:\/\/www.cargo-montreal.ca\/fr\/wp-json\/wp\/v2\/pages"}],"about":[{"href":"https:\/\/www.cargo-montreal.ca\/fr\/wp-json\/wp\/v2\/types\/page"}],"author":[{"embeddable":true,"href":"https:\/\/www.cargo-montreal.ca\/fr\/wp-json\/wp\/v2\/users\/39"}],"replies":[{"embeddable":true,"href":"https:\/\/www.cargo-montreal.ca\/fr\/wp-json\/wp\/v2\/comments?post=3960"}],"version-history":[{"count":10,"href":"https:\/\/www.cargo-montreal.ca\/fr\/wp-json\/wp\/v2\/pages\/3960\/revisions"}],"predecessor-version":[{"id":4377,"href":"https:\/\/www.cargo-montreal.ca\/fr\/wp-json\/wp\/v2\/pages\/3960\/revisions\/4377"}],"wp:attachment":[{"href":"https:\/\/www.cargo-montreal.ca\/fr\/wp-json\/wp\/v2\/media?parent=3960"}],"curies":[{"name":"wp","href":"https:\/\/api.w.org\/{rel}","templated":true}]}}