{"id":40,"date":"2014-12-18T18:17:54","date_gmt":"2014-12-18T18:17:54","guid":{"rendered":"http:\/\/cargowp\/?page_id=40"},"modified":"2021-04-20T18:15:16","modified_gmt":"2021-04-20T18:15:16","slug":"contact","status":"publish","type":"page","link":"https:\/\/www.cargo-montreal.ca\/fr\/contact\/","title":{"rendered":"NOUS JOINDRE"},"content":{"rendered":"<h2 class=\"big\"><span style=\"color: #99cc00;\">CargoM<\/span><\/h2>\r\n<p class=\"big\">\u00c9difice du Port de Montr\u00e9al\r\n2100, av. Pierre-Dupuy\r\nAile 2, Bureau 2100\r\nMontr\u00e9al (Qu\u00e9bec) H3C 3R5<\/p>\r\n<p class=\"big\">Par t\u00e9l\u00e9phone : 514 508-2609<\/p>\r\n\r\n<h2 class=\"big\"><span style=\"color: #99cc00;\">\u00c9crivez-nous<\/span><\/h2>\r\n<script charset=\"utf-8\" type=\"text\/javascript\" src=\"\/\/js.hsforms.net\/forms\/shell.js\"><\/script>\r\n<script>\r\n  hbspt.forms.create({\r\n\tregion: \"na1\",\r\n\tportalId: \"8719392\",\r\n\tformId: \"9c8f7707-96f6-4431-9bef-84521be3f0ac\"\r\n});\r\n<\/script>","protected":false},"excerpt":{"rendered":"CargoM \u00c9difice du Port de Montr\u00e9al 2100, av. Pierre-Dupuy Aile 2, Bureau 2100 Montr\u00e9al (Qu\u00e9bec) H3C 3R5 Par t\u00e9l\u00e9phone : 514 508-2609 \u00c9crivez-nous","protected":false},"author":1,"featured_media":0,"parent":0,"menu_order":1,"comment_status":"open","ping_status":"open","template":"","meta":{"_acf_changed":false,"footnotes":""},"class_list":["post-40","page","type-page","status-publish","hentry"],"acf":[],"yoast_head":"<!-- This site is optimized with the Yoast SEO plugin v27.3 - https:\/\/yoast.com\/product\/yoast-seo-wordpress\/ -->\n<title>NOUS JOINDRE - CargoM<\/title>\n<meta name=\"robots\" content=\"index, follow, max-snippet:-1, max-image-preview:large, max-video-preview:-1\" \/>\n<link rel=\"canonical\" href=\"https:\/\/www.cargo-montreal.ca\/fr\/contact\/\" \/>\n<meta property=\"og:locale\" content=\"fr_FR\" \/>\n<meta property=\"og:type\" content=\"article\" \/>\n<meta property=\"og:title\" content=\"NOUS JOINDRE - CargoM\" \/>\n<meta property=\"og:description\" content=\"CargoM \u00c9difice du Port de Montr\u00e9al 2100, av. Pierre-Dupuy Aile 2, Bureau 2100 Montr\u00e9al (Qu\u00e9bec) H3C 3R5 Par t\u00e9l\u00e9phone : 514 508-2609 \u00c9crivez-nous\" \/>\n<meta property=\"og:url\" content=\"https:\/\/www.cargo-montreal.ca\/fr\/contact\/\" \/>\n<meta property=\"og:site_name\" content=\"CargoM\" \/>\n<meta property=\"article:modified_time\" content=\"2021-04-20T18:15:16+00:00\" \/>\n<meta name=\"twitter:card\" content=\"summary_large_image\" \/>\n<script type=\"application\/ld+json\" class=\"yoast-schema-graph\">{\"@context\":\"https:\\\/\\\/schema.org\",\"@graph\":[{\"@type\":\"WebPage\",\"@id\":\"https:\\\/\\\/www.cargo-montreal.ca\\\/fr\\\/contact\\\/\",\"url\":\"https:\\\/\\\/www.cargo-montreal.ca\\\/fr\\\/contact\\\/\",\"name\":\"NOUS JOINDRE - CargoM\",\"isPartOf\":{\"@id\":\"https:\\\/\\\/www.cargo-montreal.ca\\\/fr\\\/#website\"},\"datePublished\":\"2014-12-18T18:17:54+00:00\",\"dateModified\":\"2021-04-20T18:15:16+00:00\",\"breadcrumb\":{\"@id\":\"https:\\\/\\\/www.cargo-montreal.ca\\\/fr\\\/contact\\\/#breadcrumb\"},\"inLanguage\":\"fr-FR\",\"potentialAction\":[{\"@type\":\"ReadAction\",\"target\":[\"https:\\\/\\\/www.cargo-montreal.ca\\\/fr\\\/contact\\\/\"]}]},{\"@type\":\"BreadcrumbList\",\"@id\":\"https:\\\/\\\/www.cargo-montreal.ca\\\/fr\\\/contact\\\/#breadcrumb\",\"itemListElement\":[{\"@type\":\"ListItem\",\"position\":1,\"name\":\"Home\",\"item\":\"https:\\\/\\\/www.cargo-montreal.ca\\\/fr\\\/\"},{\"@type\":\"ListItem\",\"position\":2,\"name\":\"NOUS JOINDRE\"}]},{\"@type\":\"WebSite\",\"@id\":\"https:\\\/\\\/www.cargo-montreal.ca\\\/fr\\\/#website\",\"url\":\"https:\\\/\\\/www.cargo-montreal.ca\\\/fr\\\/\",\"name\":\"CargoM\",\"description\":\"La mission de CargoM: Rassembler les acteurs de la logistique &amp; du transport de marchandises du Grand Montr\u00e9al autour d&#039;objectifs communs, d&#039;actions concert\u00e9es\",\"potentialAction\":[{\"@type\":\"SearchAction\",\"target\":{\"@type\":\"EntryPoint\",\"urlTemplate\":\"https:\\\/\\\/www.cargo-montreal.ca\\\/fr\\\/?s={search_term_string}\"},\"query-input\":{\"@type\":\"PropertyValueSpecification\",\"valueRequired\":true,\"valueName\":\"search_term_string\"}}],\"inLanguage\":\"fr-FR\"}]}<\/script>\n<!-- \/ Yoast SEO plugin. -->","yoast_head_json":{"title":"NOUS JOINDRE - CargoM","robots":{"index":"index","follow":"follow","max-snippet":"max-snippet:-1","max-image-preview":"max-image-preview:large","max-video-preview":"max-video-preview:-1"},"canonical":"https:\/\/www.cargo-montreal.ca\/fr\/contact\/","og_locale":"fr_FR","og_type":"article","og_title":"NOUS JOINDRE - CargoM","og_description":"CargoM \u00c9difice du Port de Montr\u00e9al 2100, av. Pierre-Dupuy Aile 2, Bureau 2100 Montr\u00e9al (Qu\u00e9bec) H3C 3R5 Par t\u00e9l\u00e9phone : 514 508-2609 \u00c9crivez-nous","og_url":"https:\/\/www.cargo-montreal.ca\/fr\/contact\/","og_site_name":"CargoM","article_modified_time":"2021-04-20T18:15:16+00:00","twitter_card":"summary_large_image","schema":{"@context":"https:\/\/schema.org","@graph":[{"@type":"WebPage","@id":"https:\/\/www.cargo-montreal.ca\/fr\/contact\/","url":"https:\/\/www.cargo-montreal.ca\/fr\/contact\/","name":"NOUS JOINDRE - CargoM","isPartOf":{"@id":"https:\/\/www.cargo-montreal.ca\/fr\/#website"},"datePublished":"2014-12-18T18:17:54+00:00","dateModified":"2021-04-20T18:15:16+00:00","breadcrumb":{"@id":"https:\/\/www.cargo-montreal.ca\/fr\/contact\/#breadcrumb"},"inLanguage":"fr-FR","potentialAction":[{"@type":"ReadAction","target":["https:\/\/www.cargo-montreal.ca\/fr\/contact\/"]}]},{"@type":"BreadcrumbList","@id":"https:\/\/www.cargo-montreal.ca\/fr\/contact\/#breadcrumb","itemListElement":[{"@type":"ListItem","position":1,"name":"Home","item":"https:\/\/www.cargo-montreal.ca\/fr\/"},{"@type":"ListItem","position":2,"name":"NOUS JOINDRE"}]},{"@type":"WebSite","@id":"https:\/\/www.cargo-montreal.ca\/fr\/#website","url":"https:\/\/www.cargo-montreal.ca\/fr\/","name":"CargoM","description":"La mission de CargoM: Rassembler les acteurs de la logistique &amp; du transport de marchandises du Grand Montr\u00e9al autour d&#039;objectifs communs, d&#039;actions concert\u00e9es","potentialAction":[{"@type":"SearchAction","target":{"@type":"EntryPoint","urlTemplate":"https:\/\/www.cargo-montreal.ca\/fr\/?s={search_term_string}"},"query-input":{"@type":"PropertyValueSpecification","valueRequired":true,"valueName":"search_term_string"}}],"inLanguage":"fr-FR"}]}},"_links":{"self":[{"href":"https:\/\/www.cargo-montreal.ca\/fr\/wp-json\/wp\/v2\/pages\/40","targetHints":{"allow":["GET"]}}],"collection":[{"href":"https:\/\/www.cargo-montreal.ca\/fr\/wp-json\/wp\/v2\/pages"}],"about":[{"href":"https:\/\/www.cargo-montreal.ca\/fr\/wp-json\/wp\/v2\/types\/page"}],"author":[{"embeddable":true,"href":"https:\/\/www.cargo-montreal.ca\/fr\/wp-json\/wp\/v2\/users\/1"}],"replies":[{"embeddable":true,"href":"https:\/\/www.cargo-montreal.ca\/fr\/wp-json\/wp\/v2\/comments?post=40"}],"version-history":[{"count":22,"href":"https:\/\/www.cargo-montreal.ca\/fr\/wp-json\/wp\/v2\/pages\/40\/revisions"}],"predecessor-version":[{"id":11478,"href":"https:\/\/www.cargo-montreal.ca\/fr\/wp-json\/wp\/v2\/pages\/40\/revisions\/11478"}],"wp:attachment":[{"href":"https:\/\/www.cargo-montreal.ca\/fr\/wp-json\/wp\/v2\/media?parent=40"}],"curies":[{"name":"wp","href":"https:\/\/api.w.org\/{rel}","templated":true}]}}