{"id":4159,"date":"2017-06-09T17:29:32","date_gmt":"2017-06-09T17:29:32","guid":{"rendered":"https:\/\/www.cargo-montreal.ca\/?page_id=4159\/"},"modified":"2017-06-09T17:46:26","modified_gmt":"2017-06-09T17:46:26","slug":"assemblee-annuelle-des-membres-2017","status":"publish","type":"page","link":"https:\/\/www.cargo-montreal.ca\/fr\/assemblee-annuelle-des-membres-2017\/","title":{"rendered":"Assembl\u00e9e annuelle des membres 2017"},"content":{"rendered":"Chers membres et partenaires de la grappe,\r\n\r\nAu nom du conseil d\u2019administration et de Mme Sylvie Vachon, pr\u00e9sidente-directrice g\u00e9n\u00e9rale de l\u2019Administration portuaire de Montr\u00e9al et pr\u00e9sidente de CargoM, nous avons le plaisir de vous inviter \u00e0 notre Assembl\u00e9e annuelle des membres qui se tiendra :\r\n<p style=\"text-align: center;\"><strong><u>Mardi le 20 juin 2017 de 15 h 30 \u00e0 16 h 30<\/u><\/strong>\r\n<strong>Lieu\u00a0:<\/strong>\u00a0Port de Montr\u00e9al\r\nSalle Dominic Taddeo\r\n2100, avenue Pierre-Dupuy, Aile 1\r\nMontr\u00e9al (Qu\u00e9bec) \u00a0H3C 3R5 Stationnement gratuit<\/p>\r\n<strong>Une <u>activit\u00e9 r\u00e9seautage<\/u> aura lieu ensuite\u00a0entre 16 h 30 et 18 h 00, l\u2019occasion id\u00e9ale de rencontrer les <\/strong><strong>professionnels de notre communaut\u00e9\u00a0!<\/strong>\r\n<p style=\"text-align: justify;\">Lors de cette rencontre, nous pr\u00e9senterons un bilan de nos activit\u00e9s de la derni\u00e8re ann\u00e9e ainsi que les r\u00e9sultats financiers de 2016. De plus, nous proc\u00e9derons \u00e0 l\u2019\u00e9lection de nos administrateurs pour 2017-2018.<\/p>\r\nMerci de bien <strong>vouloir confirmer votre pr\u00e9sence \u00e0 l\u2019assembl\u00e9e d\u2019ici le 15 juin \u00e0 l&rsquo;adresse suivante : <\/strong><a href=\"mailto:ymurray@cargo-montreal.ca\">ymurray@cargo-montreal.ca<\/a>\r\n\r\nAu plaisir de vous y voir!","protected":false},"excerpt":{"rendered":"Chers membres et partenaires de la grappe, Au nom du conseil d\u2019administration et de Mme Sylvie Vachon, pr\u00e9sidente-directrice g\u00e9n\u00e9rale de l\u2019Administration portuaire de Montr\u00e9al et pr\u00e9sidente de CargoM, nous avons le plaisir de vous inviter \u00e0 notre Assembl\u00e9e annuelle des membres qui se tiendra : Mardi le 20 juin 2017 de 15 h 30 \u00e0 [&hellip;]","protected":false},"author":39,"featured_media":0,"parent":0,"menu_order":51,"comment_status":"closed","ping_status":"closed","template":"","meta":{"_acf_changed":false,"footnotes":""},"class_list":["post-4159","page","type-page","status-publish","hentry"],"acf":[],"yoast_head":"<!-- This site is optimized with the Yoast SEO plugin v27.3 - https:\/\/yoast.com\/product\/yoast-seo-wordpress\/ -->\n<title>Assembl\u00e9e annuelle des membres 2017 - CargoM<\/title>\n<meta name=\"robots\" content=\"index, follow, max-snippet:-1, max-image-preview:large, max-video-preview:-1\" \/>\n<link rel=\"canonical\" href=\"https:\/\/www.cargo-montreal.ca\/fr\/assemblee-annuelle-des-membres-2017\/\" \/>\n<meta property=\"og:locale\" content=\"fr_FR\" \/>\n<meta property=\"og:type\" content=\"article\" \/>\n<meta property=\"og:title\" content=\"Assembl\u00e9e annuelle des membres 2017 - CargoM\" \/>\n<meta property=\"og:description\" content=\"Chers membres et partenaires de la grappe, Au nom du conseil d\u2019administration et de Mme Sylvie Vachon, pr\u00e9sidente-directrice g\u00e9n\u00e9rale de l\u2019Administration portuaire de Montr\u00e9al et pr\u00e9sidente de CargoM, nous avons le plaisir de vous inviter \u00e0 notre Assembl\u00e9e annuelle des membres qui se tiendra : Mardi le 20 juin 2017 de 15 h 30 \u00e0 [&hellip;]\" \/>\n<meta property=\"og:url\" content=\"https:\/\/www.cargo-montreal.ca\/fr\/assemblee-annuelle-des-membres-2017\/\" \/>\n<meta property=\"og:site_name\" content=\"CargoM\" \/>\n<meta property=\"article:modified_time\" content=\"2017-06-09T17:46:26+00:00\" \/>\n<meta name=\"twitter:card\" content=\"summary_large_image\" \/>\n<meta name=\"twitter:label1\" content=\"Dur\u00e9e de lecture estim\u00e9e\" \/>\n\t<meta name=\"twitter:data1\" content=\"1 minute\" \/>\n<script type=\"application\/ld+json\" class=\"yoast-schema-graph\">{\"@context\":\"https:\\\/\\\/schema.org\",\"@graph\":[{\"@type\":\"WebPage\",\"@id\":\"https:\\\/\\\/www.cargo-montreal.ca\\\/fr\\\/assemblee-annuelle-des-membres-2017\\\/\",\"url\":\"https:\\\/\\\/www.cargo-montreal.ca\\\/fr\\\/assemblee-annuelle-des-membres-2017\\\/\",\"name\":\"Assembl\u00e9e annuelle des membres 2017 - CargoM\",\"isPartOf\":{\"@id\":\"https:\\\/\\\/www.cargo-montreal.ca\\\/fr\\\/#website\"},\"datePublished\":\"2017-06-09T17:29:32+00:00\",\"dateModified\":\"2017-06-09T17:46:26+00:00\",\"breadcrumb\":{\"@id\":\"https:\\\/\\\/www.cargo-montreal.ca\\\/fr\\\/assemblee-annuelle-des-membres-2017\\\/#breadcrumb\"},\"inLanguage\":\"fr-FR\",\"potentialAction\":[{\"@type\":\"ReadAction\",\"target\":[\"https:\\\/\\\/www.cargo-montreal.ca\\\/fr\\\/assemblee-annuelle-des-membres-2017\\\/\"]}]},{\"@type\":\"BreadcrumbList\",\"@id\":\"https:\\\/\\\/www.cargo-montreal.ca\\\/fr\\\/assemblee-annuelle-des-membres-2017\\\/#breadcrumb\",\"itemListElement\":[{\"@type\":\"ListItem\",\"position\":1,\"name\":\"Home\",\"item\":\"https:\\\/\\\/www.cargo-montreal.ca\\\/fr\\\/\"},{\"@type\":\"ListItem\",\"position\":2,\"name\":\"Assembl\u00e9e annuelle des membres 2017\"}]},{\"@type\":\"WebSite\",\"@id\":\"https:\\\/\\\/www.cargo-montreal.ca\\\/fr\\\/#website\",\"url\":\"https:\\\/\\\/www.cargo-montreal.ca\\\/fr\\\/\",\"name\":\"CargoM\",\"description\":\"La mission de CargoM: Rassembler les acteurs de la logistique &amp; du transport de marchandises du Grand Montr\u00e9al autour d&#039;objectifs communs, d&#039;actions concert\u00e9es\",\"potentialAction\":[{\"@type\":\"SearchAction\",\"target\":{\"@type\":\"EntryPoint\",\"urlTemplate\":\"https:\\\/\\\/www.cargo-montreal.ca\\\/fr\\\/?s={search_term_string}\"},\"query-input\":{\"@type\":\"PropertyValueSpecification\",\"valueRequired\":true,\"valueName\":\"search_term_string\"}}],\"inLanguage\":\"fr-FR\"}]}<\/script>\n<!-- \/ Yoast SEO plugin. -->","yoast_head_json":{"title":"Assembl\u00e9e annuelle des membres 2017 - CargoM","robots":{"index":"index","follow":"follow","max-snippet":"max-snippet:-1","max-image-preview":"max-image-preview:large","max-video-preview":"max-video-preview:-1"},"canonical":"https:\/\/www.cargo-montreal.ca\/fr\/assemblee-annuelle-des-membres-2017\/","og_locale":"fr_FR","og_type":"article","og_title":"Assembl\u00e9e annuelle des membres 2017 - CargoM","og_description":"Chers membres et partenaires de la grappe, Au nom du conseil d\u2019administration et de Mme Sylvie Vachon, pr\u00e9sidente-directrice g\u00e9n\u00e9rale de l\u2019Administration portuaire de Montr\u00e9al et pr\u00e9sidente de CargoM, nous avons le plaisir de vous inviter \u00e0 notre Assembl\u00e9e annuelle des membres qui se tiendra : Mardi le 20 juin 2017 de 15 h 30 \u00e0 [&hellip;]","og_url":"https:\/\/www.cargo-montreal.ca\/fr\/assemblee-annuelle-des-membres-2017\/","og_site_name":"CargoM","article_modified_time":"2017-06-09T17:46:26+00:00","twitter_card":"summary_large_image","twitter_misc":{"Dur\u00e9e de lecture estim\u00e9e":"1 minute"},"schema":{"@context":"https:\/\/schema.org","@graph":[{"@type":"WebPage","@id":"https:\/\/www.cargo-montreal.ca\/fr\/assemblee-annuelle-des-membres-2017\/","url":"https:\/\/www.cargo-montreal.ca\/fr\/assemblee-annuelle-des-membres-2017\/","name":"Assembl\u00e9e annuelle des membres 2017 - CargoM","isPartOf":{"@id":"https:\/\/www.cargo-montreal.ca\/fr\/#website"},"datePublished":"2017-06-09T17:29:32+00:00","dateModified":"2017-06-09T17:46:26+00:00","breadcrumb":{"@id":"https:\/\/www.cargo-montreal.ca\/fr\/assemblee-annuelle-des-membres-2017\/#breadcrumb"},"inLanguage":"fr-FR","potentialAction":[{"@type":"ReadAction","target":["https:\/\/www.cargo-montreal.ca\/fr\/assemblee-annuelle-des-membres-2017\/"]}]},{"@type":"BreadcrumbList","@id":"https:\/\/www.cargo-montreal.ca\/fr\/assemblee-annuelle-des-membres-2017\/#breadcrumb","itemListElement":[{"@type":"ListItem","position":1,"name":"Home","item":"https:\/\/www.cargo-montreal.ca\/fr\/"},{"@type":"ListItem","position":2,"name":"Assembl\u00e9e annuelle des membres 2017"}]},{"@type":"WebSite","@id":"https:\/\/www.cargo-montreal.ca\/fr\/#website","url":"https:\/\/www.cargo-montreal.ca\/fr\/","name":"CargoM","description":"La mission de CargoM: Rassembler les acteurs de la logistique &amp; du transport de marchandises du Grand Montr\u00e9al autour d&#039;objectifs communs, d&#039;actions concert\u00e9es","potentialAction":[{"@type":"SearchAction","target":{"@type":"EntryPoint","urlTemplate":"https:\/\/www.cargo-montreal.ca\/fr\/?s={search_term_string}"},"query-input":{"@type":"PropertyValueSpecification","valueRequired":true,"valueName":"search_term_string"}}],"inLanguage":"fr-FR"}]}},"_links":{"self":[{"href":"https:\/\/www.cargo-montreal.ca\/fr\/wp-json\/wp\/v2\/pages\/4159","targetHints":{"allow":["GET"]}}],"collection":[{"href":"https:\/\/www.cargo-montreal.ca\/fr\/wp-json\/wp\/v2\/pages"}],"about":[{"href":"https:\/\/www.cargo-montreal.ca\/fr\/wp-json\/wp\/v2\/types\/page"}],"author":[{"embeddable":true,"href":"https:\/\/www.cargo-montreal.ca\/fr\/wp-json\/wp\/v2\/users\/39"}],"replies":[{"embeddable":true,"href":"https:\/\/www.cargo-montreal.ca\/fr\/wp-json\/wp\/v2\/comments?post=4159"}],"version-history":[{"count":17,"href":"https:\/\/www.cargo-montreal.ca\/fr\/wp-json\/wp\/v2\/pages\/4159\/revisions"}],"predecessor-version":[{"id":4176,"href":"https:\/\/www.cargo-montreal.ca\/fr\/wp-json\/wp\/v2\/pages\/4159\/revisions\/4176"}],"wp:attachment":[{"href":"https:\/\/www.cargo-montreal.ca\/fr\/wp-json\/wp\/v2\/media?parent=4159"}],"curies":[{"name":"wp","href":"https:\/\/api.w.org\/{rel}","templated":true}]}}