{"id":5161,"date":"2018-03-19T13:02:47","date_gmt":"2018-03-19T13:02:47","guid":{"rendered":"https:\/\/www.cargo-montreal.ca\/?page_id=5161\/"},"modified":"2018-03-19T13:21:34","modified_gmt":"2018-03-19T13:21:34","slug":"dans-le-cadre-de-la-visite-detat-au-canada-de-leurs-majestes-le-roi-et-la-reine-des-belges-cargom-organise-le-forum-strategique-belgique-canada-developper-des-plateformes-logistiques-intelligen","status":"publish","type":"page","link":"https:\/\/www.cargo-montreal.ca\/fr\/dans-le-cadre-de-la-visite-detat-au-canada-de-leurs-majestes-le-roi-et-la-reine-des-belges-cargom-organise-le-forum-strategique-belgique-canada-developper-des-plateformes-logistiques-intelligen\/","title":{"rendered":"DANS LE CADRE DE LA VISITE D&rsquo;\u00c9TAT AU CANADA DE LEURS MAJEST\u00c9S LE ROI ET LA REINE DES BELGES &#8211; FORUM STRAT\u00c9GIQUE : BELGIQUE &#8211; CANADA: D\u00c9VELOPPER DES PLATEFORMES LOGISTIQUES INTELLIGENTES POUR OPTIMISER LES RETOMB\u00c9ES DE L&rsquo;AECG"},"content":{"rendered":"&nbsp;\r\n\r\n&nbsp;\r\n\r\n&nbsp;\r\n\r\n&nbsp;\r\n\r\n<a href=\"https:\/\/www.cargo-montreal.ca\/wp-content\/uploads\/2018\/03\/20180315_085624-COLLAGE-4.jpg\"><img loading=\"lazy\" decoding=\"async\" class=\"alignnone size-medium wp-image-5153 aligncenter\" src=\"https:\/\/www.cargo-montreal.ca\/wp-content\/uploads\/2018\/03\/20180315_085624-COLLAGE-4-300x300.jpg\" alt=\"\" width=\"300\" height=\"300\" srcset=\"https:\/\/www.cargo-montreal.ca\/wp-content\/uploads\/2018\/03\/20180315_085624-COLLAGE-4-300x300.jpg 300w, https:\/\/www.cargo-montreal.ca\/wp-content\/uploads\/2018\/03\/20180315_085624-COLLAGE-4-150x150.jpg 150w, https:\/\/www.cargo-montreal.ca\/wp-content\/uploads\/2018\/03\/20180315_085624-COLLAGE-4-768x768.jpg 768w, https:\/\/www.cargo-montreal.ca\/wp-content\/uploads\/2018\/03\/20180315_085624-COLLAGE-4.jpg 1024w\" sizes=\"auto, (max-width: 300px) 100vw, 300px\" \/><\/a>\r\n\r\n<a href=\"https:\/\/www.cargo-montreal.ca\/wp-content\/uploads\/2018\/03\/IMG_20180315_084946808_HDR-1.jpg\"><img loading=\"lazy\" decoding=\"async\" class=\"alignnone size-medium wp-image-5154 aligncenter\" src=\"https:\/\/www.cargo-montreal.ca\/wp-content\/uploads\/2018\/03\/IMG_20180315_084946808_HDR-1-300x169.jpg\" alt=\"\" width=\"300\" height=\"169\" srcset=\"https:\/\/www.cargo-montreal.ca\/wp-content\/uploads\/2018\/03\/IMG_20180315_084946808_HDR-1-300x169.jpg 300w, https:\/\/www.cargo-montreal.ca\/wp-content\/uploads\/2018\/03\/IMG_20180315_084946808_HDR-1-768x432.jpg 768w, https:\/\/www.cargo-montreal.ca\/wp-content\/uploads\/2018\/03\/IMG_20180315_084946808_HDR-1-1024x576.jpg 1024w\" sizes=\"auto, (max-width: 300px) 100vw, 300px\" \/><\/a>","protected":false},"excerpt":{"rendered":"&nbsp; &nbsp; &nbsp; &nbsp;","protected":false},"author":39,"featured_media":0,"parent":0,"menu_order":52,"comment_status":"closed","ping_status":"closed","template":"","meta":{"_acf_changed":false,"footnotes":""},"class_list":["post-5161","page","type-page","status-publish","hentry"],"acf":[],"yoast_head":"<!-- This site is optimized with the Yoast SEO plugin v27.3 - https:\/\/yoast.com\/product\/yoast-seo-wordpress\/ -->\n<title>DANS LE CADRE DE LA VISITE D&#039;\u00c9TAT AU CANADA DE LEURS MAJEST\u00c9S LE ROI ET LA REINE DES BELGES - FORUM STRAT\u00c9GIQUE : BELGIQUE - CANADA: D\u00c9VELOPPER DES PLATEFORMES LOGISTIQUES INTELLIGENTES POUR OPTIMISER LES RETOMB\u00c9ES DE L&#039;AECG - CargoM<\/title>\n<meta name=\"robots\" content=\"index, follow, max-snippet:-1, max-image-preview:large, max-video-preview:-1\" \/>\n<link rel=\"canonical\" href=\"https:\/\/www.cargo-montreal.ca\/fr\/dans-le-cadre-de-la-visite-detat-au-canada-de-leurs-majestes-le-roi-et-la-reine-des-belges-cargom-organise-le-forum-strategique-belgique-canada-developper-des-plateformes-logistiques-intelligen\/\" \/>\n<meta property=\"og:locale\" content=\"fr_FR\" \/>\n<meta property=\"og:type\" content=\"article\" \/>\n<meta property=\"og:title\" content=\"DANS LE CADRE DE LA VISITE D&#039;\u00c9TAT AU CANADA DE LEURS MAJEST\u00c9S LE ROI ET LA REINE DES BELGES - FORUM STRAT\u00c9GIQUE : BELGIQUE - CANADA: D\u00c9VELOPPER DES PLATEFORMES LOGISTIQUES INTELLIGENTES POUR OPTIMISER LES RETOMB\u00c9ES DE L&#039;AECG - CargoM\" \/>\n<meta property=\"og:description\" content=\"&nbsp; &nbsp; &nbsp; &nbsp;\" \/>\n<meta property=\"og:url\" content=\"https:\/\/www.cargo-montreal.ca\/fr\/dans-le-cadre-de-la-visite-detat-au-canada-de-leurs-majestes-le-roi-et-la-reine-des-belges-cargom-organise-le-forum-strategique-belgique-canada-developper-des-plateformes-logistiques-intelligen\/\" \/>\n<meta property=\"og:site_name\" content=\"CargoM\" \/>\n<meta property=\"article:modified_time\" content=\"2018-03-19T13:21:34+00:00\" \/>\n<meta property=\"og:image\" content=\"https:\/\/www.cargo-montreal.ca\/wp-content\/uploads\/2018\/03\/20180315_085624-COLLAGE-4-300x300.jpg\" \/>\n<meta name=\"twitter:card\" content=\"summary_large_image\" \/>\n<script type=\"application\/ld+json\" class=\"yoast-schema-graph\">{\"@context\":\"https:\\\/\\\/schema.org\",\"@graph\":[{\"@type\":\"WebPage\",\"@id\":\"https:\\\/\\\/www.cargo-montreal.ca\\\/fr\\\/dans-le-cadre-de-la-visite-detat-au-canada-de-leurs-majestes-le-roi-et-la-reine-des-belges-cargom-organise-le-forum-strategique-belgique-canada-developper-des-plateformes-logistiques-intelligen\\\/\",\"url\":\"https:\\\/\\\/www.cargo-montreal.ca\\\/fr\\\/dans-le-cadre-de-la-visite-detat-au-canada-de-leurs-majestes-le-roi-et-la-reine-des-belges-cargom-organise-le-forum-strategique-belgique-canada-developper-des-plateformes-logistiques-intelligen\\\/\",\"name\":\"DANS LE CADRE DE LA VISITE D'\u00c9TAT AU CANADA DE LEURS MAJEST\u00c9S LE ROI ET LA REINE DES BELGES - FORUM STRAT\u00c9GIQUE : BELGIQUE - CANADA: D\u00c9VELOPPER DES PLATEFORMES LOGISTIQUES INTELLIGENTES POUR OPTIMISER LES RETOMB\u00c9ES DE L'AECG - CargoM\",\"isPartOf\":{\"@id\":\"https:\\\/\\\/www.cargo-montreal.ca\\\/fr\\\/#website\"},\"primaryImageOfPage\":{\"@id\":\"https:\\\/\\\/www.cargo-montreal.ca\\\/fr\\\/dans-le-cadre-de-la-visite-detat-au-canada-de-leurs-majestes-le-roi-et-la-reine-des-belges-cargom-organise-le-forum-strategique-belgique-canada-developper-des-plateformes-logistiques-intelligen\\\/#primaryimage\"},\"image\":{\"@id\":\"https:\\\/\\\/www.cargo-montreal.ca\\\/fr\\\/dans-le-cadre-de-la-visite-detat-au-canada-de-leurs-majestes-le-roi-et-la-reine-des-belges-cargom-organise-le-forum-strategique-belgique-canada-developper-des-plateformes-logistiques-intelligen\\\/#primaryimage\"},\"thumbnailUrl\":\"https:\\\/\\\/www.cargo-montreal.ca\\\/wp-content\\\/uploads\\\/2018\\\/03\\\/20180315_085624-COLLAGE-4-300x300.jpg\",\"datePublished\":\"2018-03-19T13:02:47+00:00\",\"dateModified\":\"2018-03-19T13:21:34+00:00\",\"breadcrumb\":{\"@id\":\"https:\\\/\\\/www.cargo-montreal.ca\\\/fr\\\/dans-le-cadre-de-la-visite-detat-au-canada-de-leurs-majestes-le-roi-et-la-reine-des-belges-cargom-organise-le-forum-strategique-belgique-canada-developper-des-plateformes-logistiques-intelligen\\\/#breadcrumb\"},\"inLanguage\":\"fr-FR\",\"potentialAction\":[{\"@type\":\"ReadAction\",\"target\":[\"https:\\\/\\\/www.cargo-montreal.ca\\\/fr\\\/dans-le-cadre-de-la-visite-detat-au-canada-de-leurs-majestes-le-roi-et-la-reine-des-belges-cargom-organise-le-forum-strategique-belgique-canada-developper-des-plateformes-logistiques-intelligen\\\/\"]}]},{\"@type\":\"ImageObject\",\"inLanguage\":\"fr-FR\",\"@id\":\"https:\\\/\\\/www.cargo-montreal.ca\\\/fr\\\/dans-le-cadre-de-la-visite-detat-au-canada-de-leurs-majestes-le-roi-et-la-reine-des-belges-cargom-organise-le-forum-strategique-belgique-canada-developper-des-plateformes-logistiques-intelligen\\\/#primaryimage\",\"url\":\"https:\\\/\\\/www.cargo-montreal.ca\\\/wp-content\\\/uploads\\\/2018\\\/03\\\/20180315_085624-COLLAGE-4-300x300.jpg\",\"contentUrl\":\"https:\\\/\\\/www.cargo-montreal.ca\\\/wp-content\\\/uploads\\\/2018\\\/03\\\/20180315_085624-COLLAGE-4-300x300.jpg\"},{\"@type\":\"BreadcrumbList\",\"@id\":\"https:\\\/\\\/www.cargo-montreal.ca\\\/fr\\\/dans-le-cadre-de-la-visite-detat-au-canada-de-leurs-majestes-le-roi-et-la-reine-des-belges-cargom-organise-le-forum-strategique-belgique-canada-developper-des-plateformes-logistiques-intelligen\\\/#breadcrumb\",\"itemListElement\":[{\"@type\":\"ListItem\",\"position\":1,\"name\":\"Home\",\"item\":\"https:\\\/\\\/www.cargo-montreal.ca\\\/fr\\\/\"},{\"@type\":\"ListItem\",\"position\":2,\"name\":\"DANS LE CADRE DE LA VISITE D&#8217;\u00c9TAT AU CANADA DE LEURS MAJEST\u00c9S LE ROI ET LA REINE DES BELGES &#8211; FORUM STRAT\u00c9GIQUE : BELGIQUE &#8211; CANADA: D\u00c9VELOPPER DES PLATEFORMES LOGISTIQUES INTELLIGENTES POUR OPTIMISER LES RETOMB\u00c9ES DE L&#8217;AECG\"}]},{\"@type\":\"WebSite\",\"@id\":\"https:\\\/\\\/www.cargo-montreal.ca\\\/fr\\\/#website\",\"url\":\"https:\\\/\\\/www.cargo-montreal.ca\\\/fr\\\/\",\"name\":\"CargoM\",\"description\":\"La mission de CargoM: Rassembler les acteurs de la logistique &amp; du transport de marchandises du Grand Montr\u00e9al autour d&#039;objectifs communs, d&#039;actions concert\u00e9es\",\"potentialAction\":[{\"@type\":\"SearchAction\",\"target\":{\"@type\":\"EntryPoint\",\"urlTemplate\":\"https:\\\/\\\/www.cargo-montreal.ca\\\/fr\\\/?s={search_term_string}\"},\"query-input\":{\"@type\":\"PropertyValueSpecification\",\"valueRequired\":true,\"valueName\":\"search_term_string\"}}],\"inLanguage\":\"fr-FR\"}]}<\/script>\n<!-- \/ Yoast SEO plugin. -->","yoast_head_json":{"title":"DANS LE CADRE DE LA VISITE D'\u00c9TAT AU CANADA DE LEURS MAJEST\u00c9S LE ROI ET LA REINE DES BELGES - FORUM STRAT\u00c9GIQUE : BELGIQUE - CANADA: D\u00c9VELOPPER DES PLATEFORMES LOGISTIQUES INTELLIGENTES POUR OPTIMISER LES RETOMB\u00c9ES DE L'AECG - CargoM","robots":{"index":"index","follow":"follow","max-snippet":"max-snippet:-1","max-image-preview":"max-image-preview:large","max-video-preview":"max-video-preview:-1"},"canonical":"https:\/\/www.cargo-montreal.ca\/fr\/dans-le-cadre-de-la-visite-detat-au-canada-de-leurs-majestes-le-roi-et-la-reine-des-belges-cargom-organise-le-forum-strategique-belgique-canada-developper-des-plateformes-logistiques-intelligen\/","og_locale":"fr_FR","og_type":"article","og_title":"DANS LE CADRE DE LA VISITE D'\u00c9TAT AU CANADA DE LEURS MAJEST\u00c9S LE ROI ET LA REINE DES BELGES - FORUM STRAT\u00c9GIQUE : BELGIQUE - CANADA: D\u00c9VELOPPER DES PLATEFORMES LOGISTIQUES INTELLIGENTES POUR OPTIMISER LES RETOMB\u00c9ES DE L'AECG - CargoM","og_description":"&nbsp; &nbsp; &nbsp; &nbsp;","og_url":"https:\/\/www.cargo-montreal.ca\/fr\/dans-le-cadre-de-la-visite-detat-au-canada-de-leurs-majestes-le-roi-et-la-reine-des-belges-cargom-organise-le-forum-strategique-belgique-canada-developper-des-plateformes-logistiques-intelligen\/","og_site_name":"CargoM","article_modified_time":"2018-03-19T13:21:34+00:00","og_image":[{"url":"https:\/\/www.cargo-montreal.ca\/wp-content\/uploads\/2018\/03\/20180315_085624-COLLAGE-4-300x300.jpg","type":"","width":"","height":""}],"twitter_card":"summary_large_image","schema":{"@context":"https:\/\/schema.org","@graph":[{"@type":"WebPage","@id":"https:\/\/www.cargo-montreal.ca\/fr\/dans-le-cadre-de-la-visite-detat-au-canada-de-leurs-majestes-le-roi-et-la-reine-des-belges-cargom-organise-le-forum-strategique-belgique-canada-developper-des-plateformes-logistiques-intelligen\/","url":"https:\/\/www.cargo-montreal.ca\/fr\/dans-le-cadre-de-la-visite-detat-au-canada-de-leurs-majestes-le-roi-et-la-reine-des-belges-cargom-organise-le-forum-strategique-belgique-canada-developper-des-plateformes-logistiques-intelligen\/","name":"DANS LE CADRE DE LA VISITE D'\u00c9TAT AU CANADA DE LEURS MAJEST\u00c9S LE ROI ET LA REINE DES BELGES - FORUM STRAT\u00c9GIQUE : BELGIQUE - CANADA: D\u00c9VELOPPER DES PLATEFORMES LOGISTIQUES INTELLIGENTES POUR OPTIMISER LES RETOMB\u00c9ES DE L'AECG - CargoM","isPartOf":{"@id":"https:\/\/www.cargo-montreal.ca\/fr\/#website"},"primaryImageOfPage":{"@id":"https:\/\/www.cargo-montreal.ca\/fr\/dans-le-cadre-de-la-visite-detat-au-canada-de-leurs-majestes-le-roi-et-la-reine-des-belges-cargom-organise-le-forum-strategique-belgique-canada-developper-des-plateformes-logistiques-intelligen\/#primaryimage"},"image":{"@id":"https:\/\/www.cargo-montreal.ca\/fr\/dans-le-cadre-de-la-visite-detat-au-canada-de-leurs-majestes-le-roi-et-la-reine-des-belges-cargom-organise-le-forum-strategique-belgique-canada-developper-des-plateformes-logistiques-intelligen\/#primaryimage"},"thumbnailUrl":"https:\/\/www.cargo-montreal.ca\/wp-content\/uploads\/2018\/03\/20180315_085624-COLLAGE-4-300x300.jpg","datePublished":"2018-03-19T13:02:47+00:00","dateModified":"2018-03-19T13:21:34+00:00","breadcrumb":{"@id":"https:\/\/www.cargo-montreal.ca\/fr\/dans-le-cadre-de-la-visite-detat-au-canada-de-leurs-majestes-le-roi-et-la-reine-des-belges-cargom-organise-le-forum-strategique-belgique-canada-developper-des-plateformes-logistiques-intelligen\/#breadcrumb"},"inLanguage":"fr-FR","potentialAction":[{"@type":"ReadAction","target":["https:\/\/www.cargo-montreal.ca\/fr\/dans-le-cadre-de-la-visite-detat-au-canada-de-leurs-majestes-le-roi-et-la-reine-des-belges-cargom-organise-le-forum-strategique-belgique-canada-developper-des-plateformes-logistiques-intelligen\/"]}]},{"@type":"ImageObject","inLanguage":"fr-FR","@id":"https:\/\/www.cargo-montreal.ca\/fr\/dans-le-cadre-de-la-visite-detat-au-canada-de-leurs-majestes-le-roi-et-la-reine-des-belges-cargom-organise-le-forum-strategique-belgique-canada-developper-des-plateformes-logistiques-intelligen\/#primaryimage","url":"https:\/\/www.cargo-montreal.ca\/wp-content\/uploads\/2018\/03\/20180315_085624-COLLAGE-4-300x300.jpg","contentUrl":"https:\/\/www.cargo-montreal.ca\/wp-content\/uploads\/2018\/03\/20180315_085624-COLLAGE-4-300x300.jpg"},{"@type":"BreadcrumbList","@id":"https:\/\/www.cargo-montreal.ca\/fr\/dans-le-cadre-de-la-visite-detat-au-canada-de-leurs-majestes-le-roi-et-la-reine-des-belges-cargom-organise-le-forum-strategique-belgique-canada-developper-des-plateformes-logistiques-intelligen\/#breadcrumb","itemListElement":[{"@type":"ListItem","position":1,"name":"Home","item":"https:\/\/www.cargo-montreal.ca\/fr\/"},{"@type":"ListItem","position":2,"name":"DANS LE CADRE DE LA VISITE D&#8217;\u00c9TAT AU CANADA DE LEURS MAJEST\u00c9S LE ROI ET LA REINE DES BELGES &#8211; FORUM STRAT\u00c9GIQUE : BELGIQUE &#8211; CANADA: D\u00c9VELOPPER DES PLATEFORMES LOGISTIQUES INTELLIGENTES POUR OPTIMISER LES RETOMB\u00c9ES DE L&#8217;AECG"}]},{"@type":"WebSite","@id":"https:\/\/www.cargo-montreal.ca\/fr\/#website","url":"https:\/\/www.cargo-montreal.ca\/fr\/","name":"CargoM","description":"La mission de CargoM: Rassembler les acteurs de la logistique &amp; du transport de marchandises du Grand Montr\u00e9al autour d&#039;objectifs communs, d&#039;actions concert\u00e9es","potentialAction":[{"@type":"SearchAction","target":{"@type":"EntryPoint","urlTemplate":"https:\/\/www.cargo-montreal.ca\/fr\/?s={search_term_string}"},"query-input":{"@type":"PropertyValueSpecification","valueRequired":true,"valueName":"search_term_string"}}],"inLanguage":"fr-FR"}]}},"_links":{"self":[{"href":"https:\/\/www.cargo-montreal.ca\/fr\/wp-json\/wp\/v2\/pages\/5161","targetHints":{"allow":["GET"]}}],"collection":[{"href":"https:\/\/www.cargo-montreal.ca\/fr\/wp-json\/wp\/v2\/pages"}],"about":[{"href":"https:\/\/www.cargo-montreal.ca\/fr\/wp-json\/wp\/v2\/types\/page"}],"author":[{"embeddable":true,"href":"https:\/\/www.cargo-montreal.ca\/fr\/wp-json\/wp\/v2\/users\/39"}],"replies":[{"embeddable":true,"href":"https:\/\/www.cargo-montreal.ca\/fr\/wp-json\/wp\/v2\/comments?post=5161"}],"version-history":[{"count":7,"href":"https:\/\/www.cargo-montreal.ca\/fr\/wp-json\/wp\/v2\/pages\/5161\/revisions"}],"predecessor-version":[{"id":5171,"href":"https:\/\/www.cargo-montreal.ca\/fr\/wp-json\/wp\/v2\/pages\/5161\/revisions\/5171"}],"wp:attachment":[{"href":"https:\/\/www.cargo-montreal.ca\/fr\/wp-json\/wp\/v2\/media?parent=5161"}],"curies":[{"name":"wp","href":"https:\/\/api.w.org\/{rel}","templated":true}]}}