{"id":7833,"date":"2020-03-20T15:37:03","date_gmt":"2020-03-20T15:37:03","guid":{"rendered":"https:\/\/www.cargo-montreal.ca\/?page_id=7833"},"modified":"2022-08-22T18:55:03","modified_gmt":"2022-08-22T18:55:03","slug":"covid19-message-important","status":"publish","type":"page","link":"https:\/\/www.cargo-montreal.ca\/fr\/covid19-message-important\/","title":{"rendered":"Message important aux membres et partenaires de CargoM"},"content":{"rendered":"<p style=\"text-align: justify;\"><strong>Mise en contexte \u2013 Inventaire des espaces d\u2019entreposage<\/strong><\/p>\r\n<p style=\"text-align: justify;\">Au d\u00e9but de la pand\u00e9mie de la COVID-19, ainsi qu\u2019aux moments forts de la crise sanitaire, les besoins en entreposage \u00e9taient consid\u00e9rables.<\/p>\r\n<p style=\"text-align: justify;\">La fermeture des commerces et des entreprises a engendr\u00e9 des probl\u00e9matiques d\u2019entreposage de marchandises. Afin d\u2019aider nos membres ainsi que notre secteur, CargoM a alors mis sur pied un registre d\u2019espaces libres d\u2019entreposage int\u00e9rieur et ext\u00e9rieur.<\/p>\r\n<p style=\"text-align: justify;\">Les enjeux relatifs aux espaces d\u2019entreposage \u00e9tant toujours pr\u00e9sents, CargoM poursuit son initiative et met \u00e0 jour r\u00e9guli\u00e8rement un inventaire d&rsquo;espace d&rsquo;entreposage afin d\u2019aider tous les acteurs de la cha\u00eene logistique du Grand Montr\u00e9al.<\/p>\r\n<p style=\"text-align: justify;\"><strong>Espace d\u2019entreposage<\/strong><\/p>\r\n<p style=\"text-align: justify;\">Si <strong>vous \u00eates \u00e0 la recherche d\u2019espace d\u2019entreposage <\/strong>(ext\u00e9rieur ou int\u00e9rieur) ou si <strong>vous avez de l\u2019espace d\u2019entreposage exc\u00e9dentaire disponible<\/strong> (int\u00e9rieur ou ext\u00e9rieur), veuillez remplir le formulaire ci-dessous.<\/p>\r\n<p style=\"text-align: justify;\">Si vous avez des questions, nous vous invitons \u00e0 contacter Mathieu Charbonneau par courriel \u00e0 cette adresse : <a href=\"mailto:mcharbonneau@cargo-montreal.ca\">mcharbonneau@cargo-montreal.ca<\/a> ou Amy Lombard \u00e0 l\u2019adresse suivante: <a href=\"mailto:alombard@cargo-montreal.ca\">alombard@cargo-montreal.ca<\/a>.<\/p>\r\n<script charset=\"utf-8\" type=\"text\/javascript\" src=\"\/\/js.hsforms.net\/forms\/shell.js\"><\/script>\r\n<script>\r\n  hbspt.forms.create({\r\n\tregion: \"na1\",\r\n\tportalId: \"8719392\",\r\n\tformId: \"dbdc75e7-af53-4def-95e4-77438ccf2609\"\r\n});\r\n<\/script>\r\n\r\n&nbsp;","protected":false},"excerpt":{"rendered":"Mise en contexte \u2013 Inventaire des espaces d\u2019entreposage Au d\u00e9but de la pand\u00e9mie de la COVID-19, ainsi qu\u2019aux moments forts de la crise sanitaire, les besoins en entreposage \u00e9taient consid\u00e9rables. La fermeture des commerces et des entreprises a engendr\u00e9 des probl\u00e9matiques d\u2019entreposage de marchandises. Afin d\u2019aider nos membres ainsi que notre secteur, CargoM a alors [&hellip;]","protected":false},"author":1,"featured_media":0,"parent":0,"menu_order":63,"comment_status":"closed","ping_status":"closed","template":"page-templates\/AboutUs.php","meta":{"_acf_changed":false,"footnotes":""},"class_list":["post-7833","page","type-page","status-publish","hentry"],"acf":[],"yoast_head":"<!-- This site is optimized with the Yoast SEO plugin v27.3 - https:\/\/yoast.com\/product\/yoast-seo-wordpress\/ -->\n<title>Message important aux membres et partenaires de CargoM - CargoM<\/title>\n<meta name=\"robots\" content=\"index, follow, max-snippet:-1, max-image-preview:large, max-video-preview:-1\" \/>\n<link rel=\"canonical\" href=\"https:\/\/www.cargo-montreal.ca\/fr\/covid19-message-important\/\" \/>\n<meta property=\"og:locale\" content=\"fr_FR\" \/>\n<meta property=\"og:type\" content=\"article\" \/>\n<meta property=\"og:title\" content=\"Message important aux membres et partenaires de CargoM - CargoM\" \/>\n<meta property=\"og:description\" content=\"Mise en contexte \u2013 Inventaire des espaces d\u2019entreposage Au d\u00e9but de la pand\u00e9mie de la COVID-19, ainsi qu\u2019aux moments forts de la crise sanitaire, les besoins en entreposage \u00e9taient consid\u00e9rables. La fermeture des commerces et des entreprises a engendr\u00e9 des probl\u00e9matiques d\u2019entreposage de marchandises. Afin d\u2019aider nos membres ainsi que notre secteur, CargoM a alors [&hellip;]\" \/>\n<meta property=\"og:url\" content=\"https:\/\/www.cargo-montreal.ca\/fr\/covid19-message-important\/\" \/>\n<meta property=\"og:site_name\" content=\"CargoM\" \/>\n<meta property=\"article:modified_time\" content=\"2022-08-22T18:55:03+00:00\" \/>\n<meta name=\"twitter:card\" content=\"summary_large_image\" \/>\n<meta name=\"twitter:label1\" content=\"Dur\u00e9e de lecture estim\u00e9e\" \/>\n\t<meta name=\"twitter:data1\" content=\"1 minute\" \/>\n<script type=\"application\/ld+json\" class=\"yoast-schema-graph\">{\"@context\":\"https:\\\/\\\/schema.org\",\"@graph\":[{\"@type\":\"WebPage\",\"@id\":\"https:\\\/\\\/www.cargo-montreal.ca\\\/fr\\\/covid19-message-important\\\/\",\"url\":\"https:\\\/\\\/www.cargo-montreal.ca\\\/fr\\\/covid19-message-important\\\/\",\"name\":\"Message important aux membres et partenaires de CargoM - CargoM\",\"isPartOf\":{\"@id\":\"https:\\\/\\\/www.cargo-montreal.ca\\\/fr\\\/#website\"},\"datePublished\":\"2020-03-20T15:37:03+00:00\",\"dateModified\":\"2022-08-22T18:55:03+00:00\",\"breadcrumb\":{\"@id\":\"https:\\\/\\\/www.cargo-montreal.ca\\\/fr\\\/covid19-message-important\\\/#breadcrumb\"},\"inLanguage\":\"fr-FR\",\"potentialAction\":[{\"@type\":\"ReadAction\",\"target\":[\"https:\\\/\\\/www.cargo-montreal.ca\\\/fr\\\/covid19-message-important\\\/\"]}]},{\"@type\":\"BreadcrumbList\",\"@id\":\"https:\\\/\\\/www.cargo-montreal.ca\\\/fr\\\/covid19-message-important\\\/#breadcrumb\",\"itemListElement\":[{\"@type\":\"ListItem\",\"position\":1,\"name\":\"Home\",\"item\":\"https:\\\/\\\/www.cargo-montreal.ca\\\/fr\\\/\"},{\"@type\":\"ListItem\",\"position\":2,\"name\":\"Message important aux membres et partenaires de CargoM\"}]},{\"@type\":\"WebSite\",\"@id\":\"https:\\\/\\\/www.cargo-montreal.ca\\\/fr\\\/#website\",\"url\":\"https:\\\/\\\/www.cargo-montreal.ca\\\/fr\\\/\",\"name\":\"CargoM\",\"description\":\"La mission de CargoM: Rassembler les acteurs de la logistique &amp; du transport de marchandises du Grand Montr\u00e9al autour d&#039;objectifs communs, d&#039;actions concert\u00e9es\",\"potentialAction\":[{\"@type\":\"SearchAction\",\"target\":{\"@type\":\"EntryPoint\",\"urlTemplate\":\"https:\\\/\\\/www.cargo-montreal.ca\\\/fr\\\/?s={search_term_string}\"},\"query-input\":{\"@type\":\"PropertyValueSpecification\",\"valueRequired\":true,\"valueName\":\"search_term_string\"}}],\"inLanguage\":\"fr-FR\"}]}<\/script>\n<!-- \/ Yoast SEO plugin. -->","yoast_head_json":{"title":"Message important aux membres et partenaires de CargoM - CargoM","robots":{"index":"index","follow":"follow","max-snippet":"max-snippet:-1","max-image-preview":"max-image-preview:large","max-video-preview":"max-video-preview:-1"},"canonical":"https:\/\/www.cargo-montreal.ca\/fr\/covid19-message-important\/","og_locale":"fr_FR","og_type":"article","og_title":"Message important aux membres et partenaires de CargoM - CargoM","og_description":"Mise en contexte \u2013 Inventaire des espaces d\u2019entreposage Au d\u00e9but de la pand\u00e9mie de la COVID-19, ainsi qu\u2019aux moments forts de la crise sanitaire, les besoins en entreposage \u00e9taient consid\u00e9rables. La fermeture des commerces et des entreprises a engendr\u00e9 des probl\u00e9matiques d\u2019entreposage de marchandises. Afin d\u2019aider nos membres ainsi que notre secteur, CargoM a alors [&hellip;]","og_url":"https:\/\/www.cargo-montreal.ca\/fr\/covid19-message-important\/","og_site_name":"CargoM","article_modified_time":"2022-08-22T18:55:03+00:00","twitter_card":"summary_large_image","twitter_misc":{"Dur\u00e9e de lecture estim\u00e9e":"1 minute"},"schema":{"@context":"https:\/\/schema.org","@graph":[{"@type":"WebPage","@id":"https:\/\/www.cargo-montreal.ca\/fr\/covid19-message-important\/","url":"https:\/\/www.cargo-montreal.ca\/fr\/covid19-message-important\/","name":"Message important aux membres et partenaires de CargoM - CargoM","isPartOf":{"@id":"https:\/\/www.cargo-montreal.ca\/fr\/#website"},"datePublished":"2020-03-20T15:37:03+00:00","dateModified":"2022-08-22T18:55:03+00:00","breadcrumb":{"@id":"https:\/\/www.cargo-montreal.ca\/fr\/covid19-message-important\/#breadcrumb"},"inLanguage":"fr-FR","potentialAction":[{"@type":"ReadAction","target":["https:\/\/www.cargo-montreal.ca\/fr\/covid19-message-important\/"]}]},{"@type":"BreadcrumbList","@id":"https:\/\/www.cargo-montreal.ca\/fr\/covid19-message-important\/#breadcrumb","itemListElement":[{"@type":"ListItem","position":1,"name":"Home","item":"https:\/\/www.cargo-montreal.ca\/fr\/"},{"@type":"ListItem","position":2,"name":"Message important aux membres et partenaires de CargoM"}]},{"@type":"WebSite","@id":"https:\/\/www.cargo-montreal.ca\/fr\/#website","url":"https:\/\/www.cargo-montreal.ca\/fr\/","name":"CargoM","description":"La mission de CargoM: Rassembler les acteurs de la logistique &amp; du transport de marchandises du Grand Montr\u00e9al autour d&#039;objectifs communs, d&#039;actions concert\u00e9es","potentialAction":[{"@type":"SearchAction","target":{"@type":"EntryPoint","urlTemplate":"https:\/\/www.cargo-montreal.ca\/fr\/?s={search_term_string}"},"query-input":{"@type":"PropertyValueSpecification","valueRequired":true,"valueName":"search_term_string"}}],"inLanguage":"fr-FR"}]}},"_links":{"self":[{"href":"https:\/\/www.cargo-montreal.ca\/fr\/wp-json\/wp\/v2\/pages\/7833","targetHints":{"allow":["GET"]}}],"collection":[{"href":"https:\/\/www.cargo-montreal.ca\/fr\/wp-json\/wp\/v2\/pages"}],"about":[{"href":"https:\/\/www.cargo-montreal.ca\/fr\/wp-json\/wp\/v2\/types\/page"}],"author":[{"embeddable":true,"href":"https:\/\/www.cargo-montreal.ca\/fr\/wp-json\/wp\/v2\/users\/1"}],"replies":[{"embeddable":true,"href":"https:\/\/www.cargo-montreal.ca\/fr\/wp-json\/wp\/v2\/comments?post=7833"}],"version-history":[{"count":26,"href":"https:\/\/www.cargo-montreal.ca\/fr\/wp-json\/wp\/v2\/pages\/7833\/revisions"}],"predecessor-version":[{"id":13513,"href":"https:\/\/www.cargo-montreal.ca\/fr\/wp-json\/wp\/v2\/pages\/7833\/revisions\/13513"}],"wp:attachment":[{"href":"https:\/\/www.cargo-montreal.ca\/fr\/wp-json\/wp\/v2\/media?parent=7833"}],"curies":[{"name":"wp","href":"https:\/\/api.w.org\/{rel}","templated":true}]}}