{"id":99,"date":"2014-12-18T22:48:16","date_gmt":"2014-12-18T22:48:16","guid":{"rendered":"http:\/\/cargowp\/?page_id=99"},"modified":"2026-04-07T10:57:25","modified_gmt":"2026-04-07T14:57:25","slug":"devenir-membre","status":"publish","type":"page","link":"https:\/\/www.cargo-montreal.ca\/fr\/membres\/devenir-membre\/","title":{"rendered":"DEVENIR MEMBRE"},"content":{"rendered":"<p><strong>Joindre CargoM c&rsquo;est notamment :<\/strong><\/p>\r\n<ul>\r\n\t<li>Faire partie de la communaut\u00e9 de la logistique et du transport de marchandises du Grand Montr\u00e9al qui comprend :\r\n\r\n<ul>\r\n\t<li>Le transport a\u00e9rien<\/li>\r\n\t<li>Le transport ferroviaire<\/li>\r\n\t<li>Le transport routier<\/li>\r\n\t<li>Les interm\u00e9diaires logistiques et les transitaires<\/li>\r\n\t<li>Les associations et comit\u00e9s sectoriels<\/li>\r\n\t<li>Les exportateurs, importateurs et grands exp\u00e9diteurs<\/li>\r\n\t<li>Les institutions d&rsquo;enseignement et de recherche<\/li>\r\n<\/ul>\r\n<\/li>\r\n\t<li>Influencer l\u2019orientation des travaux et des actions concert\u00e9es de notre secteur en ayant acc\u00e8s aux 4 chantiers en action et aux comit\u00e9s de travail de CargoM;<\/li>\r\n\t<li>Acc\u00e9der \u00e0 un r\u00e9seau d&rsquo;entreprises, de membres de contacts et de services utiles \u00e0 la croissance de votre organisation;<\/li>\r\n\t<li>Avoir une voix aupr\u00e8s des \u00e9lus et d\u00e9fendre les int\u00e9r\u00eats et projets qui contribuent au d\u00e9veloppement harmonieux de notre cha\u00eene logistique;<\/li>\r\n\t<li>Faire conna\u00eetre vos projets, initiatives et r\u00e9alisations \u00e0 toute notre communaut\u00e9 de membres, partenaires et parties prenantes;<\/li>\r\n\t<li>\u00catre inform\u00e9 en primeur des derni\u00e8res nouvelles du secteur;<\/li>\r\n\t<li><span data-olk-copy-source=\"MessageBody\">Profiter d\u2019une tribune lors des conf\u00e9rences, s\u00e9minaires et ateliers organis\u00e9s par CargoM et ses partenaires;<\/span><\/li>\r\n\t<li>Acc\u00e9der gratuitement aux \u00e9tudes et analyses d\u00e9ploy\u00e9es par CargoM et ses collaborateurs;<\/li>\r\n\t<li>Participer gratuitement \u00e0 nos \u00e9v\u00e9nements : ateliers, s\u00e9minaires, \u00e9v\u00e9nements r\u00e9seautage, etc.<\/li>\r\n\t<li>Avoir l&rsquo;opportunit\u00e9 d&rsquo;accueillir une rencontre de groupe de travail dans vos locaux et de pr\u00e9senter vos activit\u00e9s;<\/li>\r\n\t<li>Avoir l&rsquo;opportunit\u00e9 d&rsquo;acc\u00e9der \u00e9ventuellement \u00e0 notre\u00a0<a href=\"https:\/\/www.cargo-montreal.ca\/fr\/qui-sommes-nous\/conseil-administration\/\" target=\"_blank\" rel=\"noopener\">conseil d&rsquo;administration<\/a><\/li>\r\n\t<li>Et bien plus!<\/li>\r\n<\/ul>\r\n<p><strong>Vous voulez en discuter ou en savoir plus?<\/strong> Contactez Louis-Philippe Allard <a href=\"mailto:lpallard@cargo-montreal.ca\">lpallard@cargo-montreal.ca<\/a> 514\u00a0502-2990<\/p>\r\n<h2 style=\"text-align: center;\"><strong>\u27a1\ufe0f<\/strong><a href=\"https:\/\/www.cargo-montreal.ca\/wp-content\/uploads\/2025\/05\/3873_CARGOM_BRO_Devenir_Membre_fr_V_LPA-3.pdf\" target=\"_blank\" rel=\"noopener\"><strong>Remplissez le formulaire pour devenir membre de CargoM<\/strong><\/a><\/h2>","protected":false},"excerpt":{"rendered":"Joindre CargoM c&rsquo;est notamment : Faire partie de la communaut\u00e9 de la logistique et du transport de marchandises du Grand Montr\u00e9al qui comprend : Le transport a\u00e9rien Le transport ferroviaire Le transport routier Les interm\u00e9diaires logistiques et les transitaires Les associations et comit\u00e9s sectoriels Les exportateurs, importateurs et grands exp\u00e9diteurs Les institutions d&rsquo;enseignement et de [&hellip;]","protected":false},"author":1,"featured_media":0,"parent":90,"menu_order":0,"comment_status":"open","ping_status":"open","template":"","meta":{"_acf_changed":false,"footnotes":""},"class_list":["post-99","page","type-page","status-publish","hentry"],"acf":[],"yoast_head":"<!-- This site is optimized with the Yoast SEO plugin v27.3 - https:\/\/yoast.com\/product\/yoast-seo-wordpress\/ -->\n<title>DEVENIR MEMBRE - CargoM<\/title>\n<meta name=\"robots\" content=\"index, follow, max-snippet:-1, max-image-preview:large, max-video-preview:-1\" \/>\n<link rel=\"canonical\" href=\"https:\/\/www.cargo-montreal.ca\/fr\/membres\/devenir-membre\/\" \/>\n<meta property=\"og:locale\" content=\"fr_FR\" \/>\n<meta property=\"og:type\" content=\"article\" \/>\n<meta property=\"og:title\" content=\"DEVENIR MEMBRE - CargoM\" \/>\n<meta property=\"og:description\" content=\"Joindre CargoM c&rsquo;est notamment : Faire partie de la communaut\u00e9 de la logistique et du transport de marchandises du Grand Montr\u00e9al qui comprend : Le transport a\u00e9rien Le transport ferroviaire Le transport routier Les interm\u00e9diaires logistiques et les transitaires Les associations et comit\u00e9s sectoriels Les exportateurs, importateurs et grands exp\u00e9diteurs Les institutions d&rsquo;enseignement et de [&hellip;]\" \/>\n<meta property=\"og:url\" content=\"https:\/\/www.cargo-montreal.ca\/fr\/membres\/devenir-membre\/\" \/>\n<meta property=\"og:site_name\" content=\"CargoM\" \/>\n<meta property=\"article:modified_time\" content=\"2026-04-07T14:57:25+00:00\" \/>\n<meta name=\"twitter:card\" content=\"summary_large_image\" \/>\n<meta name=\"twitter:label1\" content=\"Dur\u00e9e de lecture estim\u00e9e\" \/>\n\t<meta name=\"twitter:data1\" content=\"2 minutes\" \/>\n<script type=\"application\/ld+json\" class=\"yoast-schema-graph\">{\"@context\":\"https:\\\/\\\/schema.org\",\"@graph\":[{\"@type\":\"WebPage\",\"@id\":\"https:\\\/\\\/www.cargo-montreal.ca\\\/fr\\\/membres\\\/devenir-membre\\\/\",\"url\":\"https:\\\/\\\/www.cargo-montreal.ca\\\/fr\\\/membres\\\/devenir-membre\\\/\",\"name\":\"DEVENIR MEMBRE - CargoM\",\"isPartOf\":{\"@id\":\"https:\\\/\\\/www.cargo-montreal.ca\\\/fr\\\/#website\"},\"datePublished\":\"2014-12-18T22:48:16+00:00\",\"dateModified\":\"2026-04-07T14:57:25+00:00\",\"breadcrumb\":{\"@id\":\"https:\\\/\\\/www.cargo-montreal.ca\\\/fr\\\/membres\\\/devenir-membre\\\/#breadcrumb\"},\"inLanguage\":\"fr-FR\",\"potentialAction\":[{\"@type\":\"ReadAction\",\"target\":[\"https:\\\/\\\/www.cargo-montreal.ca\\\/fr\\\/membres\\\/devenir-membre\\\/\"]}]},{\"@type\":\"BreadcrumbList\",\"@id\":\"https:\\\/\\\/www.cargo-montreal.ca\\\/fr\\\/membres\\\/devenir-membre\\\/#breadcrumb\",\"itemListElement\":[{\"@type\":\"ListItem\",\"position\":1,\"name\":\"Home\",\"item\":\"https:\\\/\\\/www.cargo-montreal.ca\\\/fr\\\/\"},{\"@type\":\"ListItem\",\"position\":2,\"name\":\"MEMBRES\",\"item\":\"https:\\\/\\\/www.cargo-montreal.ca\\\/fr\\\/membres\\\/\"},{\"@type\":\"ListItem\",\"position\":3,\"name\":\"DEVENIR MEMBRE\"}]},{\"@type\":\"WebSite\",\"@id\":\"https:\\\/\\\/www.cargo-montreal.ca\\\/fr\\\/#website\",\"url\":\"https:\\\/\\\/www.cargo-montreal.ca\\\/fr\\\/\",\"name\":\"CargoM\",\"description\":\"La mission de CargoM: Rassembler les acteurs de la logistique &amp; du transport de marchandises du Grand Montr\u00e9al autour d&#039;objectifs communs, d&#039;actions concert\u00e9es\",\"potentialAction\":[{\"@type\":\"SearchAction\",\"target\":{\"@type\":\"EntryPoint\",\"urlTemplate\":\"https:\\\/\\\/www.cargo-montreal.ca\\\/fr\\\/?s={search_term_string}\"},\"query-input\":{\"@type\":\"PropertyValueSpecification\",\"valueRequired\":true,\"valueName\":\"search_term_string\"}}],\"inLanguage\":\"fr-FR\"}]}<\/script>\n<!-- \/ Yoast SEO plugin. -->","yoast_head_json":{"title":"DEVENIR MEMBRE - CargoM","robots":{"index":"index","follow":"follow","max-snippet":"max-snippet:-1","max-image-preview":"max-image-preview:large","max-video-preview":"max-video-preview:-1"},"canonical":"https:\/\/www.cargo-montreal.ca\/fr\/membres\/devenir-membre\/","og_locale":"fr_FR","og_type":"article","og_title":"DEVENIR MEMBRE - CargoM","og_description":"Joindre CargoM c&rsquo;est notamment : Faire partie de la communaut\u00e9 de la logistique et du transport de marchandises du Grand Montr\u00e9al qui comprend : Le transport a\u00e9rien Le transport ferroviaire Le transport routier Les interm\u00e9diaires logistiques et les transitaires Les associations et comit\u00e9s sectoriels Les exportateurs, importateurs et grands exp\u00e9diteurs Les institutions d&rsquo;enseignement et de [&hellip;]","og_url":"https:\/\/www.cargo-montreal.ca\/fr\/membres\/devenir-membre\/","og_site_name":"CargoM","article_modified_time":"2026-04-07T14:57:25+00:00","twitter_card":"summary_large_image","twitter_misc":{"Dur\u00e9e de lecture estim\u00e9e":"2 minutes"},"schema":{"@context":"https:\/\/schema.org","@graph":[{"@type":"WebPage","@id":"https:\/\/www.cargo-montreal.ca\/fr\/membres\/devenir-membre\/","url":"https:\/\/www.cargo-montreal.ca\/fr\/membres\/devenir-membre\/","name":"DEVENIR MEMBRE - CargoM","isPartOf":{"@id":"https:\/\/www.cargo-montreal.ca\/fr\/#website"},"datePublished":"2014-12-18T22:48:16+00:00","dateModified":"2026-04-07T14:57:25+00:00","breadcrumb":{"@id":"https:\/\/www.cargo-montreal.ca\/fr\/membres\/devenir-membre\/#breadcrumb"},"inLanguage":"fr-FR","potentialAction":[{"@type":"ReadAction","target":["https:\/\/www.cargo-montreal.ca\/fr\/membres\/devenir-membre\/"]}]},{"@type":"BreadcrumbList","@id":"https:\/\/www.cargo-montreal.ca\/fr\/membres\/devenir-membre\/#breadcrumb","itemListElement":[{"@type":"ListItem","position":1,"name":"Home","item":"https:\/\/www.cargo-montreal.ca\/fr\/"},{"@type":"ListItem","position":2,"name":"MEMBRES","item":"https:\/\/www.cargo-montreal.ca\/fr\/membres\/"},{"@type":"ListItem","position":3,"name":"DEVENIR MEMBRE"}]},{"@type":"WebSite","@id":"https:\/\/www.cargo-montreal.ca\/fr\/#website","url":"https:\/\/www.cargo-montreal.ca\/fr\/","name":"CargoM","description":"La mission de CargoM: Rassembler les acteurs de la logistique &amp; du transport de marchandises du Grand Montr\u00e9al autour d&#039;objectifs communs, d&#039;actions concert\u00e9es","potentialAction":[{"@type":"SearchAction","target":{"@type":"EntryPoint","urlTemplate":"https:\/\/www.cargo-montreal.ca\/fr\/?s={search_term_string}"},"query-input":{"@type":"PropertyValueSpecification","valueRequired":true,"valueName":"search_term_string"}}],"inLanguage":"fr-FR"}]}},"_links":{"self":[{"href":"https:\/\/www.cargo-montreal.ca\/fr\/wp-json\/wp\/v2\/pages\/99","targetHints":{"allow":["GET"]}}],"collection":[{"href":"https:\/\/www.cargo-montreal.ca\/fr\/wp-json\/wp\/v2\/pages"}],"about":[{"href":"https:\/\/www.cargo-montreal.ca\/fr\/wp-json\/wp\/v2\/types\/page"}],"author":[{"embeddable":true,"href":"https:\/\/www.cargo-montreal.ca\/fr\/wp-json\/wp\/v2\/users\/1"}],"replies":[{"embeddable":true,"href":"https:\/\/www.cargo-montreal.ca\/fr\/wp-json\/wp\/v2\/comments?post=99"}],"version-history":[{"count":28,"href":"https:\/\/www.cargo-montreal.ca\/fr\/wp-json\/wp\/v2\/pages\/99\/revisions"}],"predecessor-version":[{"id":20339,"href":"https:\/\/www.cargo-montreal.ca\/fr\/wp-json\/wp\/v2\/pages\/99\/revisions\/20339"}],"up":[{"embeddable":true,"href":"https:\/\/www.cargo-montreal.ca\/fr\/wp-json\/wp\/v2\/pages\/90"}],"wp:attachment":[{"href":"https:\/\/www.cargo-montreal.ca\/fr\/wp-json\/wp\/v2\/media?parent=99"}],"curies":[{"name":"wp","href":"https:\/\/api.w.org\/{rel}","templated":true}]}}